{"id":3690095,"date":"2025-10-13T13:41:18","date_gmt":"2025-10-13T17:41:18","guid":{"rendered":"https:\/\/stoic-curie.212-227-153-4.plesk.page\/product\/odvojiva-nehrdajuca-sarka-za-cijev-30mm\/"},"modified":"2026-02-25T00:00:58","modified_gmt":"2026-02-25T00:00:58","slug":"odvojiva-nehrdajuca-sarka-za-cijev-30mm","status":"publish","type":"product","link":"https:\/\/stoic-curie.212-227-153-4.plesk.page\/hr\/product\/odvojiva-nehrdajuca-sarka-za-cijev-30mm\/","title":{"rendered":"Odvojiva nehr\u0111aju\u0107a \u0161arka za cijev 30mm"},"content":{"rendered":"<p>Odvojiva nehr\u0111aju\u0107a \u0161arka za cijev 30mm &#8211; <\/p>\n<p>Nehr\u0111aju\u0107i \u010deli\u010dni spoj za biminije.<\/p>\n","protected":false},"excerpt":{"rendered":"<p>Odvojiva nehr\u0111aju\u0107a \u0161arka za cijev 30mm &#8211; Nehr\u0111aju\u0107i \u010deli\u010dni spoj za biminije.<\/p>\n","protected":false},"featured_media":5943418,"comment_status":"closed","ping_status":"closed","template":"","meta":[],"product_brand":[3121],"product_cat":[1689,1707,1700,1703],"product_tag":[],"class_list":{"0":"post-3690095","1":"product","2":"type-product","3":"status-publish","4":"has-post-thumbnail","6":"product_brand-marinetech-hr","7":"product_cat-bimini-tende","8":"product_cat-brodski-rukohvati","9":"product_cat-elementi-brodskih-rukohvata","10":"product_cat-hardver-za-navlake-i-bimini","12":"first","13":"instock","14":"shipping-taxable","15":"purchasable","16":"product-type-simple"},"_links":{"self":[{"href":"https:\/\/stoic-curie.212-227-153-4.plesk.page\/hr\/wp-json\/wp\/v2\/product\/3690095","targetHints":{"allow":["GET"]}}],"collection":[{"href":"https:\/\/stoic-curie.212-227-153-4.plesk.page\/hr\/wp-json\/wp\/v2\/product"}],"about":[{"href":"https:\/\/stoic-curie.212-227-153-4.plesk.page\/hr\/wp-json\/wp\/v2\/types\/product"}],"replies":[{"embeddable":true,"href":"https:\/\/stoic-curie.212-227-153-4.plesk.page\/hr\/wp-json\/wp\/v2\/comments?post=3690095"}],"version-history":[{"count":0,"href":"https:\/\/stoic-curie.212-227-153-4.plesk.page\/hr\/wp-json\/wp\/v2\/product\/3690095\/revisions"}],"wp:featuredmedia":[{"embeddable":true,"href":"https:\/\/stoic-curie.212-227-153-4.plesk.page\/hr\/wp-json\/wp\/v2\/media\/5943418"}],"wp:attachment":[{"href":"https:\/\/stoic-curie.212-227-153-4.plesk.page\/hr\/wp-json\/wp\/v2\/media?parent=3690095"}],"wp:term":[{"taxonomy":"product_brand","embeddable":true,"href":"https:\/\/stoic-curie.212-227-153-4.plesk.page\/hr\/wp-json\/wp\/v2\/product_brand?post=3690095"},{"taxonomy":"product_cat","embeddable":true,"href":"https:\/\/stoic-curie.212-227-153-4.plesk.page\/hr\/wp-json\/wp\/v2\/product_cat?post=3690095"},{"taxonomy":"product_tag","embeddable":true,"href":"https:\/\/stoic-curie.212-227-153-4.plesk.page\/hr\/wp-json\/wp\/v2\/product_tag?post=3690095"}],"curies":[{"name":"wp","href":"https:\/\/api.w.org\/{rel}","templated":true}]}}