{"id":3690099,"date":"2025-10-13T13:41:19","date_gmt":"2025-10-13T17:41:19","guid":{"rendered":"https:\/\/stoic-curie.212-227-153-4.plesk.page\/product\/koloturnik-od-nehrdajuceg-celika-sprenger-jednostruki-sa-zakretnim-zglobom-26mm-za-konopce-do-6mm\/"},"modified":"2026-02-25T00:00:58","modified_gmt":"2026-02-25T00:00:58","slug":"koloturnik-od-nehrdajuceg-celika-sprenger-jednostruki-sa-zakretnim-zglobom-26mm-za-konopce-do-6mm","status":"publish","type":"product","link":"https:\/\/stoic-curie.212-227-153-4.plesk.page\/hr\/product\/koloturnik-od-nehrdajuceg-celika-sprenger-jednostruki-sa-zakretnim-zglobom-26mm-za-konopce-do-6mm\/","title":{"rendered":"Koloturnik od nehr\u0111aju\u0107eg \u010delika Sprenger jednostruki sa zakretnim zglobom 26mm za konopce do 6mm"},"content":{"rendered":"<p>Koloturnik od nehr\u0111aju\u0107eg \u010delika Sprenger jednostruki sa zakretnim zglobom 26mm za konopce do 6mm &#8211; <\/p>\n<p>HS blokovi s kliznim le\u017eajevima za u\u017eadi do 6 mm. Klizni le\u017eaj: UV otpornoplastika Hi-Q. Promjer kolotura 26 mm: UV otpornoplastika Hi-Q. Bo\u010dne strane: Nehr\u0111aju\u0107i \u010delik. Otpornost na lom: 700 kg.<\/p>\n","protected":false},"excerpt":{"rendered":"<p>Koloturnik od nehr\u0111aju\u0107eg \u010delika Sprenger jednostruki sa zakretnim zglobom 26mm za konopce do 6mm &#8211; HS blokovi s kliznim le\u017eajevima<\/p>\n","protected":false},"featured_media":5939842,"comment_status":"closed","ping_status":"closed","template":"","meta":[],"product_brand":[3431],"product_cat":[1769],"product_tag":[],"class_list":{"0":"post-3690099","1":"product","2":"type-product","3":"status-publish","4":"has-post-thumbnail","6":"product_brand-sprenger-hs-hr","7":"product_cat-koloture-za-jedrilice-sprenger","9":"first","10":"instock","11":"shipping-taxable","12":"purchasable","13":"product-type-simple"},"_links":{"self":[{"href":"https:\/\/stoic-curie.212-227-153-4.plesk.page\/hr\/wp-json\/wp\/v2\/product\/3690099","targetHints":{"allow":["GET"]}}],"collection":[{"href":"https:\/\/stoic-curie.212-227-153-4.plesk.page\/hr\/wp-json\/wp\/v2\/product"}],"about":[{"href":"https:\/\/stoic-curie.212-227-153-4.plesk.page\/hr\/wp-json\/wp\/v2\/types\/product"}],"replies":[{"embeddable":true,"href":"https:\/\/stoic-curie.212-227-153-4.plesk.page\/hr\/wp-json\/wp\/v2\/comments?post=3690099"}],"version-history":[{"count":0,"href":"https:\/\/stoic-curie.212-227-153-4.plesk.page\/hr\/wp-json\/wp\/v2\/product\/3690099\/revisions"}],"wp:featuredmedia":[{"embeddable":true,"href":"https:\/\/stoic-curie.212-227-153-4.plesk.page\/hr\/wp-json\/wp\/v2\/media\/5939842"}],"wp:attachment":[{"href":"https:\/\/stoic-curie.212-227-153-4.plesk.page\/hr\/wp-json\/wp\/v2\/media?parent=3690099"}],"wp:term":[{"taxonomy":"product_brand","embeddable":true,"href":"https:\/\/stoic-curie.212-227-153-4.plesk.page\/hr\/wp-json\/wp\/v2\/product_brand?post=3690099"},{"taxonomy":"product_cat","embeddable":true,"href":"https:\/\/stoic-curie.212-227-153-4.plesk.page\/hr\/wp-json\/wp\/v2\/product_cat?post=3690099"},{"taxonomy":"product_tag","embeddable":true,"href":"https:\/\/stoic-curie.212-227-153-4.plesk.page\/hr\/wp-json\/wp\/v2\/product_tag?post=3690099"}],"curies":[{"name":"wp","href":"https:\/\/api.w.org\/{rel}","templated":true}]}}