{"id":3690102,"date":"2025-10-13T13:41:20","date_gmt":"2025-10-13T17:41:20","guid":{"rendered":"https:\/\/stoic-curie.212-227-153-4.plesk.page\/product\/trostruka-kolotura-s-v-stezaljkom-i-beckettovim-spagetom-od-26-mm-za-konop-do-6-mm\/"},"modified":"2026-02-25T00:00:58","modified_gmt":"2026-02-25T00:00:58","slug":"trostruka-kolotura-s-v-stezaljkom-i-beckettovim-spagetom-od-26-mm-za-konop-do-6-mm","status":"publish","type":"product","link":"https:\/\/stoic-curie.212-227-153-4.plesk.page\/hr\/product\/trostruka-kolotura-s-v-stezaljkom-i-beckettovim-spagetom-od-26-mm-za-konop-do-6-mm\/","title":{"rendered":"Trostruka kolotura s V-stezaljkom i Beckettovim \u0161pagetom od 26 mm za konop do 6 mm"},"content":{"rendered":"<p>Trostruka kolotura s V-stezaljkom i Beckettovim \u0161pagetom od 26 mm za konop do 6 mm &#8211; <\/p>\n<p>Klizni le\u017eajevi HS blokovi za u\u017ead do 6 mm. Klizni le\u017eaj: UV otporna Hi-Q plastika. Promjer povratne koloture 26 mm: UV otporna Hi-Q plastika. Bokovi: nehr\u0111aju\u0107i \u010delik. Maksimalno optere\u0107enje: 700 kg.<\/p>\n","protected":false},"excerpt":{"rendered":"<p>Trostruka kolotura s V-stezaljkom i Beckettovim \u0161pagetom od 26 mm za konop do 6 mm &#8211; Klizni le\u017eajevi HS blokovi<\/p>\n","protected":false},"featured_media":5939842,"comment_status":"closed","ping_status":"closed","template":"","meta":[],"product_brand":[3431],"product_cat":[1769],"product_tag":[],"class_list":{"0":"post-3690102","1":"product","2":"type-product","3":"status-publish","4":"has-post-thumbnail","6":"product_brand-sprenger-hs-hr","7":"product_cat-koloture-za-jedrilice-sprenger","9":"first","10":"instock","11":"shipping-taxable","12":"purchasable","13":"product-type-simple"},"_links":{"self":[{"href":"https:\/\/stoic-curie.212-227-153-4.plesk.page\/hr\/wp-json\/wp\/v2\/product\/3690102","targetHints":{"allow":["GET"]}}],"collection":[{"href":"https:\/\/stoic-curie.212-227-153-4.plesk.page\/hr\/wp-json\/wp\/v2\/product"}],"about":[{"href":"https:\/\/stoic-curie.212-227-153-4.plesk.page\/hr\/wp-json\/wp\/v2\/types\/product"}],"replies":[{"embeddable":true,"href":"https:\/\/stoic-curie.212-227-153-4.plesk.page\/hr\/wp-json\/wp\/v2\/comments?post=3690102"}],"version-history":[{"count":0,"href":"https:\/\/stoic-curie.212-227-153-4.plesk.page\/hr\/wp-json\/wp\/v2\/product\/3690102\/revisions"}],"wp:featuredmedia":[{"embeddable":true,"href":"https:\/\/stoic-curie.212-227-153-4.plesk.page\/hr\/wp-json\/wp\/v2\/media\/5939842"}],"wp:attachment":[{"href":"https:\/\/stoic-curie.212-227-153-4.plesk.page\/hr\/wp-json\/wp\/v2\/media?parent=3690102"}],"wp:term":[{"taxonomy":"product_brand","embeddable":true,"href":"https:\/\/stoic-curie.212-227-153-4.plesk.page\/hr\/wp-json\/wp\/v2\/product_brand?post=3690102"},{"taxonomy":"product_cat","embeddable":true,"href":"https:\/\/stoic-curie.212-227-153-4.plesk.page\/hr\/wp-json\/wp\/v2\/product_cat?post=3690102"},{"taxonomy":"product_tag","embeddable":true,"href":"https:\/\/stoic-curie.212-227-153-4.plesk.page\/hr\/wp-json\/wp\/v2\/product_tag?post=3690102"}],"curies":[{"name":"wp","href":"https:\/\/api.w.org\/{rel}","templated":true}]}}