{"id":3690104,"date":"2025-10-13T13:41:21","date_gmt":"2025-10-13T17:41:21","guid":{"rendered":"https:\/\/stoic-curie.212-227-153-4.plesk.page\/product\/jednostruki-sprenger-koloturnik-od-nehrdajuceg-celika-sa-zakretnim-zglobom-i-nosacem-19-mm-za-uzad-do-6-mm\/"},"modified":"2026-02-25T00:00:58","modified_gmt":"2026-02-25T00:00:58","slug":"jednostruki-sprenger-koloturnik-od-nehrdajuceg-celika-sa-zakretnim-zglobom-i-nosacem-19-mm-za-uzad-do-6-mm","status":"publish","type":"product","link":"https:\/\/stoic-curie.212-227-153-4.plesk.page\/hr\/product\/jednostruki-sprenger-koloturnik-od-nehrdajuceg-celika-sa-zakretnim-zglobom-i-nosacem-19-mm-za-uzad-do-6-mm\/","title":{"rendered":"Jednostruki Sprenger koloturnik od nehr\u0111aju\u0107eg \u010delika sa zakretnim zglobom i nosacem 19 mm za u\u017ead do 6 mm"},"content":{"rendered":"<p>Jednostruki Sprenger koloturnik od nehr\u0111aju\u0107eg \u010delika sa zakretnim zglobom i nosacem 19 mm za u\u017ead do 6 mm &#8211; <\/p>\n<p>Kugli\u010dni le\u017eajevi HS blokovi za konopce do 6 mm. Kugli\u010dni le\u017eajevi: Nehr\u0111aju\u0107i \u010delik. Promjer kolotura 19 mm: UV otporna Hi-Q plastika. Stranice: Nehr\u0111aju\u0107i \u010delik. Razorna sila: 450 kg.<\/p>\n","protected":false},"excerpt":{"rendered":"<p>Jednostruki Sprenger koloturnik od nehr\u0111aju\u0107eg \u010delika sa zakretnim zglobom i nosacem 19 mm za u\u017ead do 6 mm &#8211; Kugli\u010dni<\/p>\n","protected":false},"featured_media":5939843,"comment_status":"closed","ping_status":"closed","template":"","meta":[],"product_brand":[3431],"product_cat":[1769],"product_tag":[],"class_list":{"0":"post-3690104","1":"product","2":"type-product","3":"status-publish","4":"has-post-thumbnail","6":"product_brand-sprenger-hs-hr","7":"product_cat-koloture-za-jedrilice-sprenger","9":"first","10":"instock","11":"shipping-taxable","12":"purchasable","13":"product-type-simple"},"_links":{"self":[{"href":"https:\/\/stoic-curie.212-227-153-4.plesk.page\/hr\/wp-json\/wp\/v2\/product\/3690104","targetHints":{"allow":["GET"]}}],"collection":[{"href":"https:\/\/stoic-curie.212-227-153-4.plesk.page\/hr\/wp-json\/wp\/v2\/product"}],"about":[{"href":"https:\/\/stoic-curie.212-227-153-4.plesk.page\/hr\/wp-json\/wp\/v2\/types\/product"}],"replies":[{"embeddable":true,"href":"https:\/\/stoic-curie.212-227-153-4.plesk.page\/hr\/wp-json\/wp\/v2\/comments?post=3690104"}],"version-history":[{"count":0,"href":"https:\/\/stoic-curie.212-227-153-4.plesk.page\/hr\/wp-json\/wp\/v2\/product\/3690104\/revisions"}],"wp:featuredmedia":[{"embeddable":true,"href":"https:\/\/stoic-curie.212-227-153-4.plesk.page\/hr\/wp-json\/wp\/v2\/media\/5939843"}],"wp:attachment":[{"href":"https:\/\/stoic-curie.212-227-153-4.plesk.page\/hr\/wp-json\/wp\/v2\/media?parent=3690104"}],"wp:term":[{"taxonomy":"product_brand","embeddable":true,"href":"https:\/\/stoic-curie.212-227-153-4.plesk.page\/hr\/wp-json\/wp\/v2\/product_brand?post=3690104"},{"taxonomy":"product_cat","embeddable":true,"href":"https:\/\/stoic-curie.212-227-153-4.plesk.page\/hr\/wp-json\/wp\/v2\/product_cat?post=3690104"},{"taxonomy":"product_tag","embeddable":true,"href":"https:\/\/stoic-curie.212-227-153-4.plesk.page\/hr\/wp-json\/wp\/v2\/product_tag?post=3690104"}],"curies":[{"name":"wp","href":"https:\/\/api.w.org\/{rel}","templated":true}]}}