{"id":3690112,"date":"2025-10-13T13:41:23","date_gmt":"2025-10-13T17:41:23","guid":{"rendered":"https:\/\/stoic-curie.212-227-153-4.plesk.page\/product\/sprenger-micro-uuspravna-kolotura-s-oprugom\/"},"modified":"2026-02-25T00:00:58","modified_gmt":"2026-02-25T00:00:58","slug":"sprenger-micro-uuspravna-kolotura-s-oprugom","status":"publish","type":"product","link":"https:\/\/stoic-curie.212-227-153-4.plesk.page\/hr\/product\/sprenger-micro-uuspravna-kolotura-s-oprugom\/","title":{"rendered":"Sprenger Micro Uuspravna kolotura s oprugom"},"content":{"rendered":"<p>Sprenger Micro Uuspravna kolotura s oprugom &#8211; <\/p>\n<p>HS blokovi s kugli\u010dnim le\u017eajevima za \u010deli\u010dne \u017eice i Dyneema trake do 4 mm. Kugli\u010dni le\u017eajevi: nehr\u0111aju\u0107i \u010delik. Promjer kolotura 19 mm: nehr\u0111aju\u0107i \u010delik. Vijke: nehr\u0111aju\u0107i \u010delik. Prelomno optere\u0107enje: 450 kg.<\/p>\n","protected":false},"excerpt":{"rendered":"<p>Sprenger Micro Uuspravna kolotura s oprugom &#8211; HS blokovi s kugli\u010dnim le\u017eajevima za \u010deli\u010dne \u017eice i Dyneema trake do 4<\/p>\n","protected":false},"featured_media":5939843,"comment_status":"closed","ping_status":"closed","template":"","meta":[],"product_brand":[3431],"product_cat":[1769],"product_tag":[],"class_list":{"0":"post-3690112","1":"product","2":"type-product","3":"status-publish","4":"has-post-thumbnail","6":"product_brand-sprenger-hs-hr","7":"product_cat-koloture-za-jedrilice-sprenger","9":"first","10":"instock","11":"shipping-taxable","12":"purchasable","13":"product-type-simple"},"_links":{"self":[{"href":"https:\/\/stoic-curie.212-227-153-4.plesk.page\/hr\/wp-json\/wp\/v2\/product\/3690112","targetHints":{"allow":["GET"]}}],"collection":[{"href":"https:\/\/stoic-curie.212-227-153-4.plesk.page\/hr\/wp-json\/wp\/v2\/product"}],"about":[{"href":"https:\/\/stoic-curie.212-227-153-4.plesk.page\/hr\/wp-json\/wp\/v2\/types\/product"}],"replies":[{"embeddable":true,"href":"https:\/\/stoic-curie.212-227-153-4.plesk.page\/hr\/wp-json\/wp\/v2\/comments?post=3690112"}],"version-history":[{"count":0,"href":"https:\/\/stoic-curie.212-227-153-4.plesk.page\/hr\/wp-json\/wp\/v2\/product\/3690112\/revisions"}],"wp:featuredmedia":[{"embeddable":true,"href":"https:\/\/stoic-curie.212-227-153-4.plesk.page\/hr\/wp-json\/wp\/v2\/media\/5939843"}],"wp:attachment":[{"href":"https:\/\/stoic-curie.212-227-153-4.plesk.page\/hr\/wp-json\/wp\/v2\/media?parent=3690112"}],"wp:term":[{"taxonomy":"product_brand","embeddable":true,"href":"https:\/\/stoic-curie.212-227-153-4.plesk.page\/hr\/wp-json\/wp\/v2\/product_brand?post=3690112"},{"taxonomy":"product_cat","embeddable":true,"href":"https:\/\/stoic-curie.212-227-153-4.plesk.page\/hr\/wp-json\/wp\/v2\/product_cat?post=3690112"},{"taxonomy":"product_tag","embeddable":true,"href":"https:\/\/stoic-curie.212-227-153-4.plesk.page\/hr\/wp-json\/wp\/v2\/product_tag?post=3690112"}],"curies":[{"name":"wp","href":"https:\/\/api.w.org\/{rel}","templated":true}]}}