{"id":3690113,"date":"2025-10-13T13:41:24","date_gmt":"2025-10-13T17:41:24","guid":{"rendered":"https:\/\/stoic-curie.212-227-153-4.plesk.page\/product\/koloturnik-jednostruki-sa-skopcem-sprenger-28mm-za-konop-do-8mm\/"},"modified":"2026-02-25T00:00:58","modified_gmt":"2026-02-25T00:00:58","slug":"koloturnik-jednostruki-sa-skopcem-sprenger-28mm-za-konop-do-8mm","status":"publish","type":"product","link":"https:\/\/stoic-curie.212-227-153-4.plesk.page\/hr\/product\/koloturnik-jednostruki-sa-skopcem-sprenger-28mm-za-konop-do-8mm\/","title":{"rendered":"Koloturnik jednostruki sa \u0161kopcem Sprenger 28mm za konop do 8mm"},"content":{"rendered":"<p>Koloturnik jednostruki sa \u0161kopcem Sprenger 28mm za konop do 8mm &#8211; <\/p>\n<p>Kugli\u010dni le\u017eajevi HS blokovi za u\u017ee do 8 mm. Kugli\u010dni le\u017eajevi: Nehr\u0111aju\u0107i \u010delik. Promjer kolotura 28 mm: UV-otporna Hi-Q plastika. Stranice: UV-otporna Hi-Q plastika i \u010deli\u010dne trake. Otpornost na kidanje: 600 kg.<\/p>\n","protected":false},"excerpt":{"rendered":"<p>Koloturnik jednostruki sa \u0161kopcem Sprenger 28mm za konop do 8mm &#8211; Kugli\u010dni le\u017eajevi HS blokovi za u\u017ee do 8 mm.<\/p>\n","protected":false},"featured_media":5943426,"comment_status":"closed","ping_status":"closed","template":"","meta":[],"product_brand":[3431],"product_cat":[1769],"product_tag":[],"class_list":{"0":"post-3690113","1":"product","2":"type-product","3":"status-publish","4":"has-post-thumbnail","6":"product_brand-sprenger-hs-hr","7":"product_cat-koloture-za-jedrilice-sprenger","9":"first","10":"instock","11":"shipping-taxable","12":"purchasable","13":"product-type-simple"},"_links":{"self":[{"href":"https:\/\/stoic-curie.212-227-153-4.plesk.page\/hr\/wp-json\/wp\/v2\/product\/3690113","targetHints":{"allow":["GET"]}}],"collection":[{"href":"https:\/\/stoic-curie.212-227-153-4.plesk.page\/hr\/wp-json\/wp\/v2\/product"}],"about":[{"href":"https:\/\/stoic-curie.212-227-153-4.plesk.page\/hr\/wp-json\/wp\/v2\/types\/product"}],"replies":[{"embeddable":true,"href":"https:\/\/stoic-curie.212-227-153-4.plesk.page\/hr\/wp-json\/wp\/v2\/comments?post=3690113"}],"version-history":[{"count":0,"href":"https:\/\/stoic-curie.212-227-153-4.plesk.page\/hr\/wp-json\/wp\/v2\/product\/3690113\/revisions"}],"wp:featuredmedia":[{"embeddable":true,"href":"https:\/\/stoic-curie.212-227-153-4.plesk.page\/hr\/wp-json\/wp\/v2\/media\/5943426"}],"wp:attachment":[{"href":"https:\/\/stoic-curie.212-227-153-4.plesk.page\/hr\/wp-json\/wp\/v2\/media?parent=3690113"}],"wp:term":[{"taxonomy":"product_brand","embeddable":true,"href":"https:\/\/stoic-curie.212-227-153-4.plesk.page\/hr\/wp-json\/wp\/v2\/product_brand?post=3690113"},{"taxonomy":"product_cat","embeddable":true,"href":"https:\/\/stoic-curie.212-227-153-4.plesk.page\/hr\/wp-json\/wp\/v2\/product_cat?post=3690113"},{"taxonomy":"product_tag","embeddable":true,"href":"https:\/\/stoic-curie.212-227-153-4.plesk.page\/hr\/wp-json\/wp\/v2\/product_tag?post=3690113"}],"curies":[{"name":"wp","href":"https:\/\/api.w.org\/{rel}","templated":true}]}}