{"id":3690118,"date":"2025-10-13T13:41:25","date_gmt":"2025-10-13T17:41:25","guid":{"rendered":"https:\/\/stoic-curie.212-227-153-4.plesk.page\/product\/violinska-kolotura-sprenger-50mm-za-konop-do-12mm-2\/"},"modified":"2026-02-25T00:00:58","modified_gmt":"2026-02-25T00:00:58","slug":"violinska-kolotura-sprenger-50mm-za-konop-do-12mm-2","status":"publish","type":"product","link":"https:\/\/stoic-curie.212-227-153-4.plesk.page\/hr\/product\/violinska-kolotura-sprenger-50mm-za-konop-do-12mm-2\/","title":{"rendered":"Violinska kolotura, Sprenger 50mm za konop do 12mm"},"content":{"rendered":"<p>Violinska kolotura, Sprenger 50mm za konop do 12mm &#8211; <\/p>\n<p>HS blokovi kliznog le\u017eaja za u\u017ead do 12 mm. Klizni le\u017eaj: UV-otporna Hi-Q plastika. Promjer kolotura 50 mm: UV-otporna Hi-Q plastika. Bo\u010dne strane: UV-otporna Hi-Q plastika i nehr\u0111aju\u0107i \u010delik. Vu\u010dna sila: 1000 Kg.<\/p>\n","protected":false},"excerpt":{"rendered":"<p>Violinska kolotura, Sprenger 50mm za konop do 12mm &#8211; HS blokovi kliznog le\u017eaja za u\u017ead do 12 mm. Klizni le\u017eaj:<\/p>\n","protected":false},"featured_media":5943430,"comment_status":"closed","ping_status":"closed","template":"","meta":[],"product_brand":[3431],"product_cat":[1769],"product_tag":[],"class_list":{"0":"post-3690118","1":"product","2":"type-product","3":"status-publish","4":"has-post-thumbnail","6":"product_brand-sprenger-hs-hr","7":"product_cat-koloture-za-jedrilice-sprenger","9":"first","10":"instock","11":"shipping-taxable","12":"purchasable","13":"product-type-simple"},"_links":{"self":[{"href":"https:\/\/stoic-curie.212-227-153-4.plesk.page\/hr\/wp-json\/wp\/v2\/product\/3690118","targetHints":{"allow":["GET"]}}],"collection":[{"href":"https:\/\/stoic-curie.212-227-153-4.plesk.page\/hr\/wp-json\/wp\/v2\/product"}],"about":[{"href":"https:\/\/stoic-curie.212-227-153-4.plesk.page\/hr\/wp-json\/wp\/v2\/types\/product"}],"replies":[{"embeddable":true,"href":"https:\/\/stoic-curie.212-227-153-4.plesk.page\/hr\/wp-json\/wp\/v2\/comments?post=3690118"}],"version-history":[{"count":0,"href":"https:\/\/stoic-curie.212-227-153-4.plesk.page\/hr\/wp-json\/wp\/v2\/product\/3690118\/revisions"}],"wp:featuredmedia":[{"embeddable":true,"href":"https:\/\/stoic-curie.212-227-153-4.plesk.page\/hr\/wp-json\/wp\/v2\/media\/5943430"}],"wp:attachment":[{"href":"https:\/\/stoic-curie.212-227-153-4.plesk.page\/hr\/wp-json\/wp\/v2\/media?parent=3690118"}],"wp:term":[{"taxonomy":"product_brand","embeddable":true,"href":"https:\/\/stoic-curie.212-227-153-4.plesk.page\/hr\/wp-json\/wp\/v2\/product_brand?post=3690118"},{"taxonomy":"product_cat","embeddable":true,"href":"https:\/\/stoic-curie.212-227-153-4.plesk.page\/hr\/wp-json\/wp\/v2\/product_cat?post=3690118"},{"taxonomy":"product_tag","embeddable":true,"href":"https:\/\/stoic-curie.212-227-153-4.plesk.page\/hr\/wp-json\/wp\/v2\/product_tag?post=3690118"}],"curies":[{"name":"wp","href":"https:\/\/api.w.org\/{rel}","templated":true}]}}