{"id":3690119,"date":"2025-10-13T13:41:25","date_gmt":"2025-10-13T17:41:25","guid":{"rendered":"https:\/\/stoic-curie.212-227-153-4.plesk.page\/product\/pvc-terminal-za-t-tracnicu-antal-32mm\/"},"modified":"2026-02-25T00:00:58","modified_gmt":"2026-02-25T00:00:58","slug":"pvc-terminal-za-t-tracnicu-antal-32mm","status":"publish","type":"product","link":"https:\/\/stoic-curie.212-227-153-4.plesk.page\/hr\/product\/pvc-terminal-za-t-tracnicu-antal-32mm\/","title":{"rendered":"Pvc terminal za T-tracnicu Antal 32mm"},"content":{"rendered":"<p>Pvc terminal za T-tracnicu Antal 32mm &#8211; <\/p>\n<p>Crni bru\u0161eni aluminijski kolotur s niskotla\u010dnim najlonskim ulo\u0161cima. Okretna (\u00c2\u00b150\u00c2\u00b0) baza kota\u010di\u0107a od nehr\u0111aju\u0107eg \u010delika 316. Kola\u010d od smole s 2 bo\u010dna (samo\u010duvaju\u0107a) kugli\u010dna le\u017eaja, \u0161iroka sekcija za dva u\u017eeta. Pin od nehr\u0111aju\u0107eg \u010delika 316 s pozicijom zaklju\u010davanja. Prednji becket. <br \/> Radno optere\u0107enje (SWL) 2800 kg. <br \/> T-tra\u010dnica s otvorima razmaknutim 100 mm. <br \/> Visoko otporni anodizirani aluminij. <br \/> Monta\u017ea s vijkovima od 6 mm.<\/p>\n","protected":false},"excerpt":{"rendered":"<p>Pvc terminal za T-tracnicu Antal 32mm &#8211; Crni bru\u0161eni aluminijski kolotur s niskotla\u010dnim najlonskim ulo\u0161cima. Okretna (\u00c2\u00b150\u00c2\u00b0) baza kota\u010di\u0107a od<\/p>\n","protected":false},"featured_media":5940013,"comment_status":"closed","ping_status":"closed","template":"","meta":[],"product_brand":[2786],"product_cat":[1759],"product_tag":[],"class_list":{"0":"post-3690119","1":"product","2":"type-product","3":"status-publish","4":"has-post-thumbnail","6":"product_brand-antal-hr","7":"product_cat-sustavi-klizaca-genove","9":"first","10":"outofstock","11":"shipping-taxable","12":"purchasable","13":"product-type-simple"},"_links":{"self":[{"href":"https:\/\/stoic-curie.212-227-153-4.plesk.page\/hr\/wp-json\/wp\/v2\/product\/3690119","targetHints":{"allow":["GET"]}}],"collection":[{"href":"https:\/\/stoic-curie.212-227-153-4.plesk.page\/hr\/wp-json\/wp\/v2\/product"}],"about":[{"href":"https:\/\/stoic-curie.212-227-153-4.plesk.page\/hr\/wp-json\/wp\/v2\/types\/product"}],"replies":[{"embeddable":true,"href":"https:\/\/stoic-curie.212-227-153-4.plesk.page\/hr\/wp-json\/wp\/v2\/comments?post=3690119"}],"version-history":[{"count":0,"href":"https:\/\/stoic-curie.212-227-153-4.plesk.page\/hr\/wp-json\/wp\/v2\/product\/3690119\/revisions"}],"wp:featuredmedia":[{"embeddable":true,"href":"https:\/\/stoic-curie.212-227-153-4.plesk.page\/hr\/wp-json\/wp\/v2\/media\/5940013"}],"wp:attachment":[{"href":"https:\/\/stoic-curie.212-227-153-4.plesk.page\/hr\/wp-json\/wp\/v2\/media?parent=3690119"}],"wp:term":[{"taxonomy":"product_brand","embeddable":true,"href":"https:\/\/stoic-curie.212-227-153-4.plesk.page\/hr\/wp-json\/wp\/v2\/product_brand?post=3690119"},{"taxonomy":"product_cat","embeddable":true,"href":"https:\/\/stoic-curie.212-227-153-4.plesk.page\/hr\/wp-json\/wp\/v2\/product_cat?post=3690119"},{"taxonomy":"product_tag","embeddable":true,"href":"https:\/\/stoic-curie.212-227-153-4.plesk.page\/hr\/wp-json\/wp\/v2\/product_tag?post=3690119"}],"curies":[{"name":"wp","href":"https:\/\/api.w.org\/{rel}","templated":true}]}}