{"id":3690124,"date":"2025-10-13T13:41:27","date_gmt":"2025-10-13T17:41:27","guid":{"rendered":"https:\/\/stoic-curie.212-227-153-4.plesk.page\/product\/pramcani-bokobran-bb2-maxi-plavi\/"},"modified":"2026-02-25T00:00:58","modified_gmt":"2026-02-25T00:00:58","slug":"pramcani-bokobran-bb2-maxi-plavi","status":"publish","type":"product","link":"https:\/\/stoic-curie.212-227-153-4.plesk.page\/hr\/product\/pramcani-bokobran-bb2-maxi-plavi\/","title":{"rendered":"Pram\u010dani bokobran BB2 Maxi plavi"},"content":{"rendered":"<p>Pram\u010dani bokobran BB2 Maxi plavi &#8211; <\/p>\n<p>\u010cvrsti PVC za\u0161titnik s tri oja\u010dane u\u0161ke.<\/p>\n","protected":false},"excerpt":{"rendered":"<p>Pram\u010dani bokobran BB2 Maxi plavi &#8211; \u010cvrsti PVC za\u0161titnik s tri oja\u010dane u\u0161ke.<\/p>\n","protected":false},"featured_media":5940042,"comment_status":"closed","ping_status":"closed","template":"","meta":[],"product_brand":[3091],"product_cat":[1848],"product_tag":[],"class_list":{"0":"post-3690124","1":"product","2":"type-product","3":"status-publish","4":"has-post-thumbnail","6":"product_brand-majoni-hr","7":"product_cat-brodski-bokobrani","9":"first","10":"instock","11":"shipping-taxable","12":"purchasable","13":"product-type-simple"},"_links":{"self":[{"href":"https:\/\/stoic-curie.212-227-153-4.plesk.page\/hr\/wp-json\/wp\/v2\/product\/3690124","targetHints":{"allow":["GET"]}}],"collection":[{"href":"https:\/\/stoic-curie.212-227-153-4.plesk.page\/hr\/wp-json\/wp\/v2\/product"}],"about":[{"href":"https:\/\/stoic-curie.212-227-153-4.plesk.page\/hr\/wp-json\/wp\/v2\/types\/product"}],"replies":[{"embeddable":true,"href":"https:\/\/stoic-curie.212-227-153-4.plesk.page\/hr\/wp-json\/wp\/v2\/comments?post=3690124"}],"version-history":[{"count":0,"href":"https:\/\/stoic-curie.212-227-153-4.plesk.page\/hr\/wp-json\/wp\/v2\/product\/3690124\/revisions"}],"wp:featuredmedia":[{"embeddable":true,"href":"https:\/\/stoic-curie.212-227-153-4.plesk.page\/hr\/wp-json\/wp\/v2\/media\/5940042"}],"wp:attachment":[{"href":"https:\/\/stoic-curie.212-227-153-4.plesk.page\/hr\/wp-json\/wp\/v2\/media?parent=3690124"}],"wp:term":[{"taxonomy":"product_brand","embeddable":true,"href":"https:\/\/stoic-curie.212-227-153-4.plesk.page\/hr\/wp-json\/wp\/v2\/product_brand?post=3690124"},{"taxonomy":"product_cat","embeddable":true,"href":"https:\/\/stoic-curie.212-227-153-4.plesk.page\/hr\/wp-json\/wp\/v2\/product_cat?post=3690124"},{"taxonomy":"product_tag","embeddable":true,"href":"https:\/\/stoic-curie.212-227-153-4.plesk.page\/hr\/wp-json\/wp\/v2\/product_tag?post=3690124"}],"curies":[{"name":"wp","href":"https:\/\/api.w.org\/{rel}","templated":true}]}}