{"id":3690131,"date":"2025-10-13T13:41:29","date_gmt":"2025-10-13T17:41:29","guid":{"rendered":"https:\/\/stoic-curie.212-227-153-4.plesk.page\/product\/fendress-navlaka-za-bokobran-a1-crna\/"},"modified":"2026-02-25T00:00:58","modified_gmt":"2026-02-25T00:00:58","slug":"fendress-navlaka-za-bokobran-a1-crna","status":"publish","type":"product","link":"https:\/\/stoic-curie.212-227-153-4.plesk.page\/hr\/product\/fendress-navlaka-za-bokobran-a1-crna\/","title":{"rendered":"Fendress navlaka za bokobran A1 crna"},"content":{"rendered":"<p>Fendress navlaka za bokobran A1 crna &#8211; <\/p>\n<p>Ru\u010dne izra\u0111ene Fendress fender navlake od mekane flanele. Premium za\u0161tita za va\u0161e fendere, dok istovremeno eliminira \u0161kripanje i ogrebotine. Mekane i izdr\u017eljive, ove navlake efikasno \u0161tite va\u0161u gel-coat boju i produ\u017euju vijek trajanja va\u0161ih fendera.<\/p>\n<p>\u2022 &#8220;Fendress Covers&#8221; su 100% akrilne, ru\u010dno ra\u0111ene, visokokvalitetne, otporne i neabrazivne pletene navlake. Mekane, pli\u0161ane fleece navlake nude ultimativnu za\u0161titu za va\u0161u gornju stranu. \u2022 &#8220;Fendress Covers&#8221; su otporne na UV zrake i more, efikasno \u0161tite\u0107i va\u0161u gel-coat boju od ogrebotina i abrazija. \u010cvrsta i robusna flanel tkanina sadr\u017ei sve najbolje karakteristike, uklju\u010duju\u0107i otpornost na kidanje i abraziju, brzo su\u0161enje i lako uklanjanje za pranje. \u2022 &#8220;Fendress Covers&#8221; produ\u017euju vijek trajanja va\u0161ih fendera i elimini\u0161u iritantno \u0161kripanje. Boje otporne na UV ne ostavljaju tragove na va\u0161oj gornjoj strani. Perivo u ma\u0161ini. \u2022 &#8220;Fendress Covers&#8221; imaju visokoupregnuti gornji deo i elasti\u010dni donji rub koji omogu\u0107ava prilago\u0111eno pristajanje za sve vrste fendera. Navlake su dostupne u 9 boja.<\/p>\n","protected":false},"excerpt":{"rendered":"<p>Fendress navlaka za bokobran A1 crna &#8211; Ru\u010dne izra\u0111ene Fendress fender navlake od mekane flanele. Premium za\u0161tita za va\u0161e fendere,<\/p>\n","protected":false},"featured_media":5943435,"comment_status":"closed","ping_status":"closed","template":"","meta":[],"product_brand":[2936],"product_cat":[1851],"product_tag":[],"class_list":{"0":"post-3690131","1":"product","2":"type-product","3":"status-publish","4":"has-post-thumbnail","6":"product_brand-fendress-hr","7":"product_cat-navlake-za-bokobrane","9":"first","10":"instock","11":"shipping-taxable","12":"purchasable","13":"product-type-simple"},"_links":{"self":[{"href":"https:\/\/stoic-curie.212-227-153-4.plesk.page\/hr\/wp-json\/wp\/v2\/product\/3690131","targetHints":{"allow":["GET"]}}],"collection":[{"href":"https:\/\/stoic-curie.212-227-153-4.plesk.page\/hr\/wp-json\/wp\/v2\/product"}],"about":[{"href":"https:\/\/stoic-curie.212-227-153-4.plesk.page\/hr\/wp-json\/wp\/v2\/types\/product"}],"replies":[{"embeddable":true,"href":"https:\/\/stoic-curie.212-227-153-4.plesk.page\/hr\/wp-json\/wp\/v2\/comments?post=3690131"}],"version-history":[{"count":0,"href":"https:\/\/stoic-curie.212-227-153-4.plesk.page\/hr\/wp-json\/wp\/v2\/product\/3690131\/revisions"}],"wp:featuredmedia":[{"embeddable":true,"href":"https:\/\/stoic-curie.212-227-153-4.plesk.page\/hr\/wp-json\/wp\/v2\/media\/5943435"}],"wp:attachment":[{"href":"https:\/\/stoic-curie.212-227-153-4.plesk.page\/hr\/wp-json\/wp\/v2\/media?parent=3690131"}],"wp:term":[{"taxonomy":"product_brand","embeddable":true,"href":"https:\/\/stoic-curie.212-227-153-4.plesk.page\/hr\/wp-json\/wp\/v2\/product_brand?post=3690131"},{"taxonomy":"product_cat","embeddable":true,"href":"https:\/\/stoic-curie.212-227-153-4.plesk.page\/hr\/wp-json\/wp\/v2\/product_cat?post=3690131"},{"taxonomy":"product_tag","embeddable":true,"href":"https:\/\/stoic-curie.212-227-153-4.plesk.page\/hr\/wp-json\/wp\/v2\/product_tag?post=3690131"}],"curies":[{"name":"wp","href":"https:\/\/api.w.org\/{rel}","templated":true}]}}