{"id":3690133,"date":"2025-10-13T13:41:29","date_gmt":"2025-10-13T17:41:29","guid":{"rendered":"https:\/\/stoic-curie.212-227-153-4.plesk.page\/product\/fendress-navlaka-za-bokobran-a1-mekana-siva\/"},"modified":"2026-02-25T00:00:58","modified_gmt":"2026-02-25T00:00:58","slug":"fendress-navlaka-za-bokobran-a1-mekana-siva","status":"publish","type":"product","link":"https:\/\/stoic-curie.212-227-153-4.plesk.page\/hr\/product\/fendress-navlaka-za-bokobran-a1-mekana-siva\/","title":{"rendered":"Fendress navlaka za bokobran A1 mekana siva"},"content":{"rendered":"<p>Fendress navlaka za bokobran A1 mekana siva &#8211; <\/p>\n<p>Pli\u0161ane fleece ru\u010dno ra\u0111ene Fendress za\u0161tite za fendere. Premium za\u0161tita za va\u0161e fendere, uz eliminaciju \u0161kripa i ogrebotina. Nje\u017eno i izdr\u017eljivo, ovo za\u0161tite efikasno \u0161tite va\u0161u gelcoat boju i produ\u017eavaju \u017eivot va\u0161ih fendera.<\/p>\n<p>\u2022 \u201cFendress Covers\u201d su 100% akrilno ru\u010dno osmi\u0161ljeni premium kvaliteta, otporne su i neabrazivne. Nje\u017ene, pli\u0161ane fleece za\u0161tite za fendere nude maksimalnu za\u0161titu za va\u0161e gornje dijelove.<br \/>\u2022 \u201cFendress Covers\u201d su otporne na UV zrake i morsku vodu, efikasno \u0161tite\u0107i va\u0161u gelcoat boju od ogrebotina i tro\u0161enja. Fleksibilna i izdr\u017eljiva fleece tkanina sadr\u017ei sve najbolje karakteristike, uklju\u010duju\u0107i otpornost na poderanje i tro\u0161enje, brzo su\u0161enje i lak\u0161e uklanjanje za \u010di\u0161\u0107enje.<br \/>\u2022 \u201cFendress Covers\u201d produ\u017eavaju \u017eivot va\u0161ih fendera i eliminiraju iritiraju\u0107e \u0161kripanje. Boje otporne na UV zrake ne ostavljaju mrlje na va\u0161im gornjim dijelovima. Prilagodive na perilicu rublja.<br \/>\u2022 \u201cFendress Covers\u201d visoke otpornosti na vrhu i elasti\u010dni donji rub omogu\u0107uju prilago\u0111eno uklapanje za sve vrste fendera. Na raspolaganju su 9 boja.<\/p>\n","protected":false},"excerpt":{"rendered":"<p>Fendress navlaka za bokobran A1 mekana siva &#8211; Pli\u0161ane fleece ru\u010dno ra\u0111ene Fendress za\u0161tite za fendere. Premium za\u0161tita za va\u0161e<\/p>\n","protected":false},"featured_media":5943435,"comment_status":"closed","ping_status":"closed","template":"","meta":[],"product_brand":[2936],"product_cat":[1851],"product_tag":[],"class_list":{"0":"post-3690133","1":"product","2":"type-product","3":"status-publish","4":"has-post-thumbnail","6":"product_brand-fendress-hr","7":"product_cat-navlake-za-bokobrane","9":"first","10":"instock","11":"shipping-taxable","12":"purchasable","13":"product-type-simple"},"_links":{"self":[{"href":"https:\/\/stoic-curie.212-227-153-4.plesk.page\/hr\/wp-json\/wp\/v2\/product\/3690133","targetHints":{"allow":["GET"]}}],"collection":[{"href":"https:\/\/stoic-curie.212-227-153-4.plesk.page\/hr\/wp-json\/wp\/v2\/product"}],"about":[{"href":"https:\/\/stoic-curie.212-227-153-4.plesk.page\/hr\/wp-json\/wp\/v2\/types\/product"}],"replies":[{"embeddable":true,"href":"https:\/\/stoic-curie.212-227-153-4.plesk.page\/hr\/wp-json\/wp\/v2\/comments?post=3690133"}],"version-history":[{"count":0,"href":"https:\/\/stoic-curie.212-227-153-4.plesk.page\/hr\/wp-json\/wp\/v2\/product\/3690133\/revisions"}],"wp:featuredmedia":[{"embeddable":true,"href":"https:\/\/stoic-curie.212-227-153-4.plesk.page\/hr\/wp-json\/wp\/v2\/media\/5943435"}],"wp:attachment":[{"href":"https:\/\/stoic-curie.212-227-153-4.plesk.page\/hr\/wp-json\/wp\/v2\/media?parent=3690133"}],"wp:term":[{"taxonomy":"product_brand","embeddable":true,"href":"https:\/\/stoic-curie.212-227-153-4.plesk.page\/hr\/wp-json\/wp\/v2\/product_brand?post=3690133"},{"taxonomy":"product_cat","embeddable":true,"href":"https:\/\/stoic-curie.212-227-153-4.plesk.page\/hr\/wp-json\/wp\/v2\/product_cat?post=3690133"},{"taxonomy":"product_tag","embeddable":true,"href":"https:\/\/stoic-curie.212-227-153-4.plesk.page\/hr\/wp-json\/wp\/v2\/product_tag?post=3690133"}],"curies":[{"name":"wp","href":"https:\/\/api.w.org\/{rel}","templated":true}]}}