{"id":3690134,"date":"2025-10-13T13:41:29","date_gmt":"2025-10-13T17:41:29","guid":{"rendered":"https:\/\/stoic-curie.212-227-153-4.plesk.page\/product\/fendress-navlaka-za-bokobran-a1-bordeaux\/"},"modified":"2026-02-25T00:00:58","modified_gmt":"2026-02-25T00:00:58","slug":"fendress-navlaka-za-bokobran-a1-bordeaux","status":"publish","type":"product","link":"https:\/\/stoic-curie.212-227-153-4.plesk.page\/hr\/product\/fendress-navlaka-za-bokobran-a1-bordeaux\/","title":{"rendered":"Fendress navlaka za bokobran A1 Bordeaux"},"content":{"rendered":"<p>Fendress navlaka za bokobran A1 Bordeaux &#8211; <\/p>\n<p>Meko od flisa ru\u010dno ra\u0111ene Fendress pokriva\u010de za fendere. Premium za\u0161tita za va\u0161e fendere, dok eliminira \u0161kripanje i tragove. Mekani i izdr\u017eljivi, ovi pokriva\u010di efikasno \u0161tite va\u0161u gel-coat boju i produ\u017euju vijek trajanja va\u0161ih fendara.<\/p>\n<p>\u2022 \u201cFendress Covers\u201d su 100% akril, ru\u010dno ra\u0111ene, premijum kvaliteta, otporne i neabrazivne. Mekani, pli\u0161asti pokriva\u010di za fendere nude vrhunsku za\u0161titu za va\u0161e bo\u010dne strane.<\/p>\n<p>\u2022 \u201cFendress Covers\u201d su otporni na UV zrake i slanu vodu, efikasno \u0161tite\u0107i va\u0161u gel-coat boju od ogrebotina i abrazija. Izdr\u017eljivo flis tkanina ima sve najbolje osobine, uklju\u010duju\u0107i otpornost na kidanje i abraziju, brzo su\u0161enje i lako uklanjanje za \u010di\u0161\u0107enje.<\/p>\n<p>\u2022 \u201cFendress Covers\u201d produ\u017eavaju vijek trajanja va\u0161ih fendara i eliminiraju iritiraju\u0107u buku fendera. Boje otporne na UV zrake ne ostavljaju tragove na va\u0161em bo\u010dnom dijelu. Mogu se prati u ma\u0161ini.<\/p>\n<p>\u2022 \u201cFendress Covers\u201d imaju visoku otpornost na vrhu i elasti\u010dnu donju ivicu koja omogu\u0107ava prilago\u0111eno prijanjanje za sve vrste fendara. Pokriva\u010di su dostupni u 9 boja.<\/p>\n","protected":false},"excerpt":{"rendered":"<p>Fendress navlaka za bokobran A1 Bordeaux &#8211; Meko od flisa ru\u010dno ra\u0111ene Fendress pokriva\u010de za fendere. Premium za\u0161tita za va\u0161e<\/p>\n","protected":false},"featured_media":5943435,"comment_status":"closed","ping_status":"closed","template":"","meta":[],"product_brand":[2936],"product_cat":[1851],"product_tag":[],"class_list":{"0":"post-3690134","1":"product","2":"type-product","3":"status-publish","4":"has-post-thumbnail","6":"product_brand-fendress-hr","7":"product_cat-navlake-za-bokobrane","9":"first","10":"instock","11":"shipping-taxable","12":"purchasable","13":"product-type-simple"},"_links":{"self":[{"href":"https:\/\/stoic-curie.212-227-153-4.plesk.page\/hr\/wp-json\/wp\/v2\/product\/3690134","targetHints":{"allow":["GET"]}}],"collection":[{"href":"https:\/\/stoic-curie.212-227-153-4.plesk.page\/hr\/wp-json\/wp\/v2\/product"}],"about":[{"href":"https:\/\/stoic-curie.212-227-153-4.plesk.page\/hr\/wp-json\/wp\/v2\/types\/product"}],"replies":[{"embeddable":true,"href":"https:\/\/stoic-curie.212-227-153-4.plesk.page\/hr\/wp-json\/wp\/v2\/comments?post=3690134"}],"version-history":[{"count":0,"href":"https:\/\/stoic-curie.212-227-153-4.plesk.page\/hr\/wp-json\/wp\/v2\/product\/3690134\/revisions"}],"wp:featuredmedia":[{"embeddable":true,"href":"https:\/\/stoic-curie.212-227-153-4.plesk.page\/hr\/wp-json\/wp\/v2\/media\/5943435"}],"wp:attachment":[{"href":"https:\/\/stoic-curie.212-227-153-4.plesk.page\/hr\/wp-json\/wp\/v2\/media?parent=3690134"}],"wp:term":[{"taxonomy":"product_brand","embeddable":true,"href":"https:\/\/stoic-curie.212-227-153-4.plesk.page\/hr\/wp-json\/wp\/v2\/product_brand?post=3690134"},{"taxonomy":"product_cat","embeddable":true,"href":"https:\/\/stoic-curie.212-227-153-4.plesk.page\/hr\/wp-json\/wp\/v2\/product_cat?post=3690134"},{"taxonomy":"product_tag","embeddable":true,"href":"https:\/\/stoic-curie.212-227-153-4.plesk.page\/hr\/wp-json\/wp\/v2\/product_tag?post=3690134"}],"curies":[{"name":"wp","href":"https:\/\/api.w.org\/{rel}","templated":true}]}}