{"id":3690135,"date":"2025-10-13T13:41:30","date_gmt":"2025-10-13T17:41:30","guid":{"rendered":"https:\/\/stoic-curie.212-227-153-4.plesk.page\/product\/fendress-navlaka-za-bokobran-a2-mornaricko-plava\/"},"modified":"2026-02-25T00:00:58","modified_gmt":"2026-02-25T00:00:58","slug":"fendress-navlaka-za-bokobran-a2-mornaricko-plava","status":"publish","type":"product","link":"https:\/\/stoic-curie.212-227-153-4.plesk.page\/hr\/product\/fendress-navlaka-za-bokobran-a2-mornaricko-plava\/","title":{"rendered":"Fendress Navlaka za bokobran A2 mornari\u010dko plava"},"content":{"rendered":"<p>Fendress Navlaka za bokobran A2 mornari\u010dko plava &#8211; <\/p>\n<p>Ru\u010dne izra\u0111eni Fendress jastu\u010di\u0107i presvu\u010deni pli\u0161em. Premium za\u0161tita za va\u0161e odbojnike, dok eliminira \u0161kripanje i ogrebotine. Mekani i izdr\u017eljivi, ovi jastu\u010di\u0107i u\u010dinkovito \u0161tite va\u0161u gelcoat boju i produ\u017euju vijek trajanja va\u0161ih odbojnika. <\/p>\n<ul>\n<li>\u201cFendress Covers\u201d su 100% akrilne, ru\u010dno izra\u0111ene premium kvalitete, otporne i neabrazivne. Mekani, pli\u0161ani jastu\u010di\u0107i za odbojnike nude vrhunsku za\u0161titu va\u0161e bo\u010dne strane.<\/li>\n<li>\u201cFendress Covers\u201d su otporne na UV zra\u010denje i slanu vodu, u\u010dinkovito \u0161tite\u0107i va\u0161u gelcoat boju od ogrebotina i abrazija. Izdr\u017eljiva poliester tkanina sadr\u017ei sve najbolje karakteristike, uklju\u010duju\u0107i otpornost na kidanje i abraziju, brzo su\u0161enje i lako uklanjanje za \u010di\u0161\u0107enje.<\/li>\n<li>\u201cFendress Covers\u201d produ\u017euju vijek trajanja va\u0161ih odbojnika i uklanjaju iritantno \u0161kripanje. Boje otporne na UV zra\u010denje ne ostavljaju tragove na va\u0161im bo\u010dnim stranicama. Mogu se prati u perilici.<\/li>\n<li>\u201cFendress Covers\u201d imaju visoku otpornost na vrhu i elasti\u010dni donji rub koji omogu\u0107uje prilago\u0111enu prilagodbu svih vrsta odbojnika. Pokriva\u010di su dostupni u 9 boja.<\/li>\n<\/ul>\n","protected":false},"excerpt":{"rendered":"<p>Fendress Navlaka za bokobran A2 mornari\u010dko plava &#8211; Ru\u010dne izra\u0111eni Fendress jastu\u010di\u0107i presvu\u010deni pli\u0161em. Premium za\u0161tita za va\u0161e odbojnike, dok<\/p>\n","protected":false},"featured_media":5943435,"comment_status":"closed","ping_status":"closed","template":"","meta":[],"product_brand":[2936],"product_cat":[1851],"product_tag":[],"class_list":{"0":"post-3690135","1":"product","2":"type-product","3":"status-publish","4":"has-post-thumbnail","6":"product_brand-fendress-hr","7":"product_cat-navlake-za-bokobrane","9":"first","10":"instock","11":"shipping-taxable","12":"purchasable","13":"product-type-simple"},"_links":{"self":[{"href":"https:\/\/stoic-curie.212-227-153-4.plesk.page\/hr\/wp-json\/wp\/v2\/product\/3690135","targetHints":{"allow":["GET"]}}],"collection":[{"href":"https:\/\/stoic-curie.212-227-153-4.plesk.page\/hr\/wp-json\/wp\/v2\/product"}],"about":[{"href":"https:\/\/stoic-curie.212-227-153-4.plesk.page\/hr\/wp-json\/wp\/v2\/types\/product"}],"replies":[{"embeddable":true,"href":"https:\/\/stoic-curie.212-227-153-4.plesk.page\/hr\/wp-json\/wp\/v2\/comments?post=3690135"}],"version-history":[{"count":0,"href":"https:\/\/stoic-curie.212-227-153-4.plesk.page\/hr\/wp-json\/wp\/v2\/product\/3690135\/revisions"}],"wp:featuredmedia":[{"embeddable":true,"href":"https:\/\/stoic-curie.212-227-153-4.plesk.page\/hr\/wp-json\/wp\/v2\/media\/5943435"}],"wp:attachment":[{"href":"https:\/\/stoic-curie.212-227-153-4.plesk.page\/hr\/wp-json\/wp\/v2\/media?parent=3690135"}],"wp:term":[{"taxonomy":"product_brand","embeddable":true,"href":"https:\/\/stoic-curie.212-227-153-4.plesk.page\/hr\/wp-json\/wp\/v2\/product_brand?post=3690135"},{"taxonomy":"product_cat","embeddable":true,"href":"https:\/\/stoic-curie.212-227-153-4.plesk.page\/hr\/wp-json\/wp\/v2\/product_cat?post=3690135"},{"taxonomy":"product_tag","embeddable":true,"href":"https:\/\/stoic-curie.212-227-153-4.plesk.page\/hr\/wp-json\/wp\/v2\/product_tag?post=3690135"}],"curies":[{"name":"wp","href":"https:\/\/api.w.org\/{rel}","templated":true}]}}