{"id":3690137,"date":"2025-10-13T13:41:30","date_gmt":"2025-10-13T17:41:30","guid":{"rendered":"https:\/\/stoic-curie.212-227-153-4.plesk.page\/product\/fendress-navlaka-za-bokobran-a2-bez\/"},"modified":"2026-02-25T00:00:58","modified_gmt":"2026-02-25T00:00:58","slug":"fendress-navlaka-za-bokobran-a2-bez","status":"publish","type":"product","link":"https:\/\/stoic-curie.212-227-153-4.plesk.page\/hr\/product\/fendress-navlaka-za-bokobran-a2-bez\/","title":{"rendered":"Fendress Navlaka za bokobran A2 Be\u017e"},"content":{"rendered":"<p>Fendress Navlaka za bokobran A2 Be\u017e &#8211; <\/p>\n<p>Plisane fleece ru\u010dno izra\u0111ene Fendress navlake za fendere. Premium za\u0161tita za va\u0161e fendere, dok istovremeno eliminiraju \u0161kripanje i ogrebotine. Mekane i izdr\u017eljive, ove navlake za fendere u\u010dinkovito \u0161tite va\u0161u gel-coat boju i produ\u017euju vijek trajanja va\u0161ih fendera.<\/p>\n<p>\u2022 \u201cFendress Covers\u201d su 100% akril, ru\u010dno izra\u0111ene od visokokvalitetne, otporne i ne-abrazivne pletenine. Mekane, pli\u0161ane navlake za fendere nude ultimativnu za\u0161titu za va\u0161e gornje dijelove. \u2022 \u201cFendress Covers\u201d su otporne na UV zrake i slanu vodu, u\u010dinkovito \u0161tite\u0107i va\u0161u gel-coat boju od ogrebotina i o\u0161te\u0107enja. \u010cvrsti i robusni fleece materijal sadr\u017ei sve najbolje karakteristike, uklju\u010duju\u0107i otpornost na kidanje i abraziju, brzo su\u0161enje i lako uklanjanje za \u010di\u0161\u0107enje. \u2022 \u201cFendress Covers\u201d produ\u017euju vijek trajanja va\u0161ih fendera i eliminiraju iritiraju\u0107i zvuk \u0161kripanja fendera. Boje otporne na UV ne ostavljaju tragove na va\u0161im gornjim dijelovima. Perive u perilici rublja. \u2022 \u201cFendress Covers\u201d visokootporni gornji rub i elasti\u010dan donji rub omogu\u0107uju prilago\u0111eno prianjanje za sve vrste fendera. Navlake su dostupne u 9 boja.<\/p>\n","protected":false},"excerpt":{"rendered":"<p>Fendress Navlaka za bokobran A2 Be\u017e &#8211; Plisane fleece ru\u010dno izra\u0111ene Fendress navlake za fendere. Premium za\u0161tita za va\u0161e fendere,<\/p>\n","protected":false},"featured_media":5943435,"comment_status":"closed","ping_status":"closed","template":"","meta":[],"product_brand":[2936],"product_cat":[1851],"product_tag":[],"class_list":{"0":"post-3690137","1":"product","2":"type-product","3":"status-publish","4":"has-post-thumbnail","6":"product_brand-fendress-hr","7":"product_cat-navlake-za-bokobrane","9":"first","10":"instock","11":"shipping-taxable","12":"purchasable","13":"product-type-simple"},"_links":{"self":[{"href":"https:\/\/stoic-curie.212-227-153-4.plesk.page\/hr\/wp-json\/wp\/v2\/product\/3690137","targetHints":{"allow":["GET"]}}],"collection":[{"href":"https:\/\/stoic-curie.212-227-153-4.plesk.page\/hr\/wp-json\/wp\/v2\/product"}],"about":[{"href":"https:\/\/stoic-curie.212-227-153-4.plesk.page\/hr\/wp-json\/wp\/v2\/types\/product"}],"replies":[{"embeddable":true,"href":"https:\/\/stoic-curie.212-227-153-4.plesk.page\/hr\/wp-json\/wp\/v2\/comments?post=3690137"}],"version-history":[{"count":0,"href":"https:\/\/stoic-curie.212-227-153-4.plesk.page\/hr\/wp-json\/wp\/v2\/product\/3690137\/revisions"}],"wp:featuredmedia":[{"embeddable":true,"href":"https:\/\/stoic-curie.212-227-153-4.plesk.page\/hr\/wp-json\/wp\/v2\/media\/5943435"}],"wp:attachment":[{"href":"https:\/\/stoic-curie.212-227-153-4.plesk.page\/hr\/wp-json\/wp\/v2\/media?parent=3690137"}],"wp:term":[{"taxonomy":"product_brand","embeddable":true,"href":"https:\/\/stoic-curie.212-227-153-4.plesk.page\/hr\/wp-json\/wp\/v2\/product_brand?post=3690137"},{"taxonomy":"product_cat","embeddable":true,"href":"https:\/\/stoic-curie.212-227-153-4.plesk.page\/hr\/wp-json\/wp\/v2\/product_cat?post=3690137"},{"taxonomy":"product_tag","embeddable":true,"href":"https:\/\/stoic-curie.212-227-153-4.plesk.page\/hr\/wp-json\/wp\/v2\/product_tag?post=3690137"}],"curies":[{"name":"wp","href":"https:\/\/api.w.org\/{rel}","templated":true}]}}