{"id":3690138,"date":"2025-10-13T13:41:30","date_gmt":"2025-10-13T17:41:30","guid":{"rendered":"https:\/\/stoic-curie.212-227-153-4.plesk.page\/product\/fendress-navlaka-za-bokobran-a2-mekana-siva\/"},"modified":"2026-02-25T00:00:58","modified_gmt":"2026-02-25T00:00:58","slug":"fendress-navlaka-za-bokobran-a2-mekana-siva","status":"publish","type":"product","link":"https:\/\/stoic-curie.212-227-153-4.plesk.page\/hr\/product\/fendress-navlaka-za-bokobran-a2-mekana-siva\/","title":{"rendered":"Fendress navlaka za bokobran A2 mekana siva"},"content":{"rendered":"<p>Fendress navlaka za bokobran A2 mekana siva &#8211; <\/p>\n<p>Ru\u010dna izrada Fendress pokriva\u010da za fendere od pli\u0161ane tkanine. Premium za\u0161tita za va\u0161e fendere dok elimini\u0161e \u0161kripanje i oznake od fendera. Mekani i \u010dvrsti, ovi pokriva\u010di za fendere efikasno \u0161tite va\u0161u gel-coat boju i produ\u017euju trajanje va\u0161ih fendera.<br \/> \u2022 \u201eFendress Covers\u201d su 100% akrilni, ru\u010dno ra\u0111eni, premium kvalitete, otporni i neabrazivni. Mekani, pli\u0161ani pokriva\u010di za fendere pru\u017eaju ultimativnu za\u0161titu za gornje dijelove va\u0161e plovila.<br \/> \u2022 \u201eFendress Covers\u201d su otporni na UV zrake i morsku vodu, efikasno \u0161tite\u0107i va\u0161u gel-coat boju od oznaka i abrazije. I\u0161\u010dvrsti i robusni pli\u0161ani materijal sadr\u017ei sve najbolje karakteristike, uklju\u010duju\u0107i otpornost na kidanje i abraziju, brzu su\u0161enje i lako uklanjanje za pranje.<br \/> \u2022 \u201eFendress Covers\u201d produ\u017eavaju trajanje va\u0161ih fendera i eliminiraju iritantno \u0161kripanje. Boje otporne na UV zrake ne ostavljaju tragove na va\u0161im gornjim dijelovima. Mogu se prati u ma\u0161ini.<br \/> \u2022 \u201eFendress Covers\u201d s visokom otporno\u0161\u0107u na vrhu i elasti\u010dnom donjom ivicom omogu\u0107uju prilago\u0111eno pristajanje za sve vrste fendera. Pokriva\u010di su dostupni u 9 boja.<\/p>\n","protected":false},"excerpt":{"rendered":"<p>Fendress navlaka za bokobran A2 mekana siva &#8211; Ru\u010dna izrada Fendress pokriva\u010da za fendere od pli\u0161ane tkanine. Premium za\u0161tita za<\/p>\n","protected":false},"featured_media":5943435,"comment_status":"closed","ping_status":"closed","template":"","meta":[],"product_brand":[2936],"product_cat":[1851],"product_tag":[],"class_list":{"0":"post-3690138","1":"product","2":"type-product","3":"status-publish","4":"has-post-thumbnail","6":"product_brand-fendress-hr","7":"product_cat-navlake-za-bokobrane","9":"first","10":"instock","11":"shipping-taxable","12":"purchasable","13":"product-type-simple"},"_links":{"self":[{"href":"https:\/\/stoic-curie.212-227-153-4.plesk.page\/hr\/wp-json\/wp\/v2\/product\/3690138","targetHints":{"allow":["GET"]}}],"collection":[{"href":"https:\/\/stoic-curie.212-227-153-4.plesk.page\/hr\/wp-json\/wp\/v2\/product"}],"about":[{"href":"https:\/\/stoic-curie.212-227-153-4.plesk.page\/hr\/wp-json\/wp\/v2\/types\/product"}],"replies":[{"embeddable":true,"href":"https:\/\/stoic-curie.212-227-153-4.plesk.page\/hr\/wp-json\/wp\/v2\/comments?post=3690138"}],"version-history":[{"count":0,"href":"https:\/\/stoic-curie.212-227-153-4.plesk.page\/hr\/wp-json\/wp\/v2\/product\/3690138\/revisions"}],"wp:featuredmedia":[{"embeddable":true,"href":"https:\/\/stoic-curie.212-227-153-4.plesk.page\/hr\/wp-json\/wp\/v2\/media\/5943435"}],"wp:attachment":[{"href":"https:\/\/stoic-curie.212-227-153-4.plesk.page\/hr\/wp-json\/wp\/v2\/media?parent=3690138"}],"wp:term":[{"taxonomy":"product_brand","embeddable":true,"href":"https:\/\/stoic-curie.212-227-153-4.plesk.page\/hr\/wp-json\/wp\/v2\/product_brand?post=3690138"},{"taxonomy":"product_cat","embeddable":true,"href":"https:\/\/stoic-curie.212-227-153-4.plesk.page\/hr\/wp-json\/wp\/v2\/product_cat?post=3690138"},{"taxonomy":"product_tag","embeddable":true,"href":"https:\/\/stoic-curie.212-227-153-4.plesk.page\/hr\/wp-json\/wp\/v2\/product_tag?post=3690138"}],"curies":[{"name":"wp","href":"https:\/\/api.w.org\/{rel}","templated":true}]}}