{"id":3690139,"date":"2025-10-13T13:41:31","date_gmt":"2025-10-13T17:41:31","guid":{"rendered":"https:\/\/stoic-curie.212-227-153-4.plesk.page\/product\/fendress-navlaka-za-bokobran-a2-bordeaux\/"},"modified":"2026-02-25T00:00:58","modified_gmt":"2026-02-25T00:00:58","slug":"fendress-navlaka-za-bokobran-a2-bordeaux","status":"publish","type":"product","link":"https:\/\/stoic-curie.212-227-153-4.plesk.page\/hr\/product\/fendress-navlaka-za-bokobran-a2-bordeaux\/","title":{"rendered":"Fendress navlaka za bokobran A2 Bordeaux"},"content":{"rendered":"<p>Fendress navlaka za bokobran A2 Bordeaux &#8211; <\/p>\n<p>Meke od flisa ru\u010dno ra\u0111ene Fendress za\u0161tite za fendere. Premium za\u0161tita za va\u0161e fendere, koja uklanja squeakove i tragove. Mekane i izdr\u017eljive, ove za\u0161tite efikasno \u0161tite va\u0161u gel-coat boju i produ\u017euju vijek trajanja va\u0161ih fendera.<\/p>\n<p>\u2022 \u201cFendress Covers\u201d su 100% akril ru\u010dne izrade, vrhunske kvalitete, otporne i neabrazivne. Mekane, pli\u0161ane fleece za\u0161tite nude vrhunsku za\u0161titu za va\u0161e povr\u0161ine. \u2022 \u201cFendress Covers\u201d su otporne na UV zrake i slanu vodu, efikasno \u0161tite\u0107i va\u0161u gel-coat boju od tragova i abrazije. \u010cvrsta i otporna fleece tkanina sadr\u017ei sve najbolje karakteristike, uklju\u010duju\u0107i otpornost na kidanje i abraziju, brzo su\u0161enje i jednostavno uklanjanje za \u010di\u0161\u0107enje. \u2022 \u201cFendress Covers\u201d produ\u017euju vijek va\u0161ih fendera i uklanjaju iritiraju\u0107i squeak. Boje otporne na UV zrake ne ostavljaju tragove na va\u0161im povr\u0161inama. Perive u ma\u0161ini. \u2022 \u201cFendress Covers\u201d visoke otpornosti sprijeda i elasti\u010dno donje rubne omogu\u0107uju prilago\u0111eno uklapanje za sve vrste fendera. Za\u0161tite su dostupne u 9 boja.<\/p>\n","protected":false},"excerpt":{"rendered":"<p>Fendress navlaka za bokobran A2 Bordeaux &#8211; Meke od flisa ru\u010dno ra\u0111ene Fendress za\u0161tite za fendere. Premium za\u0161tita za va\u0161e<\/p>\n","protected":false},"featured_media":5943435,"comment_status":"closed","ping_status":"closed","template":"","meta":[],"product_brand":[2936],"product_cat":[1851],"product_tag":[],"class_list":{"0":"post-3690139","1":"product","2":"type-product","3":"status-publish","4":"has-post-thumbnail","6":"product_brand-fendress-hr","7":"product_cat-navlake-za-bokobrane","9":"first","10":"instock","11":"shipping-taxable","12":"purchasable","13":"product-type-simple"},"_links":{"self":[{"href":"https:\/\/stoic-curie.212-227-153-4.plesk.page\/hr\/wp-json\/wp\/v2\/product\/3690139","targetHints":{"allow":["GET"]}}],"collection":[{"href":"https:\/\/stoic-curie.212-227-153-4.plesk.page\/hr\/wp-json\/wp\/v2\/product"}],"about":[{"href":"https:\/\/stoic-curie.212-227-153-4.plesk.page\/hr\/wp-json\/wp\/v2\/types\/product"}],"replies":[{"embeddable":true,"href":"https:\/\/stoic-curie.212-227-153-4.plesk.page\/hr\/wp-json\/wp\/v2\/comments?post=3690139"}],"version-history":[{"count":0,"href":"https:\/\/stoic-curie.212-227-153-4.plesk.page\/hr\/wp-json\/wp\/v2\/product\/3690139\/revisions"}],"wp:featuredmedia":[{"embeddable":true,"href":"https:\/\/stoic-curie.212-227-153-4.plesk.page\/hr\/wp-json\/wp\/v2\/media\/5943435"}],"wp:attachment":[{"href":"https:\/\/stoic-curie.212-227-153-4.plesk.page\/hr\/wp-json\/wp\/v2\/media?parent=3690139"}],"wp:term":[{"taxonomy":"product_brand","embeddable":true,"href":"https:\/\/stoic-curie.212-227-153-4.plesk.page\/hr\/wp-json\/wp\/v2\/product_brand?post=3690139"},{"taxonomy":"product_cat","embeddable":true,"href":"https:\/\/stoic-curie.212-227-153-4.plesk.page\/hr\/wp-json\/wp\/v2\/product_cat?post=3690139"},{"taxonomy":"product_tag","embeddable":true,"href":"https:\/\/stoic-curie.212-227-153-4.plesk.page\/hr\/wp-json\/wp\/v2\/product_tag?post=3690139"}],"curies":[{"name":"wp","href":"https:\/\/api.w.org\/{rel}","templated":true}]}}