{"id":3690142,"date":"2025-10-13T13:41:32","date_gmt":"2025-10-13T17:41:32","guid":{"rendered":"https:\/\/stoic-curie.212-227-153-4.plesk.page\/product\/poklopac-krila-fendress-a3-bez\/"},"modified":"2026-02-25T00:00:58","modified_gmt":"2026-02-25T00:00:58","slug":"poklopac-krila-fendress-a3-bez","status":"publish","type":"product","link":"https:\/\/stoic-curie.212-227-153-4.plesk.page\/hr\/product\/poklopac-krila-fendress-a3-bez\/","title":{"rendered":"Poklopac Krila Fendress A3 Be\u017e"},"content":{"rendered":"<p>Poklopac Krila Fendress A3 Be\u017e &#8211; <\/p>\n<p>Ru\u010dno ra\u0111eni Fendress pokriva\u010di fendera od pli\u0161a. Premium za\u0161tita za va\u0161e fendere, dok eliminira \u0161kripu i ogrebotine. Mekani i \u010dvrsti, ovi pokriva\u010di fendera u\u010dinkovito \u0161tite va\u0161u gel-coat boju i produ\u017euju vijek trajanja va\u0161ih fendera. <br \/>\u2022 \u201eFendress Covers\u201c su 100% akrilni, ru\u010dno ra\u0111eni od premium kvalitete, otporni i neabrazivni. Meki, pli\u0161ani pokriva\u010di fendera pru\u017eaju ultimativnu za\u0161titu za va\u0161e gornje dijelove. <br \/>\u2022 \u201eFendress Covers\u201c su otporni na UV zra\u010denje i morsku vodu, u\u010dinkovito \u0161tite\u0107i va\u0161u gel-coat boju od ogrebotina i abrazija. \u010cvrsto pli\u0161ano platno sadr\u017ei sve najbolje karakteristike, uklju\u010duju\u0107i otpornost na kidanje i abraziju, brzo su\u0161enje i lako uklanjanje radi \u010di\u0161\u0107enja. <br \/>\u2022 \u201eFendress Covers\u201c produ\u017euju vijek trajanja va\u0161ih fendera i eliminiraju iritantnu \u0161kripu. Boje otpornjive na UV zra\u010denje ne ostavljaju mrlje na va\u0161im gornjim dijelovima. Mogu se prati u perilici rublja. <br \/>\u2022 \u201eFendress Covers\u201c imaju visoko otporan vrh i elasti\u010dni rub za prilago\u0111eno pristajanje na sve vrste fendera. Pokriva\u010di su dostupni u 9 boja.<\/p>\n","protected":false},"excerpt":{"rendered":"<p>Poklopac Krila Fendress A3 Be\u017e &#8211; Ru\u010dno ra\u0111eni Fendress pokriva\u010di fendera od pli\u0161a. Premium za\u0161tita za va\u0161e fendere, dok eliminira<\/p>\n","protected":false},"featured_media":5943435,"comment_status":"closed","ping_status":"closed","template":"","meta":[],"product_brand":[2936],"product_cat":[1851],"product_tag":[],"class_list":{"0":"post-3690142","1":"product","2":"type-product","3":"status-publish","4":"has-post-thumbnail","6":"product_brand-fendress-hr","7":"product_cat-navlake-za-bokobrane","9":"first","10":"instock","11":"shipping-taxable","12":"purchasable","13":"product-type-simple"},"_links":{"self":[{"href":"https:\/\/stoic-curie.212-227-153-4.plesk.page\/hr\/wp-json\/wp\/v2\/product\/3690142","targetHints":{"allow":["GET"]}}],"collection":[{"href":"https:\/\/stoic-curie.212-227-153-4.plesk.page\/hr\/wp-json\/wp\/v2\/product"}],"about":[{"href":"https:\/\/stoic-curie.212-227-153-4.plesk.page\/hr\/wp-json\/wp\/v2\/types\/product"}],"replies":[{"embeddable":true,"href":"https:\/\/stoic-curie.212-227-153-4.plesk.page\/hr\/wp-json\/wp\/v2\/comments?post=3690142"}],"version-history":[{"count":0,"href":"https:\/\/stoic-curie.212-227-153-4.plesk.page\/hr\/wp-json\/wp\/v2\/product\/3690142\/revisions"}],"wp:featuredmedia":[{"embeddable":true,"href":"https:\/\/stoic-curie.212-227-153-4.plesk.page\/hr\/wp-json\/wp\/v2\/media\/5943435"}],"wp:attachment":[{"href":"https:\/\/stoic-curie.212-227-153-4.plesk.page\/hr\/wp-json\/wp\/v2\/media?parent=3690142"}],"wp:term":[{"taxonomy":"product_brand","embeddable":true,"href":"https:\/\/stoic-curie.212-227-153-4.plesk.page\/hr\/wp-json\/wp\/v2\/product_brand?post=3690142"},{"taxonomy":"product_cat","embeddable":true,"href":"https:\/\/stoic-curie.212-227-153-4.plesk.page\/hr\/wp-json\/wp\/v2\/product_cat?post=3690142"},{"taxonomy":"product_tag","embeddable":true,"href":"https:\/\/stoic-curie.212-227-153-4.plesk.page\/hr\/wp-json\/wp\/v2\/product_tag?post=3690142"}],"curies":[{"name":"wp","href":"https:\/\/api.w.org\/{rel}","templated":true}]}}