{"id":3690143,"date":"2025-10-13T13:41:32","date_gmt":"2025-10-13T17:41:32","guid":{"rendered":"https:\/\/stoic-curie.212-227-153-4.plesk.page\/product\/fendress-navlaka-za-bokobran-a3-mekano-siva\/"},"modified":"2026-02-25T00:00:58","modified_gmt":"2026-02-25T00:00:58","slug":"fendress-navlaka-za-bokobran-a3-mekano-siva","status":"publish","type":"product","link":"https:\/\/stoic-curie.212-227-153-4.plesk.page\/hr\/product\/fendress-navlaka-za-bokobran-a3-mekano-siva\/","title":{"rendered":"Fendress navlaka za bokobran A3 mekano siva"},"content":{"rendered":"<p>Fendress navlaka za bokobran A3 mekano siva &#8211; <\/p>\n<p>Ru\u010dno izra\u0111ene Fendress za\u0161tite za fendere od pli\u0161a. Premium za\u0161tita za va\u0161e fendere, dok eliminira \u0161kripanje i tragove habanja. Mekane i izdr\u017eljive, ove za\u0161tite u\u010dinkovito \u0161tite va\u0161u gel-coat boju i produljuju vijek trajanja va\u0161ih fendera.<\/p>\n<p>\u2022 \u201cFendress Covers\u201d su 100% akrilne, ru\u010dno izra\u0111ene visoke kvalitete, otporne na habanje, mekane i neabrazivne. Mekane, pli\u0161ane za\u0161tite za fendere nude ultimativnu za\u0161titu za gornji dio va\u0161eg plovila. \u2022 \u201cFendress Covers\u201d su otporne na UV zra\u010denje i morsku vodu, u\u010dinkovito \u0161tite\u0107i va\u0161 gel-coat od tragova habanja i ogrebotina. Izdr\u017eljivo pli\u0161ano tkivo sadr\u017ei sve najbolje karakteristike, uklju\u010duju\u0107i otpornost na kidanje i habanje, brzo su\u0161enje i jednostavno uklanjanje za \u010di\u0161\u0107enje. \u2022 \u201cFendress Covers\u201d produ\u017eavaju vijek trajanja va\u0161ih fendera i uklanjaju iritiraju\u0107e \u0161kripanje. Boje otporne na UV zra\u010denje ne ostavljaju tragove na gornjem dijelu va\u0161eg plovila. Perive u perilici rublja. \u2022 \u201cFendress Covers\u201d imaju visoku otpornost na gornjem dijelu i elasti\u010dan donji rub za prilago\u0111eno prianjanje za sve vrste fendera. Za\u0161tite su dostupne u 9 boja.<\/p>\n","protected":false},"excerpt":{"rendered":"<p>Fendress navlaka za bokobran A3 mekano siva &#8211; Ru\u010dno izra\u0111ene Fendress za\u0161tite za fendere od pli\u0161a. Premium za\u0161tita za va\u0161e<\/p>\n","protected":false},"featured_media":5943435,"comment_status":"closed","ping_status":"closed","template":"","meta":[],"product_brand":[2936],"product_cat":[1851],"product_tag":[],"class_list":{"0":"post-3690143","1":"product","2":"type-product","3":"status-publish","4":"has-post-thumbnail","6":"product_brand-fendress-hr","7":"product_cat-navlake-za-bokobrane","9":"first","10":"instock","11":"shipping-taxable","12":"purchasable","13":"product-type-simple"},"_links":{"self":[{"href":"https:\/\/stoic-curie.212-227-153-4.plesk.page\/hr\/wp-json\/wp\/v2\/product\/3690143","targetHints":{"allow":["GET"]}}],"collection":[{"href":"https:\/\/stoic-curie.212-227-153-4.plesk.page\/hr\/wp-json\/wp\/v2\/product"}],"about":[{"href":"https:\/\/stoic-curie.212-227-153-4.plesk.page\/hr\/wp-json\/wp\/v2\/types\/product"}],"replies":[{"embeddable":true,"href":"https:\/\/stoic-curie.212-227-153-4.plesk.page\/hr\/wp-json\/wp\/v2\/comments?post=3690143"}],"version-history":[{"count":0,"href":"https:\/\/stoic-curie.212-227-153-4.plesk.page\/hr\/wp-json\/wp\/v2\/product\/3690143\/revisions"}],"wp:featuredmedia":[{"embeddable":true,"href":"https:\/\/stoic-curie.212-227-153-4.plesk.page\/hr\/wp-json\/wp\/v2\/media\/5943435"}],"wp:attachment":[{"href":"https:\/\/stoic-curie.212-227-153-4.plesk.page\/hr\/wp-json\/wp\/v2\/media?parent=3690143"}],"wp:term":[{"taxonomy":"product_brand","embeddable":true,"href":"https:\/\/stoic-curie.212-227-153-4.plesk.page\/hr\/wp-json\/wp\/v2\/product_brand?post=3690143"},{"taxonomy":"product_cat","embeddable":true,"href":"https:\/\/stoic-curie.212-227-153-4.plesk.page\/hr\/wp-json\/wp\/v2\/product_cat?post=3690143"},{"taxonomy":"product_tag","embeddable":true,"href":"https:\/\/stoic-curie.212-227-153-4.plesk.page\/hr\/wp-json\/wp\/v2\/product_tag?post=3690143"}],"curies":[{"name":"wp","href":"https:\/\/api.w.org\/{rel}","templated":true}]}}