{"id":3690144,"date":"2025-10-13T13:41:32","date_gmt":"2025-10-13T17:41:32","guid":{"rendered":"https:\/\/stoic-curie.212-227-153-4.plesk.page\/product\/fendress-navlaka-za-bokobran-a3-bordeaux\/"},"modified":"2026-02-25T00:00:58","modified_gmt":"2026-02-25T00:00:58","slug":"fendress-navlaka-za-bokobran-a3-bordeaux","status":"publish","type":"product","link":"https:\/\/stoic-curie.212-227-153-4.plesk.page\/hr\/product\/fendress-navlaka-za-bokobran-a3-bordeaux\/","title":{"rendered":"Fendress navlaka za bokobran A3 Bordeaux"},"content":{"rendered":"<p>Fendress navlaka za bokobran A3 Bordeaux &#8211; <\/p>\n<p>Ru\u010dni rad od pli\u0161a Fendress navlake za fendere. Premium za\u0161tita za va\u0161e fendere, dok eliminira \u0161um i oznake od trljanja. Mekane i izdr\u017eljive, ove navlake za fendere u\u010dinkovito \u0161tite va\u0161u gelcoat boju i produ\u017euju vijek trajanja va\u0161ih fendera.<\/p>\n<p>\u2022 \u201cFendress Covers\u201d su 100% akrilne, ru\u010dno ra\u0111ene od premijum kvalitete, otporne i neabrazivne. Mekane, pli\u0161ane fender navlake nude ultimativnu za\u0161titu za va\u0161e gornje strane. \u2022 \u201cFendress Covers\u201d su otporne na UV zra\u010denje i morsku vodu, u\u010dinkovito \u0161tite\u0107i va\u0161u gelcoat boju od oznaka od trljanja i abrazije. \u010cvrsti i izdr\u017eljivi pli\u0161ani materijal sadr\u017ei sve najbolje karakteristike, uklju\u010duju\u0107i otpornost na kidanje i abraziju, brzo su\u0161enje i lako uklanjanje za \u010di\u0161\u0107enje. \u2022 \u201cFendress Covers\u201d produ\u017euju vijek trajanja va\u0161ih fendera i eliminiraju iritantne zvukove. UV-otporne boje ne ostavljaju mrlje na va\u0161im gornjim stranama. Perive u ma\u0161ini. \u2022 \u201cFendress Covers\u201d visoke otpornosti gornji i elasti\u010dni donji rub omogu\u0107uju prilago\u0111eno pristajanje za sve vrste fendera. Navlake su dostupne u 9 boja.<\/p>\n","protected":false},"excerpt":{"rendered":"<p>Fendress navlaka za bokobran A3 Bordeaux &#8211; Ru\u010dni rad od pli\u0161a Fendress navlake za fendere. Premium za\u0161tita za va\u0161e fendere,<\/p>\n","protected":false},"featured_media":5943435,"comment_status":"closed","ping_status":"closed","template":"","meta":[],"product_brand":[2936],"product_cat":[1851],"product_tag":[],"class_list":{"0":"post-3690144","1":"product","2":"type-product","3":"status-publish","4":"has-post-thumbnail","6":"product_brand-fendress-hr","7":"product_cat-navlake-za-bokobrane","9":"first","10":"instock","11":"shipping-taxable","12":"purchasable","13":"product-type-simple"},"_links":{"self":[{"href":"https:\/\/stoic-curie.212-227-153-4.plesk.page\/hr\/wp-json\/wp\/v2\/product\/3690144","targetHints":{"allow":["GET"]}}],"collection":[{"href":"https:\/\/stoic-curie.212-227-153-4.plesk.page\/hr\/wp-json\/wp\/v2\/product"}],"about":[{"href":"https:\/\/stoic-curie.212-227-153-4.plesk.page\/hr\/wp-json\/wp\/v2\/types\/product"}],"replies":[{"embeddable":true,"href":"https:\/\/stoic-curie.212-227-153-4.plesk.page\/hr\/wp-json\/wp\/v2\/comments?post=3690144"}],"version-history":[{"count":0,"href":"https:\/\/stoic-curie.212-227-153-4.plesk.page\/hr\/wp-json\/wp\/v2\/product\/3690144\/revisions"}],"wp:featuredmedia":[{"embeddable":true,"href":"https:\/\/stoic-curie.212-227-153-4.plesk.page\/hr\/wp-json\/wp\/v2\/media\/5943435"}],"wp:attachment":[{"href":"https:\/\/stoic-curie.212-227-153-4.plesk.page\/hr\/wp-json\/wp\/v2\/media?parent=3690144"}],"wp:term":[{"taxonomy":"product_brand","embeddable":true,"href":"https:\/\/stoic-curie.212-227-153-4.plesk.page\/hr\/wp-json\/wp\/v2\/product_brand?post=3690144"},{"taxonomy":"product_cat","embeddable":true,"href":"https:\/\/stoic-curie.212-227-153-4.plesk.page\/hr\/wp-json\/wp\/v2\/product_cat?post=3690144"},{"taxonomy":"product_tag","embeddable":true,"href":"https:\/\/stoic-curie.212-227-153-4.plesk.page\/hr\/wp-json\/wp\/v2\/product_tag?post=3690144"}],"curies":[{"name":"wp","href":"https:\/\/api.w.org\/{rel}","templated":true}]}}