{"id":3690145,"date":"2025-10-13T13:41:32","date_gmt":"2025-10-13T17:41:32","guid":{"rendered":"https:\/\/stoic-curie.212-227-153-4.plesk.page\/product\/fendress-navlaka-za-bokobran-a4-mornaricko-plava\/"},"modified":"2026-02-25T00:00:58","modified_gmt":"2026-02-25T00:00:58","slug":"fendress-navlaka-za-bokobran-a4-mornaricko-plava","status":"publish","type":"product","link":"https:\/\/stoic-curie.212-227-153-4.plesk.page\/hr\/product\/fendress-navlaka-za-bokobran-a4-mornaricko-plava\/","title":{"rendered":"Fendress Navlaka za bokobran A4 mornari\u010dko plava"},"content":{"rendered":"<p>Fendress Navlaka za bokobran A4 mornari\u010dko plava &#8211; <\/p>\n<p>Plu\u0161a Fleece ru\u010dno ra\u0111eni Fendress pokriva\u010di za fendere. Premium za\u0161tita za va\u0161e fendere, dok uklanja cvr\u010danje i mrlje. Mekani i izdr\u017eljivi, ovi pokriva\u010di fendera u\u010dinkovito \u0161tite va\u0161u gel-coat boju i produ\u017eavaju \u017eivot va\u0161ih fendera.<\/p>\n<p> \u2022 \u201eFendress Covers\u201c su 100% akrilni, ru\u010dno izra\u0111eni od visokokvalitetnog, otporni i ne abrazivnog pletenja petlji. Mekani, pli\u0161ani fleece fender pokriva\u010di nude najbolju za\u0161titu za va\u0161u nadgradnju. \u2022 \u201eFendress Covers\u201c su otporni na UV zra\u010denje i slanu vodu, u\u010dinkovito \u0161tite\u0107i va\u0161u gel-coat boju od tragova i ogrebotina. Izdr\u017eljivo i sna\u017eno fleece tkivo sadr\u017ei sve najbolje karakteristike, uklju\u010duju\u0107i otpornost na kidanje i abraziju, brze su\u0161enje i lako uklanjanje za \u010di\u0161\u0107enje. \u2022 \u201eFendress Covers\u201c produ\u017euju vijek trajanja va\u0161ih fendera i uklanjaju iritantno cvr\u010danje fendera. Boje otporne na UV zra\u010denje ne ostavljaju tragove na va\u0161im nadgradnjama. Mogu se prati u ma\u0161ini. \u2022 \u201eFendress Covers\u201c visoke otpornosti na gornjem dijelu i elasti\u010dni donji rub omogu\u0107avaju prilago\u0111eno uklapanje za sve vrste fendera. Pokriva\u010di su dostupni u 9 boja.<\/p>\n","protected":false},"excerpt":{"rendered":"<p>Fendress Navlaka za bokobran A4 mornari\u010dko plava &#8211; Plu\u0161a Fleece ru\u010dno ra\u0111eni Fendress pokriva\u010di za fendere. Premium za\u0161tita za va\u0161e<\/p>\n","protected":false},"featured_media":5943435,"comment_status":"closed","ping_status":"closed","template":"","meta":[],"product_brand":[2936],"product_cat":[1851],"product_tag":[],"class_list":{"0":"post-3690145","1":"product","2":"type-product","3":"status-publish","4":"has-post-thumbnail","6":"product_brand-fendress-hr","7":"product_cat-navlake-za-bokobrane","9":"first","10":"instock","11":"shipping-taxable","12":"purchasable","13":"product-type-simple"},"_links":{"self":[{"href":"https:\/\/stoic-curie.212-227-153-4.plesk.page\/hr\/wp-json\/wp\/v2\/product\/3690145","targetHints":{"allow":["GET"]}}],"collection":[{"href":"https:\/\/stoic-curie.212-227-153-4.plesk.page\/hr\/wp-json\/wp\/v2\/product"}],"about":[{"href":"https:\/\/stoic-curie.212-227-153-4.plesk.page\/hr\/wp-json\/wp\/v2\/types\/product"}],"replies":[{"embeddable":true,"href":"https:\/\/stoic-curie.212-227-153-4.plesk.page\/hr\/wp-json\/wp\/v2\/comments?post=3690145"}],"version-history":[{"count":0,"href":"https:\/\/stoic-curie.212-227-153-4.plesk.page\/hr\/wp-json\/wp\/v2\/product\/3690145\/revisions"}],"wp:featuredmedia":[{"embeddable":true,"href":"https:\/\/stoic-curie.212-227-153-4.plesk.page\/hr\/wp-json\/wp\/v2\/media\/5943435"}],"wp:attachment":[{"href":"https:\/\/stoic-curie.212-227-153-4.plesk.page\/hr\/wp-json\/wp\/v2\/media?parent=3690145"}],"wp:term":[{"taxonomy":"product_brand","embeddable":true,"href":"https:\/\/stoic-curie.212-227-153-4.plesk.page\/hr\/wp-json\/wp\/v2\/product_brand?post=3690145"},{"taxonomy":"product_cat","embeddable":true,"href":"https:\/\/stoic-curie.212-227-153-4.plesk.page\/hr\/wp-json\/wp\/v2\/product_cat?post=3690145"},{"taxonomy":"product_tag","embeddable":true,"href":"https:\/\/stoic-curie.212-227-153-4.plesk.page\/hr\/wp-json\/wp\/v2\/product_tag?post=3690145"}],"curies":[{"name":"wp","href":"https:\/\/api.w.org\/{rel}","templated":true}]}}