{"id":3690146,"date":"2025-10-13T13:41:33","date_gmt":"2025-10-13T17:41:33","guid":{"rendered":"https:\/\/stoic-curie.212-227-153-4.plesk.page\/product\/fendress-navlaka-za-bokobran-a4-crna\/"},"modified":"2026-02-25T00:00:58","modified_gmt":"2026-02-25T00:00:58","slug":"fendress-navlaka-za-bokobran-a4-crna","status":"publish","type":"product","link":"https:\/\/stoic-curie.212-227-153-4.plesk.page\/hr\/product\/fendress-navlaka-za-bokobran-a4-crna\/","title":{"rendered":"Fendress navlaka za bokobran A4 crna"},"content":{"rendered":"<p>Fendress navlaka za bokobran A4 crna &#8211; <\/p>\n<p>Ru\u010dno ra\u0111ene Fendress navlake za fendere od pli\u0161anog flisa. Premium za\u0161tita za va\u0161e fendere, dok elimini\u0161u \u0161kripanje i o\u0161te\u0107enja. Meke i izdr\u017eljive, ove navlake \u0161tite efikasno va\u0161u gel-coat boju i produ\u017euju \u017eivot va\u0161ih fendera. <br \/>\u2022 &#8220;Fendress Covers&#8221; su 100% akril, ru\u010dno ra\u0111ene premium kvalitete, otporne i ne-abrazivne. Meke, pli\u0161ane navlake za fendere nude ultimate za\u0161titu za va\u0161e gornje dijelove. <br \/>\u2022 &#8220;Fendress Covers&#8221; su otporne na UV zrake i slanu vodu, efikasno \u0161tite\u0107i va\u0161u gel-coat boju od o\u0161te\u0107enja i abrazija. \u010cvrsti flis tkanina sadr\u017ei sve najbolje karakteristike, uklju\u010duju\u0107i otpornost na kidanje i abraziju, brzo su\u0161enje i lako uklanjanje za \u010di\u0161\u0107enje. <br \/>\u2022 &#8220;Fendress Covers&#8221; produ\u017euju vijek trajanja va\u0161ih fendera i elimini\u0161u iritantnu \u0161kripu. UV-otporn colours ne ostavljaju tragove na va\u0161im gornjim dijelovima. Pranje u ma\u0161ini. <br \/>\u2022 &#8220;Fendress Covers&#8221; s visoko otporno\u0161\u0107u na vrhu i elastiziranom donjom rubu omogu\u0107uju prilago\u0111eno prianjanje za sve vrste fendera. Navlake su dostupne u 9 boja.<\/p>\n","protected":false},"excerpt":{"rendered":"<p>Fendress navlaka za bokobran A4 crna &#8211; Ru\u010dno ra\u0111ene Fendress navlake za fendere od pli\u0161anog flisa. Premium za\u0161tita za va\u0161e<\/p>\n","protected":false},"featured_media":5943435,"comment_status":"closed","ping_status":"closed","template":"","meta":[],"product_brand":[2936],"product_cat":[1851],"product_tag":[],"class_list":{"0":"post-3690146","1":"product","2":"type-product","3":"status-publish","4":"has-post-thumbnail","6":"product_brand-fendress-hr","7":"product_cat-navlake-za-bokobrane","9":"first","10":"instock","11":"shipping-taxable","12":"purchasable","13":"product-type-simple"},"_links":{"self":[{"href":"https:\/\/stoic-curie.212-227-153-4.plesk.page\/hr\/wp-json\/wp\/v2\/product\/3690146","targetHints":{"allow":["GET"]}}],"collection":[{"href":"https:\/\/stoic-curie.212-227-153-4.plesk.page\/hr\/wp-json\/wp\/v2\/product"}],"about":[{"href":"https:\/\/stoic-curie.212-227-153-4.plesk.page\/hr\/wp-json\/wp\/v2\/types\/product"}],"replies":[{"embeddable":true,"href":"https:\/\/stoic-curie.212-227-153-4.plesk.page\/hr\/wp-json\/wp\/v2\/comments?post=3690146"}],"version-history":[{"count":0,"href":"https:\/\/stoic-curie.212-227-153-4.plesk.page\/hr\/wp-json\/wp\/v2\/product\/3690146\/revisions"}],"wp:featuredmedia":[{"embeddable":true,"href":"https:\/\/stoic-curie.212-227-153-4.plesk.page\/hr\/wp-json\/wp\/v2\/media\/5943435"}],"wp:attachment":[{"href":"https:\/\/stoic-curie.212-227-153-4.plesk.page\/hr\/wp-json\/wp\/v2\/media?parent=3690146"}],"wp:term":[{"taxonomy":"product_brand","embeddable":true,"href":"https:\/\/stoic-curie.212-227-153-4.plesk.page\/hr\/wp-json\/wp\/v2\/product_brand?post=3690146"},{"taxonomy":"product_cat","embeddable":true,"href":"https:\/\/stoic-curie.212-227-153-4.plesk.page\/hr\/wp-json\/wp\/v2\/product_cat?post=3690146"},{"taxonomy":"product_tag","embeddable":true,"href":"https:\/\/stoic-curie.212-227-153-4.plesk.page\/hr\/wp-json\/wp\/v2\/product_tag?post=3690146"}],"curies":[{"name":"wp","href":"https:\/\/api.w.org\/{rel}","templated":true}]}}