{"id":3690148,"date":"2025-10-13T13:41:33","date_gmt":"2025-10-13T17:41:33","guid":{"rendered":"https:\/\/stoic-curie.212-227-153-4.plesk.page\/product\/fendress-bokobran-poklopac-a4-mekana-siva\/"},"modified":"2026-02-25T00:00:58","modified_gmt":"2026-02-25T00:00:58","slug":"fendress-bokobran-poklopac-a4-mekana-siva","status":"publish","type":"product","link":"https:\/\/stoic-curie.212-227-153-4.plesk.page\/hr\/product\/fendress-bokobran-poklopac-a4-mekana-siva\/","title":{"rendered":"Fendress bokobran poklopac A4 mekana siva"},"content":{"rendered":"<p>Fendress bokobran poklopac A4 mekana siva &#8211; <\/p>\n<p>Ru\u010dni pokriva\u010di za fendere Fendress od pli\u0161ane tkanine. Premium za\u0161tita za va\u0161e fendere koja eliminira \u0161kripanje i ogrebotine. Mekani i \u010dvrsti, ovi pokriva\u010di efikasno \u0161tite va\u0161u gelcoat boju i produ\u017euju \u017eivotni vijek va\u0161ih fendera. <br \/>\u2022 &#8220;Fendress Covers&#8221; su 100% akrilni, ru\u010dno izra\u0111eni, vrhunske kvalitete, otporni i neabrazivni. Mekani, pli\u0161ani pokriva\u010di za fendere nude najbolju za\u0161titu za va\u0161e bo\u010dne strane.<br \/>\u2022 &#8220;Fendress Covers&#8221; su otporni na UV zra\u010denje i morsku vodu, u\u010dinkovito \u0161tite\u0107i va\u0161u gelcoat boju od ogrebotina i abrazija. \u010cvrsta i izdr\u017eljiva tkanina od pli\u0161a ima sve najbolje karakteristike, uklju\u010duju\u0107i otpornost na kidanje i abraziju, brzo su\u0161enje i lako uklanjanje za \u010di\u0161\u0107enje.<br \/>\u2022 &#8220;Fendress Covers&#8221; produ\u017euju \u017eivotni vijek va\u0161ih fendera i eliminiraju iritantno \u0161kripanje. Boje otporne na UV zra\u010denje ne ostavljaju tragove na va\u0161im bo\u010dnim stranama. Perive u ma\u0161ini.<br \/>\u2022 &#8220;Fendress Covers&#8221; s visokim otporom na vrhu i elasti\u010dnim donjim rubom omogu\u0107uju prilagodljivu prilagodbu za sve vrste fendera. Pokriva\u010di su dostupni u 9 boja.<\/p>\n","protected":false},"excerpt":{"rendered":"<p>Fendress bokobran poklopac A4 mekana siva &#8211; Ru\u010dni pokriva\u010di za fendere Fendress od pli\u0161ane tkanine. Premium za\u0161tita za va\u0161e fendere<\/p>\n","protected":false},"featured_media":5943435,"comment_status":"closed","ping_status":"closed","template":"","meta":[],"product_brand":[2936],"product_cat":[1851],"product_tag":[],"class_list":{"0":"post-3690148","1":"product","2":"type-product","3":"status-publish","4":"has-post-thumbnail","6":"product_brand-fendress-hr","7":"product_cat-navlake-za-bokobrane","9":"first","10":"outofstock","11":"shipping-taxable","12":"purchasable","13":"product-type-simple"},"_links":{"self":[{"href":"https:\/\/stoic-curie.212-227-153-4.plesk.page\/hr\/wp-json\/wp\/v2\/product\/3690148","targetHints":{"allow":["GET"]}}],"collection":[{"href":"https:\/\/stoic-curie.212-227-153-4.plesk.page\/hr\/wp-json\/wp\/v2\/product"}],"about":[{"href":"https:\/\/stoic-curie.212-227-153-4.plesk.page\/hr\/wp-json\/wp\/v2\/types\/product"}],"replies":[{"embeddable":true,"href":"https:\/\/stoic-curie.212-227-153-4.plesk.page\/hr\/wp-json\/wp\/v2\/comments?post=3690148"}],"version-history":[{"count":0,"href":"https:\/\/stoic-curie.212-227-153-4.plesk.page\/hr\/wp-json\/wp\/v2\/product\/3690148\/revisions"}],"wp:featuredmedia":[{"embeddable":true,"href":"https:\/\/stoic-curie.212-227-153-4.plesk.page\/hr\/wp-json\/wp\/v2\/media\/5943435"}],"wp:attachment":[{"href":"https:\/\/stoic-curie.212-227-153-4.plesk.page\/hr\/wp-json\/wp\/v2\/media?parent=3690148"}],"wp:term":[{"taxonomy":"product_brand","embeddable":true,"href":"https:\/\/stoic-curie.212-227-153-4.plesk.page\/hr\/wp-json\/wp\/v2\/product_brand?post=3690148"},{"taxonomy":"product_cat","embeddable":true,"href":"https:\/\/stoic-curie.212-227-153-4.plesk.page\/hr\/wp-json\/wp\/v2\/product_cat?post=3690148"},{"taxonomy":"product_tag","embeddable":true,"href":"https:\/\/stoic-curie.212-227-153-4.plesk.page\/hr\/wp-json\/wp\/v2\/product_tag?post=3690148"}],"curies":[{"name":"wp","href":"https:\/\/api.w.org\/{rel}","templated":true}]}}