{"id":3690150,"date":"2025-10-13T13:41:34","date_gmt":"2025-10-13T17:41:34","guid":{"rendered":"https:\/\/stoic-curie.212-227-153-4.plesk.page\/product\/fendress-navlaka-za-bokobran-a5-bez\/"},"modified":"2026-02-25T00:00:58","modified_gmt":"2026-02-25T00:00:58","slug":"fendress-navlaka-za-bokobran-a5-bez","status":"publish","type":"product","link":"https:\/\/stoic-curie.212-227-153-4.plesk.page\/hr\/product\/fendress-navlaka-za-bokobran-a5-bez\/","title":{"rendered":"Fendress Navlaka za bokobran A5 Be\u017e"},"content":{"rendered":"<p>Fendress Navlaka za bokobran A5 Be\u017e &#8211; <\/p>\n<p>Ru\u010dno izra\u0111ene Fendress navlake za fendere od pli\u0161anog flisa. Premium za\u0161tita za va\u0161e fendere, dok istovremeno eliminira \u0161kripanje fendera i ogrebotine. Mekane i trajne, ove navlake u\u010dinkovito \u0161tite va\u0161u gel-coat boju i produ\u017euju vijek trajanja va\u0161ih fendera.<\/p>\n<p>\u2022 \u201eFendress Covers\u201c su 100% akrilne, ru\u010dno ra\u0111ene, premium kvalitetne, otporne i neabrazivne pletene obloge. Mekane, pli\u0161ane navlake za fendere pru\u017eaju vrhunsku za\u0161titu za va\u0161u povr\u0161inu.<br \/>\u2022 \u201eFendress Covers\u201c su otporne na UV zrake i morsku vodu, u\u010dinkovito \u0161tite\u0107i va\u0161u gel-coat boju od ogrebotina i abrazija. Izdr\u017eljivo i robusno flisa tkanina sadr\u017ei sve najbolje karakteristike, uklju\u010duju\u0107i otpornost na kidanje i abraziju, brzu su\u0161enje te lako uklanjanje za \u010di\u0161\u0107enje.<br \/>\u2022 \u201eFendress Covers\u201c produ\u017euju vijek trajanja va\u0161ih fendera i uklanjaju iritantno \u0161kripanje. Boje otporne na UV ne ostavljaju tragove na va\u0161im povr\u0161inama. Mogu se prati u perilici.<br \/>\u2022 \u201eFendress Covers\u201c s visokom otporno\u0161\u0107u, gornji dio i elasti\u010dni donji rub omogu\u0107avaju prilago\u0111eno prianjanje za sve tipove fendera. Navlake su dostupne u 9 boja.<\/p>\n","protected":false},"excerpt":{"rendered":"<p>Fendress Navlaka za bokobran A5 Be\u017e &#8211; Ru\u010dno izra\u0111ene Fendress navlake za fendere od pli\u0161anog flisa. Premium za\u0161tita za va\u0161e<\/p>\n","protected":false},"featured_media":5943435,"comment_status":"closed","ping_status":"closed","template":"","meta":[],"product_brand":[2936],"product_cat":[1851],"product_tag":[],"class_list":{"0":"post-3690150","1":"product","2":"type-product","3":"status-publish","4":"has-post-thumbnail","6":"product_brand-fendress-hr","7":"product_cat-navlake-za-bokobrane","9":"first","10":"instock","11":"shipping-taxable","12":"purchasable","13":"product-type-simple"},"_links":{"self":[{"href":"https:\/\/stoic-curie.212-227-153-4.plesk.page\/hr\/wp-json\/wp\/v2\/product\/3690150","targetHints":{"allow":["GET"]}}],"collection":[{"href":"https:\/\/stoic-curie.212-227-153-4.plesk.page\/hr\/wp-json\/wp\/v2\/product"}],"about":[{"href":"https:\/\/stoic-curie.212-227-153-4.plesk.page\/hr\/wp-json\/wp\/v2\/types\/product"}],"replies":[{"embeddable":true,"href":"https:\/\/stoic-curie.212-227-153-4.plesk.page\/hr\/wp-json\/wp\/v2\/comments?post=3690150"}],"version-history":[{"count":0,"href":"https:\/\/stoic-curie.212-227-153-4.plesk.page\/hr\/wp-json\/wp\/v2\/product\/3690150\/revisions"}],"wp:featuredmedia":[{"embeddable":true,"href":"https:\/\/stoic-curie.212-227-153-4.plesk.page\/hr\/wp-json\/wp\/v2\/media\/5943435"}],"wp:attachment":[{"href":"https:\/\/stoic-curie.212-227-153-4.plesk.page\/hr\/wp-json\/wp\/v2\/media?parent=3690150"}],"wp:term":[{"taxonomy":"product_brand","embeddable":true,"href":"https:\/\/stoic-curie.212-227-153-4.plesk.page\/hr\/wp-json\/wp\/v2\/product_brand?post=3690150"},{"taxonomy":"product_cat","embeddable":true,"href":"https:\/\/stoic-curie.212-227-153-4.plesk.page\/hr\/wp-json\/wp\/v2\/product_cat?post=3690150"},{"taxonomy":"product_tag","embeddable":true,"href":"https:\/\/stoic-curie.212-227-153-4.plesk.page\/hr\/wp-json\/wp\/v2\/product_tag?post=3690150"}],"curies":[{"name":"wp","href":"https:\/\/api.w.org\/{rel}","templated":true}]}}