{"id":3690154,"date":"2025-10-13T13:41:35","date_gmt":"2025-10-13T17:41:35","guid":{"rendered":"https:\/\/stoic-curie.212-227-153-4.plesk.page\/product\/ojacani-plasticni-palubni-cep-s-ljepljivim-naljepnicama-38-x-85-mm\/"},"modified":"2026-02-25T00:00:58","modified_gmt":"2026-02-25T00:00:58","slug":"ojacani-plasticni-palubni-cep-s-ljepljivim-naljepnicama-38-x-85-mm","status":"publish","type":"product","link":"https:\/\/stoic-curie.212-227-153-4.plesk.page\/hr\/product\/ojacani-plasticni-palubni-cep-s-ljepljivim-naljepnicama-38-x-85-mm\/","title":{"rendered":"Oja\u010dani plasti\u010dni palubni \u010dep s ljepljivim naljepnicama 38 x 85 mm"},"content":{"rendered":"<p>Oja\u010dani plasti\u010dni palubni \u010dep s ljepljivim naljepnicama 38 x 85 mm &#8211; <\/p>\n<p>Oja\u010dani najlonski pokrovi s ljepljivim etiketama. Mo\u017ee se otvoriti pomo\u0107u ru\u010dke vitla.<\/p>\n","protected":false},"excerpt":{"rendered":"<p>Oja\u010dani plasti\u010dni palubni \u010dep s ljepljivim naljepnicama 38 x 85 mm &#8211; Oja\u010dani najlonski pokrovi s ljepljivim etiketama. Mo\u017ee se<\/p>\n","protected":false},"featured_media":5943439,"comment_status":"closed","ping_status":"closed","template":"","meta":[],"product_brand":[3211],"product_cat":[1801,1668],"product_tag":[],"class_list":{"0":"post-3690154","1":"product","2":"type-product","3":"status-publish","4":"has-post-thumbnail","6":"product_brand-nuova-rade-hr","7":"product_cat-cepovi-za-punjenje-goriva","8":"product_cat-palubni-otvori-za-punjenje-vode","10":"first","11":"instock","12":"shipping-taxable","13":"purchasable","14":"product-type-simple"},"_links":{"self":[{"href":"https:\/\/stoic-curie.212-227-153-4.plesk.page\/hr\/wp-json\/wp\/v2\/product\/3690154","targetHints":{"allow":["GET"]}}],"collection":[{"href":"https:\/\/stoic-curie.212-227-153-4.plesk.page\/hr\/wp-json\/wp\/v2\/product"}],"about":[{"href":"https:\/\/stoic-curie.212-227-153-4.plesk.page\/hr\/wp-json\/wp\/v2\/types\/product"}],"replies":[{"embeddable":true,"href":"https:\/\/stoic-curie.212-227-153-4.plesk.page\/hr\/wp-json\/wp\/v2\/comments?post=3690154"}],"version-history":[{"count":0,"href":"https:\/\/stoic-curie.212-227-153-4.plesk.page\/hr\/wp-json\/wp\/v2\/product\/3690154\/revisions"}],"wp:featuredmedia":[{"embeddable":true,"href":"https:\/\/stoic-curie.212-227-153-4.plesk.page\/hr\/wp-json\/wp\/v2\/media\/5943439"}],"wp:attachment":[{"href":"https:\/\/stoic-curie.212-227-153-4.plesk.page\/hr\/wp-json\/wp\/v2\/media?parent=3690154"}],"wp:term":[{"taxonomy":"product_brand","embeddable":true,"href":"https:\/\/stoic-curie.212-227-153-4.plesk.page\/hr\/wp-json\/wp\/v2\/product_brand?post=3690154"},{"taxonomy":"product_cat","embeddable":true,"href":"https:\/\/stoic-curie.212-227-153-4.plesk.page\/hr\/wp-json\/wp\/v2\/product_cat?post=3690154"},{"taxonomy":"product_tag","embeddable":true,"href":"https:\/\/stoic-curie.212-227-153-4.plesk.page\/hr\/wp-json\/wp\/v2\/product_tag?post=3690154"}],"curies":[{"name":"wp","href":"https:\/\/api.w.org\/{rel}","templated":true}]}}