{"id":3690183,"date":"2025-10-13T13:41:43","date_gmt":"2025-10-13T17:41:43","guid":{"rendered":"https:\/\/stoic-curie.212-227-153-4.plesk.page\/product\/ngk-svjecica-bpz7hs-10\/"},"modified":"2026-02-25T00:00:59","modified_gmt":"2026-02-25T00:00:59","slug":"ngk-svjecica-bpz7hs-10","status":"publish","type":"product","link":"https:\/\/stoic-curie.212-227-153-4.plesk.page\/hr\/product\/ngk-svjecica-bpz7hs-10\/","title":{"rendered":"NGK svje\u010dica BPZ7HS-10"},"content":{"rendered":"<p>NGK svje\u010dica BPZ7HS-10 &#8211; <\/p>\n<p>Motomarine i OEM referentna tabela. Lijevi stupac sadr\u017ei Motomarine kode za svje\u0107ice. Desni stupac sadr\u017ei OEM kode za svje\u0107ice.<\/p>\n","protected":false},"excerpt":{"rendered":"<p>NGK svje\u010dica BPZ7HS-10 &#8211; Motomarine i OEM referentna tabela. Lijevi stupac sadr\u017ei Motomarine kode za svje\u0107ice. Desni stupac sadr\u017ei OEM<\/p>\n","protected":false},"featured_media":5940460,"comment_status":"closed","ping_status":"closed","template":"","meta":[],"product_brand":[3191],"product_cat":[1819],"product_tag":[],"class_list":{"0":"post-3690183","1":"product","2":"type-product","3":"status-publish","4":"has-post-thumbnail","6":"product_brand-ngk-hr","7":"product_cat-brodske-svjecice","9":"first","10":"outofstock","11":"shipping-taxable","12":"purchasable","13":"product-type-simple"},"_links":{"self":[{"href":"https:\/\/stoic-curie.212-227-153-4.plesk.page\/hr\/wp-json\/wp\/v2\/product\/3690183","targetHints":{"allow":["GET"]}}],"collection":[{"href":"https:\/\/stoic-curie.212-227-153-4.plesk.page\/hr\/wp-json\/wp\/v2\/product"}],"about":[{"href":"https:\/\/stoic-curie.212-227-153-4.plesk.page\/hr\/wp-json\/wp\/v2\/types\/product"}],"replies":[{"embeddable":true,"href":"https:\/\/stoic-curie.212-227-153-4.plesk.page\/hr\/wp-json\/wp\/v2\/comments?post=3690183"}],"version-history":[{"count":0,"href":"https:\/\/stoic-curie.212-227-153-4.plesk.page\/hr\/wp-json\/wp\/v2\/product\/3690183\/revisions"}],"wp:featuredmedia":[{"embeddable":true,"href":"https:\/\/stoic-curie.212-227-153-4.plesk.page\/hr\/wp-json\/wp\/v2\/media\/5940460"}],"wp:attachment":[{"href":"https:\/\/stoic-curie.212-227-153-4.plesk.page\/hr\/wp-json\/wp\/v2\/media?parent=3690183"}],"wp:term":[{"taxonomy":"product_brand","embeddable":true,"href":"https:\/\/stoic-curie.212-227-153-4.plesk.page\/hr\/wp-json\/wp\/v2\/product_brand?post=3690183"},{"taxonomy":"product_cat","embeddable":true,"href":"https:\/\/stoic-curie.212-227-153-4.plesk.page\/hr\/wp-json\/wp\/v2\/product_cat?post=3690183"},{"taxonomy":"product_tag","embeddable":true,"href":"https:\/\/stoic-curie.212-227-153-4.plesk.page\/hr\/wp-json\/wp\/v2\/product_tag?post=3690183"}],"curies":[{"name":"wp","href":"https:\/\/api.w.org\/{rel}","templated":true}]}}