{"id":3690184,"date":"2025-10-13T13:41:44","date_gmt":"2025-10-13T17:41:44","guid":{"rendered":"https:\/\/stoic-curie.212-227-153-4.plesk.page\/product\/ngk-svjecica-bpz8hs-15\/"},"modified":"2026-02-25T00:00:59","modified_gmt":"2026-02-25T00:00:59","slug":"ngk-svjecica-bpz8hs-15","status":"publish","type":"product","link":"https:\/\/stoic-curie.212-227-153-4.plesk.page\/hr\/product\/ngk-svjecica-bpz8hs-15\/","title":{"rendered":"NGK svje\u010dica BPZ8HS-15"},"content":{"rendered":"<p>NGK svje\u010dica BPZ8HS-15 &#8211; <\/p>\n<p>Motomarine vs OEM kri\u017ena referentna tablica. Lijevi stupac sadr\u017ei kodove svje\u0107ica Motomarine. Desni stupac sadr\u017ei kodove svje\u0107ica OEM.<\/p>\n","protected":false},"excerpt":{"rendered":"<p>NGK svje\u010dica BPZ8HS-15 &#8211; Motomarine vs OEM kri\u017ena referentna tablica. Lijevi stupac sadr\u017ei kodove svje\u0107ica Motomarine. Desni stupac sadr\u017ei kodove<\/p>\n","protected":false},"featured_media":5940460,"comment_status":"closed","ping_status":"closed","template":"","meta":[],"product_brand":[3191],"product_cat":[1819],"product_tag":[],"class_list":{"0":"post-3690184","1":"product","2":"type-product","3":"status-publish","4":"has-post-thumbnail","6":"product_brand-ngk-hr","7":"product_cat-brodske-svjecice","9":"first","10":"instock","11":"shipping-taxable","12":"purchasable","13":"product-type-simple"},"_links":{"self":[{"href":"https:\/\/stoic-curie.212-227-153-4.plesk.page\/hr\/wp-json\/wp\/v2\/product\/3690184","targetHints":{"allow":["GET"]}}],"collection":[{"href":"https:\/\/stoic-curie.212-227-153-4.plesk.page\/hr\/wp-json\/wp\/v2\/product"}],"about":[{"href":"https:\/\/stoic-curie.212-227-153-4.plesk.page\/hr\/wp-json\/wp\/v2\/types\/product"}],"replies":[{"embeddable":true,"href":"https:\/\/stoic-curie.212-227-153-4.plesk.page\/hr\/wp-json\/wp\/v2\/comments?post=3690184"}],"version-history":[{"count":0,"href":"https:\/\/stoic-curie.212-227-153-4.plesk.page\/hr\/wp-json\/wp\/v2\/product\/3690184\/revisions"}],"wp:featuredmedia":[{"embeddable":true,"href":"https:\/\/stoic-curie.212-227-153-4.plesk.page\/hr\/wp-json\/wp\/v2\/media\/5940460"}],"wp:attachment":[{"href":"https:\/\/stoic-curie.212-227-153-4.plesk.page\/hr\/wp-json\/wp\/v2\/media?parent=3690184"}],"wp:term":[{"taxonomy":"product_brand","embeddable":true,"href":"https:\/\/stoic-curie.212-227-153-4.plesk.page\/hr\/wp-json\/wp\/v2\/product_brand?post=3690184"},{"taxonomy":"product_cat","embeddable":true,"href":"https:\/\/stoic-curie.212-227-153-4.plesk.page\/hr\/wp-json\/wp\/v2\/product_cat?post=3690184"},{"taxonomy":"product_tag","embeddable":true,"href":"https:\/\/stoic-curie.212-227-153-4.plesk.page\/hr\/wp-json\/wp\/v2\/product_tag?post=3690184"}],"curies":[{"name":"wp","href":"https:\/\/api.w.org\/{rel}","templated":true}]}}