{"id":3690261,"date":"2025-10-13T13:42:04","date_gmt":"2025-10-13T17:42:04","guid":{"rendered":"https:\/\/stoic-curie.212-227-153-4.plesk.page\/product\/zastitne-anoda-za-pramcani-propeler-sleipner-sp125\/"},"modified":"2026-02-25T00:00:59","modified_gmt":"2026-02-25T00:00:59","slug":"zastitne-anoda-za-pramcani-propeler-sleipner-sp125","status":"publish","type":"product","link":"https:\/\/stoic-curie.212-227-153-4.plesk.page\/hr\/product\/zastitne-anoda-za-pramcani-propeler-sleipner-sp125\/","title":{"rendered":"Za\u0161titne anoda za pram\u010dani propeler Sleipner SP125"},"content":{"rendered":"<p>Za\u0161titne anoda za pram\u010dani propeler Sleipner SP125 &#8211; <\/p>\n<p>Hexagonalna ogivna anoda za Sleipner SP125 potisnik pramca.<\/p>\n","protected":false},"excerpt":{"rendered":"<p>Za\u0161titne anoda za pram\u010dani propeler Sleipner SP125 &#8211; Hexagonalna ogivna anoda za Sleipner SP125 potisnik pramca.<\/p>\n","protected":false},"featured_media":5943556,"comment_status":"closed","ping_status":"closed","template":"","meta":[],"product_brand":[3476],"product_cat":[1636],"product_tag":[],"class_list":{"0":"post-3690261","1":"product","2":"type-product","3":"status-publish","4":"has-post-thumbnail","6":"product_brand-tecnoseal-hr","7":"product_cat-anode-za-propelere","9":"first","10":"instock","11":"shipping-taxable","12":"purchasable","13":"product-type-simple"},"_links":{"self":[{"href":"https:\/\/stoic-curie.212-227-153-4.plesk.page\/hr\/wp-json\/wp\/v2\/product\/3690261","targetHints":{"allow":["GET"]}}],"collection":[{"href":"https:\/\/stoic-curie.212-227-153-4.plesk.page\/hr\/wp-json\/wp\/v2\/product"}],"about":[{"href":"https:\/\/stoic-curie.212-227-153-4.plesk.page\/hr\/wp-json\/wp\/v2\/types\/product"}],"replies":[{"embeddable":true,"href":"https:\/\/stoic-curie.212-227-153-4.plesk.page\/hr\/wp-json\/wp\/v2\/comments?post=3690261"}],"version-history":[{"count":0,"href":"https:\/\/stoic-curie.212-227-153-4.plesk.page\/hr\/wp-json\/wp\/v2\/product\/3690261\/revisions"}],"wp:featuredmedia":[{"embeddable":true,"href":"https:\/\/stoic-curie.212-227-153-4.plesk.page\/hr\/wp-json\/wp\/v2\/media\/5943556"}],"wp:attachment":[{"href":"https:\/\/stoic-curie.212-227-153-4.plesk.page\/hr\/wp-json\/wp\/v2\/media?parent=3690261"}],"wp:term":[{"taxonomy":"product_brand","embeddable":true,"href":"https:\/\/stoic-curie.212-227-153-4.plesk.page\/hr\/wp-json\/wp\/v2\/product_brand?post=3690261"},{"taxonomy":"product_cat","embeddable":true,"href":"https:\/\/stoic-curie.212-227-153-4.plesk.page\/hr\/wp-json\/wp\/v2\/product_cat?post=3690261"},{"taxonomy":"product_tag","embeddable":true,"href":"https:\/\/stoic-curie.212-227-153-4.plesk.page\/hr\/wp-json\/wp\/v2\/product_tag?post=3690261"}],"curies":[{"name":"wp","href":"https:\/\/api.w.org\/{rel}","templated":true}]}}