{"id":3690271,"date":"2025-10-13T13:42:07","date_gmt":"2025-10-13T17:42:07","guid":{"rendered":"https:\/\/stoic-curie.212-227-153-4.plesk.page\/product\/pojacana-plasticna-prilagodiljiva-baza-glomex-ra115\/"},"modified":"2026-02-25T00:00:59","modified_gmt":"2026-02-25T00:00:59","slug":"pojacana-plasticna-prilagodiljiva-baza-glomex-ra115","status":"publish","type":"product","link":"https:\/\/stoic-curie.212-227-153-4.plesk.page\/hr\/product\/pojacana-plasticna-prilagodiljiva-baza-glomex-ra115\/","title":{"rendered":"Poja\u010dana plasti\u010dna prilagodiljiva baza Glomex Ra115"},"content":{"rendered":"<p>Poja\u010dana plasti\u010dna prilagodiljiva baza Glomex Ra115 &#8211; <\/p>\n<p>RA115 oja\u010dana najlonska podesiva baza za polugu. Standardna navoja 1&#8243; x 14 sa priklju\u010dnom plo\u010dom 100 x 60 mm.<\/p>\n","protected":false},"excerpt":{"rendered":"<p>Poja\u010dana plasti\u010dna prilagodiljiva baza Glomex Ra115 &#8211; RA115 oja\u010dana najlonska podesiva baza za polugu. Standardna navoja 1&#8243; x 14 sa<\/p>\n","protected":false},"featured_media":5943579,"comment_status":"closed","ping_status":"closed","template":"","meta":[],"product_brand":[2981],"product_cat":[1753],"product_tag":[],"class_list":{"0":"post-3690271","1":"product","2":"type-product","3":"status-publish","4":"has-post-thumbnail","6":"product_brand-glomex-hr","7":"product_cat-vhf-antene","9":"first","10":"instock","11":"shipping-taxable","12":"purchasable","13":"product-type-simple"},"_links":{"self":[{"href":"https:\/\/stoic-curie.212-227-153-4.plesk.page\/hr\/wp-json\/wp\/v2\/product\/3690271","targetHints":{"allow":["GET"]}}],"collection":[{"href":"https:\/\/stoic-curie.212-227-153-4.plesk.page\/hr\/wp-json\/wp\/v2\/product"}],"about":[{"href":"https:\/\/stoic-curie.212-227-153-4.plesk.page\/hr\/wp-json\/wp\/v2\/types\/product"}],"replies":[{"embeddable":true,"href":"https:\/\/stoic-curie.212-227-153-4.plesk.page\/hr\/wp-json\/wp\/v2\/comments?post=3690271"}],"version-history":[{"count":0,"href":"https:\/\/stoic-curie.212-227-153-4.plesk.page\/hr\/wp-json\/wp\/v2\/product\/3690271\/revisions"}],"wp:featuredmedia":[{"embeddable":true,"href":"https:\/\/stoic-curie.212-227-153-4.plesk.page\/hr\/wp-json\/wp\/v2\/media\/5943579"}],"wp:attachment":[{"href":"https:\/\/stoic-curie.212-227-153-4.plesk.page\/hr\/wp-json\/wp\/v2\/media?parent=3690271"}],"wp:term":[{"taxonomy":"product_brand","embeddable":true,"href":"https:\/\/stoic-curie.212-227-153-4.plesk.page\/hr\/wp-json\/wp\/v2\/product_brand?post=3690271"},{"taxonomy":"product_cat","embeddable":true,"href":"https:\/\/stoic-curie.212-227-153-4.plesk.page\/hr\/wp-json\/wp\/v2\/product_cat?post=3690271"},{"taxonomy":"product_tag","embeddable":true,"href":"https:\/\/stoic-curie.212-227-153-4.plesk.page\/hr\/wp-json\/wp\/v2\/product_tag?post=3690271"}],"curies":[{"name":"wp","href":"https:\/\/api.w.org\/{rel}","templated":true}]}}