{"id":3690275,"date":"2025-10-13T13:42:08","date_gmt":"2025-10-13T17:42:08","guid":{"rendered":"https:\/\/stoic-curie.212-227-153-4.plesk.page\/product\/pvc-cetka-za-trup-broda-ergonomskom-drskom-150-x-90-mm\/"},"modified":"2026-02-25T00:00:59","modified_gmt":"2026-02-25T00:00:59","slug":"pvc-cetka-za-trup-broda-ergonomskom-drskom-150-x-90-mm","status":"publish","type":"product","link":"https:\/\/stoic-curie.212-227-153-4.plesk.page\/hr\/product\/pvc-cetka-za-trup-broda-ergonomskom-drskom-150-x-90-mm\/","title":{"rendered":"Pvc \u010detka za trup broda ergonomskom dr\u0161kom 150 x 90 mm"},"content":{"rendered":"<p>Pvc \u010detka za trup broda ergonomskom dr\u0161kom 150 x 90 mm &#8211; <\/p>\n<p>PVC \u010detka za trupu s ergonomskom dr\u0161kom. Savr\u0161ena za te\u0161ke prljav\u0161tine, \u010di\u0161\u0107enje trupa i uklanjanje kamenca.<\/p>\n","protected":false},"excerpt":{"rendered":"<p>Pvc \u010detka za trup broda ergonomskom dr\u0161kom 150 x 90 mm &#8211; PVC \u010detka za trupu s ergonomskom dr\u0161kom. Savr\u0161ena<\/p>\n","protected":false},"featured_media":5943597,"comment_status":"closed","ping_status":"closed","template":"","meta":[],"product_brand":[3491],"product_cat":[1633],"product_tag":[],"class_list":{"0":"post-3690275","1":"product","2":"type-product","3":"status-publish","4":"has-post-thumbnail","6":"product_brand-trem-hr","7":"product_cat-cetke-za-ciscenje","9":"first","10":"instock","11":"shipping-taxable","12":"purchasable","13":"product-type-simple"},"_links":{"self":[{"href":"https:\/\/stoic-curie.212-227-153-4.plesk.page\/hr\/wp-json\/wp\/v2\/product\/3690275","targetHints":{"allow":["GET"]}}],"collection":[{"href":"https:\/\/stoic-curie.212-227-153-4.plesk.page\/hr\/wp-json\/wp\/v2\/product"}],"about":[{"href":"https:\/\/stoic-curie.212-227-153-4.plesk.page\/hr\/wp-json\/wp\/v2\/types\/product"}],"replies":[{"embeddable":true,"href":"https:\/\/stoic-curie.212-227-153-4.plesk.page\/hr\/wp-json\/wp\/v2\/comments?post=3690275"}],"version-history":[{"count":0,"href":"https:\/\/stoic-curie.212-227-153-4.plesk.page\/hr\/wp-json\/wp\/v2\/product\/3690275\/revisions"}],"wp:featuredmedia":[{"embeddable":true,"href":"https:\/\/stoic-curie.212-227-153-4.plesk.page\/hr\/wp-json\/wp\/v2\/media\/5943597"}],"wp:attachment":[{"href":"https:\/\/stoic-curie.212-227-153-4.plesk.page\/hr\/wp-json\/wp\/v2\/media?parent=3690275"}],"wp:term":[{"taxonomy":"product_brand","embeddable":true,"href":"https:\/\/stoic-curie.212-227-153-4.plesk.page\/hr\/wp-json\/wp\/v2\/product_brand?post=3690275"},{"taxonomy":"product_cat","embeddable":true,"href":"https:\/\/stoic-curie.212-227-153-4.plesk.page\/hr\/wp-json\/wp\/v2\/product_cat?post=3690275"},{"taxonomy":"product_tag","embeddable":true,"href":"https:\/\/stoic-curie.212-227-153-4.plesk.page\/hr\/wp-json\/wp\/v2\/product_tag?post=3690275"}],"curies":[{"name":"wp","href":"https:\/\/api.w.org\/{rel}","templated":true}]}}