{"id":3690281,"date":"2025-10-13T13:42:10","date_gmt":"2025-10-13T17:42:10","guid":{"rendered":"https:\/\/stoic-curie.212-227-153-4.plesk.page\/product\/fendress-navlaka-za-bokobran-a2-blue-royal\/"},"modified":"2026-02-25T00:00:59","modified_gmt":"2026-02-25T00:00:59","slug":"fendress-navlaka-za-bokobran-a2-blue-royal","status":"publish","type":"product","link":"https:\/\/stoic-curie.212-227-153-4.plesk.page\/hr\/product\/fendress-navlaka-za-bokobran-a2-blue-royal\/","title":{"rendered":"Fendress navlaka za bokobran A2 Blue Royal"},"content":{"rendered":"<p>Fendress navlaka za bokobran A2 Blue Royal &#8211; <\/p>\n<p>Ru\u010dna proizvodnja Fendress prekriva\u010da za fendere od pli\u0161anog flisa. Premium za\u0161tita za va\u0161e fendere, uz eliminaciju \u0161kripanja i ogrebotina. Mekani i \u010dvrsti, ovi prekriva\u010di u\u010dinkovito \u0161tite va\u0161u gel-coat boju i produ\u017euju vijek trajanja va\u0161ih fendera. <br \/> \u2022 \u201eFendress Covers\u201c su 100% akrilni, ru\u010dno izra\u0111eni premium kvalitete, otporni i neabrazivni pleteni. Mekani, pli\u0161asti flis fender prekriva\u010di nude najbolju za\u0161titu za va\u0161e strane. <br \/> \u2022 \u201eFendress Covers\u201c su otporni na UV zra\u010denje i morsku vodu, u\u010dinkovito \u0161tite\u0107i va\u0161u gel-coat boju od ogrebotina i abrazija. \u010cvrsto i robusno flisano tkanje sadr\u017ei najbolje osobine, uklju\u010duju\u0107i otpornost na kidanje i abraziju, brzu su\u0161enje i lako uklanjanje radi \u010di\u0161\u0107enja. <br \/> \u2022 \u201eFendress Covers\u201c produ\u017euju \u017eivot va\u0161ih fendera i eliminiraju iritantno \u0161kripanje. Boje otporne na UV zra\u010denje ne ostavljaju tragove na va\u0161im stranama. Mogu se prati u perilici. <br \/> \u2022 \u201eFendress Covers\u201c imaju visoku otpornost na vrhu i elasti\u010dan donji rub koji omogu\u0107ava prilago\u0111eno pristajanje za sve vrste fendera. Prekriva\u010di su dostupni u 9 boja.<\/p>\n","protected":false},"excerpt":{"rendered":"<p>Fendress navlaka za bokobran A2 Blue Royal &#8211; Ru\u010dna proizvodnja Fendress prekriva\u010da za fendere od pli\u0161anog flisa. Premium za\u0161tita za<\/p>\n","protected":false},"featured_media":5943435,"comment_status":"closed","ping_status":"closed","template":"","meta":[],"product_brand":[2936],"product_cat":[1851],"product_tag":[],"class_list":{"0":"post-3690281","1":"product","2":"type-product","3":"status-publish","4":"has-post-thumbnail","6":"product_brand-fendress-hr","7":"product_cat-navlake-za-bokobrane","9":"first","10":"instock","11":"shipping-taxable","12":"purchasable","13":"product-type-simple"},"_links":{"self":[{"href":"https:\/\/stoic-curie.212-227-153-4.plesk.page\/hr\/wp-json\/wp\/v2\/product\/3690281","targetHints":{"allow":["GET"]}}],"collection":[{"href":"https:\/\/stoic-curie.212-227-153-4.plesk.page\/hr\/wp-json\/wp\/v2\/product"}],"about":[{"href":"https:\/\/stoic-curie.212-227-153-4.plesk.page\/hr\/wp-json\/wp\/v2\/types\/product"}],"replies":[{"embeddable":true,"href":"https:\/\/stoic-curie.212-227-153-4.plesk.page\/hr\/wp-json\/wp\/v2\/comments?post=3690281"}],"version-history":[{"count":0,"href":"https:\/\/stoic-curie.212-227-153-4.plesk.page\/hr\/wp-json\/wp\/v2\/product\/3690281\/revisions"}],"wp:featuredmedia":[{"embeddable":true,"href":"https:\/\/stoic-curie.212-227-153-4.plesk.page\/hr\/wp-json\/wp\/v2\/media\/5943435"}],"wp:attachment":[{"href":"https:\/\/stoic-curie.212-227-153-4.plesk.page\/hr\/wp-json\/wp\/v2\/media?parent=3690281"}],"wp:term":[{"taxonomy":"product_brand","embeddable":true,"href":"https:\/\/stoic-curie.212-227-153-4.plesk.page\/hr\/wp-json\/wp\/v2\/product_brand?post=3690281"},{"taxonomy":"product_cat","embeddable":true,"href":"https:\/\/stoic-curie.212-227-153-4.plesk.page\/hr\/wp-json\/wp\/v2\/product_cat?post=3690281"},{"taxonomy":"product_tag","embeddable":true,"href":"https:\/\/stoic-curie.212-227-153-4.plesk.page\/hr\/wp-json\/wp\/v2\/product_tag?post=3690281"}],"curies":[{"name":"wp","href":"https:\/\/api.w.org\/{rel}","templated":true}]}}