{"id":3690283,"date":"2025-10-13T13:42:11","date_gmt":"2025-10-13T17:42:11","guid":{"rendered":"https:\/\/stoic-curie.212-227-153-4.plesk.page\/product\/fendress-navlaka-za-bokobran-a4-blue-royal\/"},"modified":"2026-02-25T00:00:59","modified_gmt":"2026-02-25T00:00:59","slug":"fendress-navlaka-za-bokobran-a4-blue-royal","status":"publish","type":"product","link":"https:\/\/stoic-curie.212-227-153-4.plesk.page\/hr\/product\/fendress-navlaka-za-bokobran-a4-blue-royal\/","title":{"rendered":"Fendress navlaka za bokobran A4 Blue Royal"},"content":{"rendered":"<p>Fendress navlaka za bokobran A4 Blue Royal &#8211; <\/p>\n<p>Mekani fleece ru\u010dno ra\u0111eni Fendress pokriva\u010di za fendere. Premium za\u0161tita za va\u0161e fendere, dok uklanjaju \u0161kripu i ogrebotine. Mekani i izdr\u017eljivi, ovi pokriva\u010di efikasno \u0161tite va\u0161u gelcoat boju i produ\u017eavaju vijek trajanja va\u0161ih fendera.<\/p>\n<p>\u2022 &#8220;Fendress Covers&#8221; su 100% akril, ru\u010dno ra\u0111eni, premium kvalitete, otporni i neabrazivni. Mekani, pli\u0161ani fleece pokriva\u010di pru\u017eaju ultimativnu za\u0161titu za va\u0161e gornje povr\u0161ine.<\/p>\n<p>\u2022 &#8220;Fendress Covers&#8221; su otporni na UV zrake i morsku vodu, efikasno \u0161tite\u0107i va\u0161 gelcoat od ogrebotina i abrazija. \u010cvrsta fleece tkanina sadr\u017ei sve najbolje karakteristike, uklju\u010duju\u0107i otpornost na kidanje i abraziju, brzo su\u0161enje i lako uklanjanje za \u010di\u0161\u0107enje.<\/p>\n<p>\u2022 &#8220;Fendress Covers&#8221; produ\u017eavaju vijek trajanja va\u0161ih fendera i elimini\u0161u iritiraju\u0107e \u0161kripanje. Boje otporne na UV ne ostavljaju tragove na va\u0161im gornjim povr\u0161inama. Perivo u ma\u0161ini.<\/p>\n<p>\u2022 &#8220;Fendress Covers&#8221; imaju vrh visokog otpora i elasti\u010dan donji rub koji omogu\u0107uje prilago\u0111eno pristajanje za sve vrste fendera. Pokriva\u010di su dostupni u 9 boja.<\/p>\n","protected":false},"excerpt":{"rendered":"<p>Fendress navlaka za bokobran A4 Blue Royal &#8211; Mekani fleece ru\u010dno ra\u0111eni Fendress pokriva\u010di za fendere. Premium za\u0161tita za va\u0161e<\/p>\n","protected":false},"featured_media":5943435,"comment_status":"closed","ping_status":"closed","template":"","meta":[],"product_brand":[2936],"product_cat":[1851],"product_tag":[],"class_list":{"0":"post-3690283","1":"product","2":"type-product","3":"status-publish","4":"has-post-thumbnail","6":"product_brand-fendress-hr","7":"product_cat-navlake-za-bokobrane","9":"first","10":"instock","11":"shipping-taxable","12":"purchasable","13":"product-type-simple"},"_links":{"self":[{"href":"https:\/\/stoic-curie.212-227-153-4.plesk.page\/hr\/wp-json\/wp\/v2\/product\/3690283","targetHints":{"allow":["GET"]}}],"collection":[{"href":"https:\/\/stoic-curie.212-227-153-4.plesk.page\/hr\/wp-json\/wp\/v2\/product"}],"about":[{"href":"https:\/\/stoic-curie.212-227-153-4.plesk.page\/hr\/wp-json\/wp\/v2\/types\/product"}],"replies":[{"embeddable":true,"href":"https:\/\/stoic-curie.212-227-153-4.plesk.page\/hr\/wp-json\/wp\/v2\/comments?post=3690283"}],"version-history":[{"count":0,"href":"https:\/\/stoic-curie.212-227-153-4.plesk.page\/hr\/wp-json\/wp\/v2\/product\/3690283\/revisions"}],"wp:featuredmedia":[{"embeddable":true,"href":"https:\/\/stoic-curie.212-227-153-4.plesk.page\/hr\/wp-json\/wp\/v2\/media\/5943435"}],"wp:attachment":[{"href":"https:\/\/stoic-curie.212-227-153-4.plesk.page\/hr\/wp-json\/wp\/v2\/media?parent=3690283"}],"wp:term":[{"taxonomy":"product_brand","embeddable":true,"href":"https:\/\/stoic-curie.212-227-153-4.plesk.page\/hr\/wp-json\/wp\/v2\/product_brand?post=3690283"},{"taxonomy":"product_cat","embeddable":true,"href":"https:\/\/stoic-curie.212-227-153-4.plesk.page\/hr\/wp-json\/wp\/v2\/product_cat?post=3690283"},{"taxonomy":"product_tag","embeddable":true,"href":"https:\/\/stoic-curie.212-227-153-4.plesk.page\/hr\/wp-json\/wp\/v2\/product_tag?post=3690283"}],"curies":[{"name":"wp","href":"https:\/\/api.w.org\/{rel}","templated":true}]}}