{"id":3690284,"date":"2025-10-13T13:42:11","date_gmt":"2025-10-13T17:42:11","guid":{"rendered":"https:\/\/stoic-curie.212-227-153-4.plesk.page\/product\/drzac-osiguraca-ip66-s-led-indikatorom-za-minivalne-osigurace\/"},"modified":"2026-02-25T00:00:59","modified_gmt":"2026-02-25T00:00:59","slug":"drzac-osiguraca-ip66-s-led-indikatorom-za-minivalne-osigurace","status":"publish","type":"product","link":"https:\/\/stoic-curie.212-227-153-4.plesk.page\/hr\/product\/drzac-osiguraca-ip66-s-led-indikatorom-za-minivalne-osigurace\/","title":{"rendered":"Dr\u017ea\u010d osiguraca IP66 s LED indikatorom za minivalne osigurace"},"content":{"rendered":"<p>Dr\u017ea\u010d osiguraca IP66 s LED indikatorom za minivalne osigurace &#8211; <\/p>\n<p>Vodootporni IP66 inline midi dr\u017ea\u010d osigura\u010da. Dr\u017ea\u010d osigura\u010da 2101645 opremljen je LED indikatorom koji se aktivira kada osigura\u010d pregori.<\/p>\n","protected":false},"excerpt":{"rendered":"<p>Dr\u017ea\u010d osiguraca IP66 s LED indikatorom za minivalne osigurace &#8211; Vodootporni IP66 inline midi dr\u017ea\u010d osigura\u010da. Dr\u017ea\u010d osigura\u010da 2101645 opremljen<\/p>\n","protected":false},"featured_media":5943613,"comment_status":"closed","ping_status":"closed","template":"","meta":[],"product_brand":[2831],"product_cat":[1740],"product_tag":[],"class_list":{"0":"post-3690284","1":"product","2":"type-product","3":"status-publish","4":"has-post-thumbnail","6":"product_brand-blue-sea-systems-hr","7":"product_cat-elektricni-pribor","9":"first","10":"instock","11":"shipping-taxable","12":"purchasable","13":"product-type-simple"},"_links":{"self":[{"href":"https:\/\/stoic-curie.212-227-153-4.plesk.page\/hr\/wp-json\/wp\/v2\/product\/3690284","targetHints":{"allow":["GET"]}}],"collection":[{"href":"https:\/\/stoic-curie.212-227-153-4.plesk.page\/hr\/wp-json\/wp\/v2\/product"}],"about":[{"href":"https:\/\/stoic-curie.212-227-153-4.plesk.page\/hr\/wp-json\/wp\/v2\/types\/product"}],"replies":[{"embeddable":true,"href":"https:\/\/stoic-curie.212-227-153-4.plesk.page\/hr\/wp-json\/wp\/v2\/comments?post=3690284"}],"version-history":[{"count":0,"href":"https:\/\/stoic-curie.212-227-153-4.plesk.page\/hr\/wp-json\/wp\/v2\/product\/3690284\/revisions"}],"wp:featuredmedia":[{"embeddable":true,"href":"https:\/\/stoic-curie.212-227-153-4.plesk.page\/hr\/wp-json\/wp\/v2\/media\/5943613"}],"wp:attachment":[{"href":"https:\/\/stoic-curie.212-227-153-4.plesk.page\/hr\/wp-json\/wp\/v2\/media?parent=3690284"}],"wp:term":[{"taxonomy":"product_brand","embeddable":true,"href":"https:\/\/stoic-curie.212-227-153-4.plesk.page\/hr\/wp-json\/wp\/v2\/product_brand?post=3690284"},{"taxonomy":"product_cat","embeddable":true,"href":"https:\/\/stoic-curie.212-227-153-4.plesk.page\/hr\/wp-json\/wp\/v2\/product_cat?post=3690284"},{"taxonomy":"product_tag","embeddable":true,"href":"https:\/\/stoic-curie.212-227-153-4.plesk.page\/hr\/wp-json\/wp\/v2\/product_tag?post=3690284"}],"curies":[{"name":"wp","href":"https:\/\/api.w.org\/{rel}","templated":true}]}}