{"id":3690285,"date":"2025-10-13T13:42:11","date_gmt":"2025-10-13T17:42:11","guid":{"rendered":"https:\/\/stoic-curie.212-227-153-4.plesk.page\/product\/oksigenacijska-pumpa-seaflo-sf800-12v-ravno\/"},"modified":"2026-02-25T00:00:59","modified_gmt":"2026-02-25T00:00:59","slug":"oksigenacijska-pumpa-seaflo-sf800-12v-ravno","status":"publish","type":"product","link":"https:\/\/stoic-curie.212-227-153-4.plesk.page\/hr\/product\/oksigenacijska-pumpa-seaflo-sf800-12v-ravno\/","title":{"rendered":"Oksigenacijska pumpa Seaflo Sf800 12v Ravno"},"content":{"rendered":"<p>Oksigenacijska pumpa Seaflo Sf800 12v Ravno &#8211; <\/p>\n<p>SeaFlo pumpe za aeraciju za \u017eivu ribu s ravnim i kutnim priklju\u010dkom. Lako se uklanjaju radi \u010di\u0161\u0107enja.<\/p>\n","protected":false},"excerpt":{"rendered":"<p>Oksigenacijska pumpa Seaflo Sf800 12v Ravno &#8211; SeaFlo pumpe za aeraciju za \u017eivu ribu s ravnim i kutnim priklju\u010dkom. Lako<\/p>\n","protected":false},"featured_media":5940850,"comment_status":"closed","ping_status":"closed","template":"","meta":[],"product_brand":[3351],"product_cat":[1653,1843],"product_tag":[],"class_list":{"0":"post-3690285","1":"product","2":"type-product","3":"status-publish","4":"has-post-thumbnail","6":"product_brand-seaflo-hr","7":"product_cat-brodske-aeratorske-pumpe","8":"product_cat-oprema-za-ribolov-na-brodu","10":"first","11":"outofstock","12":"shipping-taxable","13":"purchasable","14":"product-type-simple"},"_links":{"self":[{"href":"https:\/\/stoic-curie.212-227-153-4.plesk.page\/hr\/wp-json\/wp\/v2\/product\/3690285","targetHints":{"allow":["GET"]}}],"collection":[{"href":"https:\/\/stoic-curie.212-227-153-4.plesk.page\/hr\/wp-json\/wp\/v2\/product"}],"about":[{"href":"https:\/\/stoic-curie.212-227-153-4.plesk.page\/hr\/wp-json\/wp\/v2\/types\/product"}],"replies":[{"embeddable":true,"href":"https:\/\/stoic-curie.212-227-153-4.plesk.page\/hr\/wp-json\/wp\/v2\/comments?post=3690285"}],"version-history":[{"count":0,"href":"https:\/\/stoic-curie.212-227-153-4.plesk.page\/hr\/wp-json\/wp\/v2\/product\/3690285\/revisions"}],"wp:featuredmedia":[{"embeddable":true,"href":"https:\/\/stoic-curie.212-227-153-4.plesk.page\/hr\/wp-json\/wp\/v2\/media\/5940850"}],"wp:attachment":[{"href":"https:\/\/stoic-curie.212-227-153-4.plesk.page\/hr\/wp-json\/wp\/v2\/media?parent=3690285"}],"wp:term":[{"taxonomy":"product_brand","embeddable":true,"href":"https:\/\/stoic-curie.212-227-153-4.plesk.page\/hr\/wp-json\/wp\/v2\/product_brand?post=3690285"},{"taxonomy":"product_cat","embeddable":true,"href":"https:\/\/stoic-curie.212-227-153-4.plesk.page\/hr\/wp-json\/wp\/v2\/product_cat?post=3690285"},{"taxonomy":"product_tag","embeddable":true,"href":"https:\/\/stoic-curie.212-227-153-4.plesk.page\/hr\/wp-json\/wp\/v2\/product_tag?post=3690285"}],"curies":[{"name":"wp","href":"https:\/\/api.w.org\/{rel}","templated":true}]}}