{"id":3690293,"date":"2025-10-13T13:42:14","date_gmt":"2025-10-13T17:42:14","guid":{"rendered":"https:\/\/stoic-curie.212-227-153-4.plesk.page\/product\/univerzalne-metlice-brisaca-od-nehrdajuceg-celika-s-j-prikljuckom-450-mm\/"},"modified":"2026-02-25T00:01:00","modified_gmt":"2026-02-25T00:01:00","slug":"univerzalne-metlice-brisaca-od-nehrdajuceg-celika-s-j-prikljuckom-450-mm","status":"publish","type":"product","link":"https:\/\/stoic-curie.212-227-153-4.plesk.page\/hr\/product\/univerzalne-metlice-brisaca-od-nehrdajuceg-celika-s-j-prikljuckom-450-mm\/","title":{"rendered":"Univerzalne metlice brisa\u010da od nehr\u0111aju\u0107eg \u010delika s J-priklju\u010dkom 450 mm"},"content":{"rendered":"<p>Univerzalne metlice brisa\u010da od nehr\u0111aju\u0107eg \u010delika s J-priklju\u010dkom 450 mm &#8211; <\/p>\n<p>Brisa\u010di W40 HD za srednje velike \u010damce. Vodootporni motor od 35 Nm s 2 brzine (sporo 30 brisanja\/min i brzo 45 brisanja\/min), kut brisanja od 70\u00b0 i automatsko lijevo samoparkiranje. Mehanizam bez kutije za jednostavno podmazivanje. Efektivna du\u017eina navojne osovine od 60 mm s konusnim rebrastim promjerom od 9-7 mm. Dodatno se nadopunjuje pantografskim rukavcem brisa\u010da i o\u0161tricom od nehr\u0111aju\u0107eg \u010delika.<\/p>\n","protected":false},"excerpt":{"rendered":"<p>Univerzalne metlice brisa\u010da od nehr\u0111aju\u0107eg \u010delika s J-priklju\u010dkom 450 mm &#8211; Brisa\u010di W40 HD za srednje velike \u010damce. Vodootporni motor<\/p>\n","protected":false},"featured_media":5941034,"comment_status":"closed","ping_status":"closed","template":"","meta":[],"product_brand":[3316],"product_cat":[1735],"product_tag":[],"class_list":{"0":"post-3690293","1":"product","2":"type-product","3":"status-publish","4":"has-post-thumbnail","6":"product_brand-roca-marine-hr","7":"product_cat-brisaci-vjetrobranskog-stakla-na-brodu","9":"first","10":"instock","11":"shipping-taxable","12":"purchasable","13":"product-type-simple"},"_links":{"self":[{"href":"https:\/\/stoic-curie.212-227-153-4.plesk.page\/hr\/wp-json\/wp\/v2\/product\/3690293","targetHints":{"allow":["GET"]}}],"collection":[{"href":"https:\/\/stoic-curie.212-227-153-4.plesk.page\/hr\/wp-json\/wp\/v2\/product"}],"about":[{"href":"https:\/\/stoic-curie.212-227-153-4.plesk.page\/hr\/wp-json\/wp\/v2\/types\/product"}],"replies":[{"embeddable":true,"href":"https:\/\/stoic-curie.212-227-153-4.plesk.page\/hr\/wp-json\/wp\/v2\/comments?post=3690293"}],"version-history":[{"count":0,"href":"https:\/\/stoic-curie.212-227-153-4.plesk.page\/hr\/wp-json\/wp\/v2\/product\/3690293\/revisions"}],"wp:featuredmedia":[{"embeddable":true,"href":"https:\/\/stoic-curie.212-227-153-4.plesk.page\/hr\/wp-json\/wp\/v2\/media\/5941034"}],"wp:attachment":[{"href":"https:\/\/stoic-curie.212-227-153-4.plesk.page\/hr\/wp-json\/wp\/v2\/media?parent=3690293"}],"wp:term":[{"taxonomy":"product_brand","embeddable":true,"href":"https:\/\/stoic-curie.212-227-153-4.plesk.page\/hr\/wp-json\/wp\/v2\/product_brand?post=3690293"},{"taxonomy":"product_cat","embeddable":true,"href":"https:\/\/stoic-curie.212-227-153-4.plesk.page\/hr\/wp-json\/wp\/v2\/product_cat?post=3690293"},{"taxonomy":"product_tag","embeddable":true,"href":"https:\/\/stoic-curie.212-227-153-4.plesk.page\/hr\/wp-json\/wp\/v2\/product_tag?post=3690293"}],"curies":[{"name":"wp","href":"https:\/\/api.w.org\/{rel}","templated":true}]}}