{"id":3690295,"date":"2025-10-13T13:42:14","date_gmt":"2025-10-13T17:42:14","guid":{"rendered":"https:\/\/stoic-curie.212-227-153-4.plesk.page\/product\/andromeda-g2-bijelo-led-svjetlo-100-x-16-x-h11-mm\/"},"modified":"2026-02-25T00:01:00","modified_gmt":"2026-02-25T00:01:00","slug":"andromeda-g2-bijelo-led-svjetlo-100-x-16-x-h11-mm","status":"publish","type":"product","link":"https:\/\/stoic-curie.212-227-153-4.plesk.page\/hr\/product\/andromeda-g2-bijelo-led-svjetlo-100-x-16-x-h11-mm\/","title":{"rendered":"Andromeda-G2 bijelo LED svjetlo 100 x 16 x H11 mm"},"content":{"rendered":"<p>Andromeda-G2 bijelo LED svjetlo 100 x 16 x H11 mm &#8211; <\/p>\n<p>Vodootporna (IP67) LED svjetiljka za unutarnju i vanjsku upotrebu, za horizontalnu ili vertikalnu monta\u017eu. Ku\u0107i\u0161te od kromiranog mesinga, vijci od nehr\u0111aju\u0107eg \u010delika. Univerzalno napajanje 12\/24V. Svjetlost se emitira u dva smjera (gore i dolje).<\/p>\n","protected":false},"excerpt":{"rendered":"<p>Andromeda-G2 bijelo LED svjetlo 100 x 16 x H11 mm &#8211; Vodootporna (IP67) LED svjetiljka za unutarnju i vanjsku upotrebu,<\/p>\n","protected":false},"featured_media":5943614,"comment_status":"closed","ping_status":"closed","template":"","meta":[],"product_brand":[3281],"product_cat":[1730,1739],"product_tag":[],"class_list":{"0":"post-3690295","1":"product","2":"type-product","3":"status-publish","4":"has-post-thumbnail","6":"product_brand-quick-hr","7":"product_cat-dekorativna-rasvjeta","8":"product_cat-rasvjeta","10":"first","11":"instock","12":"shipping-taxable","13":"purchasable","14":"product-type-simple"},"_links":{"self":[{"href":"https:\/\/stoic-curie.212-227-153-4.plesk.page\/hr\/wp-json\/wp\/v2\/product\/3690295","targetHints":{"allow":["GET"]}}],"collection":[{"href":"https:\/\/stoic-curie.212-227-153-4.plesk.page\/hr\/wp-json\/wp\/v2\/product"}],"about":[{"href":"https:\/\/stoic-curie.212-227-153-4.plesk.page\/hr\/wp-json\/wp\/v2\/types\/product"}],"replies":[{"embeddable":true,"href":"https:\/\/stoic-curie.212-227-153-4.plesk.page\/hr\/wp-json\/wp\/v2\/comments?post=3690295"}],"version-history":[{"count":0,"href":"https:\/\/stoic-curie.212-227-153-4.plesk.page\/hr\/wp-json\/wp\/v2\/product\/3690295\/revisions"}],"wp:featuredmedia":[{"embeddable":true,"href":"https:\/\/stoic-curie.212-227-153-4.plesk.page\/hr\/wp-json\/wp\/v2\/media\/5943614"}],"wp:attachment":[{"href":"https:\/\/stoic-curie.212-227-153-4.plesk.page\/hr\/wp-json\/wp\/v2\/media?parent=3690295"}],"wp:term":[{"taxonomy":"product_brand","embeddable":true,"href":"https:\/\/stoic-curie.212-227-153-4.plesk.page\/hr\/wp-json\/wp\/v2\/product_brand?post=3690295"},{"taxonomy":"product_cat","embeddable":true,"href":"https:\/\/stoic-curie.212-227-153-4.plesk.page\/hr\/wp-json\/wp\/v2\/product_cat?post=3690295"},{"taxonomy":"product_tag","embeddable":true,"href":"https:\/\/stoic-curie.212-227-153-4.plesk.page\/hr\/wp-json\/wp\/v2\/product_tag?post=3690295"}],"curies":[{"name":"wp","href":"https:\/\/api.w.org\/{rel}","templated":true}]}}