{"id":3690296,"date":"2025-10-13T13:42:15","date_gmt":"2025-10-13T17:42:15","guid":{"rendered":"https:\/\/stoic-curie.212-227-153-4.plesk.page\/product\/nosac-koluta-za-spasavanje-od-nehrdajuceg-celika-650-mm\/"},"modified":"2026-02-25T00:01:00","modified_gmt":"2026-02-25T00:01:00","slug":"nosac-koluta-za-spasavanje-od-nehrdajuceg-celika-650-mm","status":"publish","type":"product","link":"https:\/\/stoic-curie.212-227-153-4.plesk.page\/hr\/product\/nosac-koluta-za-spasavanje-od-nehrdajuceg-celika-650-mm\/","title":{"rendered":"Nosa\u010d koluta za spa\u0161avanje od nehr\u0111aju\u0107eg \u010delika 650 mm"},"content":{"rendered":"<p>Nosa\u010d koluta za spa\u0161avanje od nehr\u0111aju\u0107eg \u010delika 650 mm &#8211; <\/p>\n<p>Od nehr\u0111aju\u0107eg \u010delika, nosa\u010d za prstenaste boje s dr\u017ea\u010dem za svjetle\u0107e boje. Nosa\u010d za monta\u017eu na zid i tra\u010dnicu s promjerom od 2225 mm.<\/p>\n","protected":false},"excerpt":{"rendered":"<p>Nosa\u010d koluta za spa\u0161avanje od nehr\u0111aju\u0107eg \u010delika 650 mm &#8211; Od nehr\u0111aju\u0107eg \u010delika, nosa\u010d za prstenaste boje s dr\u017ea\u010dem za<\/p>\n","protected":false},"featured_media":5941114,"comment_status":"closed","ping_status":"closed","template":"","meta":[],"product_brand":[3516],"product_cat":[1604],"product_tag":[],"class_list":{"0":"post-3690296","1":"product","2":"type-product","3":"status-publish","4":"has-post-thumbnail","6":"product_brand-veleria-san-giorgio-hr","7":"product_cat-pojasevi-za-spasavanje-i-remenje","9":"first","10":"instock","11":"shipping-taxable","12":"purchasable","13":"product-type-simple"},"_links":{"self":[{"href":"https:\/\/stoic-curie.212-227-153-4.plesk.page\/hr\/wp-json\/wp\/v2\/product\/3690296","targetHints":{"allow":["GET"]}}],"collection":[{"href":"https:\/\/stoic-curie.212-227-153-4.plesk.page\/hr\/wp-json\/wp\/v2\/product"}],"about":[{"href":"https:\/\/stoic-curie.212-227-153-4.plesk.page\/hr\/wp-json\/wp\/v2\/types\/product"}],"replies":[{"embeddable":true,"href":"https:\/\/stoic-curie.212-227-153-4.plesk.page\/hr\/wp-json\/wp\/v2\/comments?post=3690296"}],"version-history":[{"count":0,"href":"https:\/\/stoic-curie.212-227-153-4.plesk.page\/hr\/wp-json\/wp\/v2\/product\/3690296\/revisions"}],"wp:featuredmedia":[{"embeddable":true,"href":"https:\/\/stoic-curie.212-227-153-4.plesk.page\/hr\/wp-json\/wp\/v2\/media\/5941114"}],"wp:attachment":[{"href":"https:\/\/stoic-curie.212-227-153-4.plesk.page\/hr\/wp-json\/wp\/v2\/media?parent=3690296"}],"wp:term":[{"taxonomy":"product_brand","embeddable":true,"href":"https:\/\/stoic-curie.212-227-153-4.plesk.page\/hr\/wp-json\/wp\/v2\/product_brand?post=3690296"},{"taxonomy":"product_cat","embeddable":true,"href":"https:\/\/stoic-curie.212-227-153-4.plesk.page\/hr\/wp-json\/wp\/v2\/product_cat?post=3690296"},{"taxonomy":"product_tag","embeddable":true,"href":"https:\/\/stoic-curie.212-227-153-4.plesk.page\/hr\/wp-json\/wp\/v2\/product_tag?post=3690296"}],"curies":[{"name":"wp","href":"https:\/\/api.w.org\/{rel}","templated":true}]}}