{"id":3690297,"date":"2025-10-13T13:42:15","date_gmt":"2025-10-13T17:42:15","guid":{"rendered":"https:\/\/stoic-curie.212-227-153-4.plesk.page\/product\/magic-clean-sinteticka-divokozna-koza-66x43cm\/"},"modified":"2026-02-25T00:01:00","modified_gmt":"2026-02-25T00:01:00","slug":"magic-clean-sinteticka-divokozna-koza-66x43cm","status":"publish","type":"product","link":"https:\/\/stoic-curie.212-227-153-4.plesk.page\/hr\/product\/magic-clean-sinteticka-divokozna-koza-66x43cm\/","title":{"rendered":"Magic Clean sinteticka divokozna ko\u017ea 66x43cm"},"content":{"rendered":"<p>Magic Clean sinteticka divokozna ko\u017ea 66x43cm &#8211; <\/p>\n<p>Superiorna kvaliteta superupijaju\u0107i sinteti\u010dki chamois ko\u017ea idealna za \u010di\u0161\u0107enje, su\u0161enje i poliranje svih povr\u0161ina, \u010dak i kromiranih i obojenih. Ima deset puta du\u017ei vek trajanja od obi\u010dnih chamoisa.<\/p>\n","protected":false},"excerpt":{"rendered":"<p>Magic Clean sinteticka divokozna ko\u017ea 66x43cm &#8211; Superiorna kvaliteta superupijaju\u0107i sinteti\u010dki chamois ko\u017ea idealna za \u010di\u0161\u0107enje, su\u0161enje i poliranje svih<\/p>\n","protected":false},"featured_media":5943617,"comment_status":"closed","ping_status":"closed","template":"","meta":[],"product_brand":[3021],"product_cat":[1631],"product_tag":[],"class_list":{"0":"post-3690297","1":"product","2":"type-product","3":"status-publish","4":"has-post-thumbnail","6":"product_brand-iosso-hr","7":"product_cat-alati-za-ciscenje","9":"first","10":"instock","11":"shipping-taxable","12":"purchasable","13":"product-type-simple"},"_links":{"self":[{"href":"https:\/\/stoic-curie.212-227-153-4.plesk.page\/hr\/wp-json\/wp\/v2\/product\/3690297","targetHints":{"allow":["GET"]}}],"collection":[{"href":"https:\/\/stoic-curie.212-227-153-4.plesk.page\/hr\/wp-json\/wp\/v2\/product"}],"about":[{"href":"https:\/\/stoic-curie.212-227-153-4.plesk.page\/hr\/wp-json\/wp\/v2\/types\/product"}],"replies":[{"embeddable":true,"href":"https:\/\/stoic-curie.212-227-153-4.plesk.page\/hr\/wp-json\/wp\/v2\/comments?post=3690297"}],"version-history":[{"count":0,"href":"https:\/\/stoic-curie.212-227-153-4.plesk.page\/hr\/wp-json\/wp\/v2\/product\/3690297\/revisions"}],"wp:featuredmedia":[{"embeddable":true,"href":"https:\/\/stoic-curie.212-227-153-4.plesk.page\/hr\/wp-json\/wp\/v2\/media\/5943617"}],"wp:attachment":[{"href":"https:\/\/stoic-curie.212-227-153-4.plesk.page\/hr\/wp-json\/wp\/v2\/media?parent=3690297"}],"wp:term":[{"taxonomy":"product_brand","embeddable":true,"href":"https:\/\/stoic-curie.212-227-153-4.plesk.page\/hr\/wp-json\/wp\/v2\/product_brand?post=3690297"},{"taxonomy":"product_cat","embeddable":true,"href":"https:\/\/stoic-curie.212-227-153-4.plesk.page\/hr\/wp-json\/wp\/v2\/product_cat?post=3690297"},{"taxonomy":"product_tag","embeddable":true,"href":"https:\/\/stoic-curie.212-227-153-4.plesk.page\/hr\/wp-json\/wp\/v2\/product_tag?post=3690297"}],"curies":[{"name":"wp","href":"https:\/\/api.w.org\/{rel}","templated":true}]}}