{"id":3690298,"date":"2025-10-13T13:42:15","date_gmt":"2025-10-13T17:42:15","guid":{"rendered":"https:\/\/stoic-curie.212-227-153-4.plesk.page\/product\/rezervna-zarulja-12-v-za-kompas-riviera\/"},"modified":"2026-02-25T00:01:00","modified_gmt":"2026-02-25T00:01:00","slug":"rezervna-zarulja-12-v-za-kompas-riviera","status":"publish","type":"product","link":"https:\/\/stoic-curie.212-227-153-4.plesk.page\/hr\/product\/rezervna-zarulja-12-v-za-kompas-riviera\/","title":{"rendered":"Rezervna \u017earulja 12 V za kompas Riviera"},"content":{"rendered":"<p>Rezervna \u017earulja 12 V za kompas Riviera &#8211; <\/p>\n<p>White Star B6W5 kompas od nehr\u0111aju\u0107eg \u010delika za monta\u017eu na palubi s ekranom protiv odsjaja i za\u0161titnim poklopcem.<br \/>Standardna i visoka brzina verzija za brze brodove.<br \/>\u2022 Ugra\u0111ena kompenzacijska postavka<br \/>\u2022 Interni gimbal<br \/>\u2022 Osvjetljenje: 24V (12V na zahtjev)<br \/>\u2022 Okvirna promjer karte 6&#8243; &#8211; 150 mm<br \/>\u2022 \u010citanje unazad (graduacija karte 5\u00b0 &#8211; 2\u00b0)<br \/>\u2022 Za standardne i visoke brzinske brodove<br \/>\u2022 Odobreno za plovila za u\u017eitak i komercijalne brodove do 150t<br \/>\u2022 Jamstvo 3 godine<br \/>* MED certifikacija (ako je potrebno) mora se zatra\u017eiti prije kupnje<\/p>\n","protected":false},"excerpt":{"rendered":"<p>Rezervna \u017earulja 12 V za kompas Riviera &#8211; White Star B6W5 kompas od nehr\u0111aju\u0107eg \u010delika za monta\u017eu na palubi s<\/p>\n","protected":false},"featured_media":5941177,"comment_status":"closed","ping_status":"closed","template":"","meta":[],"product_brand":[3306],"product_cat":[1780],"product_tag":[],"class_list":{"0":"post-3690298","1":"product","2":"type-product","3":"status-publish","4":"has-post-thumbnail","6":"product_brand-riviera-hr","7":"product_cat-navigacijski-kompas","9":"first","10":"instock","11":"shipping-taxable","12":"purchasable","13":"product-type-simple"},"_links":{"self":[{"href":"https:\/\/stoic-curie.212-227-153-4.plesk.page\/hr\/wp-json\/wp\/v2\/product\/3690298","targetHints":{"allow":["GET"]}}],"collection":[{"href":"https:\/\/stoic-curie.212-227-153-4.plesk.page\/hr\/wp-json\/wp\/v2\/product"}],"about":[{"href":"https:\/\/stoic-curie.212-227-153-4.plesk.page\/hr\/wp-json\/wp\/v2\/types\/product"}],"replies":[{"embeddable":true,"href":"https:\/\/stoic-curie.212-227-153-4.plesk.page\/hr\/wp-json\/wp\/v2\/comments?post=3690298"}],"version-history":[{"count":0,"href":"https:\/\/stoic-curie.212-227-153-4.plesk.page\/hr\/wp-json\/wp\/v2\/product\/3690298\/revisions"}],"wp:featuredmedia":[{"embeddable":true,"href":"https:\/\/stoic-curie.212-227-153-4.plesk.page\/hr\/wp-json\/wp\/v2\/media\/5941177"}],"wp:attachment":[{"href":"https:\/\/stoic-curie.212-227-153-4.plesk.page\/hr\/wp-json\/wp\/v2\/media?parent=3690298"}],"wp:term":[{"taxonomy":"product_brand","embeddable":true,"href":"https:\/\/stoic-curie.212-227-153-4.plesk.page\/hr\/wp-json\/wp\/v2\/product_brand?post=3690298"},{"taxonomy":"product_cat","embeddable":true,"href":"https:\/\/stoic-curie.212-227-153-4.plesk.page\/hr\/wp-json\/wp\/v2\/product_cat?post=3690298"},{"taxonomy":"product_tag","embeddable":true,"href":"https:\/\/stoic-curie.212-227-153-4.plesk.page\/hr\/wp-json\/wp\/v2\/product_tag?post=3690298"}],"curies":[{"name":"wp","href":"https:\/\/api.w.org\/{rel}","templated":true}]}}