{"id":3690311,"date":"2025-10-13T13:42:19","date_gmt":"2025-10-13T17:42:19","guid":{"rendered":"https:\/\/stoic-curie.212-227-153-4.plesk.page\/product\/skrivene-sigurnosne-ljestve-3-1-stepenice-ugradni-vijci\/"},"modified":"2026-02-25T00:01:00","modified_gmt":"2026-02-25T00:01:00","slug":"skrivene-sigurnosne-ljestve-3-1-stepenice-ugradni-vijci","status":"publish","type":"product","link":"https:\/\/stoic-curie.212-227-153-4.plesk.page\/hr\/product\/skrivene-sigurnosne-ljestve-3-1-stepenice-ugradni-vijci\/","title":{"rendered":"Skrivene sigurnosne ljestve 3 + 1 stepenice, ugradni vijci"},"content":{"rendered":"<p>Skrivene sigurnosne ljestve 3 + 1 stepenice, ugradni vijci &#8211; <\/p>\n<p>Skrivena hitna ukrcajna ljestva od najlona sa strukturom, 3 visoko otpornim termopolimernim stepenicama i jednom ru\u010dkom. Mora biti instalirana iznad vodene linije u uvu\u010denom vodonepropusnom ku\u0107i\u0161tu od termopolimera. Vrlo jednostavna za kori\u0161tenje: osoba koja je pala preko ruba povla\u010di prsten zaklju\u010davanja kako bi pustila ljestve.<\/p>\n","protected":false},"excerpt":{"rendered":"<p>Skrivene sigurnosne ljestve 3 + 1 stepenice, ugradni vijci &#8211; Skrivena hitna ukrcajna ljestva od najlona sa strukturom, 3 visoko<\/p>\n","protected":false},"featured_media":5943636,"comment_status":"closed","ping_status":"closed","template":"","meta":[],"product_brand":[2861],"product_cat":[1618,1605],"product_tag":[],"class_list":{"0":"post-3690311","1":"product","2":"type-product","3":"status-publish","4":"has-post-thumbnail","6":"product_brand-ceredi-hr","7":"product_cat-ljestve-za-brodove","8":"product_cat-oprema-za-sigurnost-plovila","10":"first","11":"instock","12":"shipping-taxable","13":"purchasable","14":"product-type-simple"},"_links":{"self":[{"href":"https:\/\/stoic-curie.212-227-153-4.plesk.page\/hr\/wp-json\/wp\/v2\/product\/3690311","targetHints":{"allow":["GET"]}}],"collection":[{"href":"https:\/\/stoic-curie.212-227-153-4.plesk.page\/hr\/wp-json\/wp\/v2\/product"}],"about":[{"href":"https:\/\/stoic-curie.212-227-153-4.plesk.page\/hr\/wp-json\/wp\/v2\/types\/product"}],"replies":[{"embeddable":true,"href":"https:\/\/stoic-curie.212-227-153-4.plesk.page\/hr\/wp-json\/wp\/v2\/comments?post=3690311"}],"version-history":[{"count":0,"href":"https:\/\/stoic-curie.212-227-153-4.plesk.page\/hr\/wp-json\/wp\/v2\/product\/3690311\/revisions"}],"wp:featuredmedia":[{"embeddable":true,"href":"https:\/\/stoic-curie.212-227-153-4.plesk.page\/hr\/wp-json\/wp\/v2\/media\/5943636"}],"wp:attachment":[{"href":"https:\/\/stoic-curie.212-227-153-4.plesk.page\/hr\/wp-json\/wp\/v2\/media?parent=3690311"}],"wp:term":[{"taxonomy":"product_brand","embeddable":true,"href":"https:\/\/stoic-curie.212-227-153-4.plesk.page\/hr\/wp-json\/wp\/v2\/product_brand?post=3690311"},{"taxonomy":"product_cat","embeddable":true,"href":"https:\/\/stoic-curie.212-227-153-4.plesk.page\/hr\/wp-json\/wp\/v2\/product_cat?post=3690311"},{"taxonomy":"product_tag","embeddable":true,"href":"https:\/\/stoic-curie.212-227-153-4.plesk.page\/hr\/wp-json\/wp\/v2\/product_tag?post=3690311"}],"curies":[{"name":"wp","href":"https:\/\/api.w.org\/{rel}","templated":true}]}}