{"id":3690313,"date":"2025-10-13T13:42:20","date_gmt":"2025-10-13T17:42:20","guid":{"rendered":"https:\/\/stoic-curie.212-227-153-4.plesk.page\/product\/terminali-baterije-visokog-napona\/"},"modified":"2026-02-25T00:01:00","modified_gmt":"2026-02-25T00:01:00","slug":"terminali-baterije-visokog-napona","status":"publish","type":"product","link":"https:\/\/stoic-curie.212-227-153-4.plesk.page\/hr\/product\/terminali-baterije-visokog-napona\/","title":{"rendered":"Terminali  baterije visokog napona"},"content":{"rendered":"<p>Terminali  baterije visokog napona &#8211; <\/p>\n<p>Visoke amperne H.Duty baterijske stezaljke. Mjedene stezaljke niklovane \u00c3\u00b8 16(-)\/18(+) mm, vijci i matice od nehr\u0111aju\u0107eg \u010delika M10.<\/p>\n","protected":false},"excerpt":{"rendered":"<p>Terminali baterije visokog napona &#8211; Visoke amperne H.Duty baterijske stezaljke. Mjedene stezaljke niklovane \u00c3\u00b8 16(-)\/18(+) mm, vijci i matice od<\/p>\n","protected":false},"featured_media":5943643,"comment_status":"closed","ping_status":"closed","template":"","meta":[],"product_brand":[3216],"product_cat":[1729,1752],"product_tag":[],"class_list":{"0":"post-3690313","1":"product","2":"type-product","3":"status-publish","4":"has-post-thumbnail","6":"product_brand-oceanflex-hr","7":"product_cat-baterije","8":"product_cat-kabel-i-terminali-za-baterije","10":"first","11":"instock","12":"shipping-taxable","13":"purchasable","14":"product-type-simple"},"_links":{"self":[{"href":"https:\/\/stoic-curie.212-227-153-4.plesk.page\/hr\/wp-json\/wp\/v2\/product\/3690313","targetHints":{"allow":["GET"]}}],"collection":[{"href":"https:\/\/stoic-curie.212-227-153-4.plesk.page\/hr\/wp-json\/wp\/v2\/product"}],"about":[{"href":"https:\/\/stoic-curie.212-227-153-4.plesk.page\/hr\/wp-json\/wp\/v2\/types\/product"}],"replies":[{"embeddable":true,"href":"https:\/\/stoic-curie.212-227-153-4.plesk.page\/hr\/wp-json\/wp\/v2\/comments?post=3690313"}],"version-history":[{"count":0,"href":"https:\/\/stoic-curie.212-227-153-4.plesk.page\/hr\/wp-json\/wp\/v2\/product\/3690313\/revisions"}],"wp:featuredmedia":[{"embeddable":true,"href":"https:\/\/stoic-curie.212-227-153-4.plesk.page\/hr\/wp-json\/wp\/v2\/media\/5943643"}],"wp:attachment":[{"href":"https:\/\/stoic-curie.212-227-153-4.plesk.page\/hr\/wp-json\/wp\/v2\/media?parent=3690313"}],"wp:term":[{"taxonomy":"product_brand","embeddable":true,"href":"https:\/\/stoic-curie.212-227-153-4.plesk.page\/hr\/wp-json\/wp\/v2\/product_brand?post=3690313"},{"taxonomy":"product_cat","embeddable":true,"href":"https:\/\/stoic-curie.212-227-153-4.plesk.page\/hr\/wp-json\/wp\/v2\/product_cat?post=3690313"},{"taxonomy":"product_tag","embeddable":true,"href":"https:\/\/stoic-curie.212-227-153-4.plesk.page\/hr\/wp-json\/wp\/v2\/product_tag?post=3690313"}],"curies":[{"name":"wp","href":"https:\/\/api.w.org\/{rel}","templated":true}]}}