{"id":3690320,"date":"2025-10-13T13:42:22","date_gmt":"2025-10-13T17:42:22","guid":{"rendered":"https:\/\/stoic-curie.212-227-153-4.plesk.page\/product\/aluminijska-zrtvena-anoda-mercruiser-55989-q9\/"},"modified":"2026-02-25T00:01:00","modified_gmt":"2026-02-25T00:01:00","slug":"aluminijska-zrtvena-anoda-mercruiser-55989-q9","status":"publish","type":"product","link":"https:\/\/stoic-curie.212-227-153-4.plesk.page\/hr\/product\/aluminijska-zrtvena-anoda-mercruiser-55989-q9\/","title":{"rendered":"Aluminijska \u017ertvena anoda &#8211; Mercruiser 55989 Q9"},"content":{"rendered":"<p>Aluminijska \u017ertvena anoda &#8211; Mercruiser 55989 Q9 &#8211; <\/p>\n<p>Martyr aluminijske M2 legure anode za Mercruiser motore s vanjskim pogonom. \u00e2\u0080\u00a2 \u0160titi 50% du\u017ee od tradicionalnih cinkovih anoda \u00e2\u0080\u00a2 Te\u017ei 50% manje od tradicionalnih cinkovih anoda<\/p>\n","protected":false},"excerpt":{"rendered":"<p>Aluminijska \u017ertvena anoda &#8211; Mercruiser 55989 Q9 &#8211; Martyr aluminijske M2 legure anode za Mercruiser motore s vanjskim pogonom. \u00e2\u0080\u00a2<\/p>\n","protected":false},"featured_media":5943651,"comment_status":"closed","ping_status":"closed","template":"","meta":[],"product_brand":[3126],"product_cat":[1830],"product_tag":[],"class_list":{"0":"post-3690320","1":"product","2":"type-product","3":"status-publish","4":"has-post-thumbnail","6":"product_brand-martyr-hr","7":"product_cat-rezervni-dijelovi-za-vanbrodske-motore-mercruiser","9":"first","10":"instock","11":"shipping-taxable","12":"purchasable","13":"product-type-simple"},"_links":{"self":[{"href":"https:\/\/stoic-curie.212-227-153-4.plesk.page\/hr\/wp-json\/wp\/v2\/product\/3690320","targetHints":{"allow":["GET"]}}],"collection":[{"href":"https:\/\/stoic-curie.212-227-153-4.plesk.page\/hr\/wp-json\/wp\/v2\/product"}],"about":[{"href":"https:\/\/stoic-curie.212-227-153-4.plesk.page\/hr\/wp-json\/wp\/v2\/types\/product"}],"replies":[{"embeddable":true,"href":"https:\/\/stoic-curie.212-227-153-4.plesk.page\/hr\/wp-json\/wp\/v2\/comments?post=3690320"}],"version-history":[{"count":0,"href":"https:\/\/stoic-curie.212-227-153-4.plesk.page\/hr\/wp-json\/wp\/v2\/product\/3690320\/revisions"}],"wp:featuredmedia":[{"embeddable":true,"href":"https:\/\/stoic-curie.212-227-153-4.plesk.page\/hr\/wp-json\/wp\/v2\/media\/5943651"}],"wp:attachment":[{"href":"https:\/\/stoic-curie.212-227-153-4.plesk.page\/hr\/wp-json\/wp\/v2\/media?parent=3690320"}],"wp:term":[{"taxonomy":"product_brand","embeddable":true,"href":"https:\/\/stoic-curie.212-227-153-4.plesk.page\/hr\/wp-json\/wp\/v2\/product_brand?post=3690320"},{"taxonomy":"product_cat","embeddable":true,"href":"https:\/\/stoic-curie.212-227-153-4.plesk.page\/hr\/wp-json\/wp\/v2\/product_cat?post=3690320"},{"taxonomy":"product_tag","embeddable":true,"href":"https:\/\/stoic-curie.212-227-153-4.plesk.page\/hr\/wp-json\/wp\/v2\/product_tag?post=3690320"}],"curies":[{"name":"wp","href":"https:\/\/api.w.org\/{rel}","templated":true}]}}