{"id":3690324,"date":"2025-10-13T13:42:23","date_gmt":"2025-10-13T17:42:23","guid":{"rendered":"https:\/\/stoic-curie.212-227-153-4.plesk.page\/product\/mcgard-protuprovalni-sustav-za-yamaha-honda-suzuki\/"},"modified":"2026-02-25T00:01:00","modified_gmt":"2026-02-25T00:01:00","slug":"mcgard-protuprovalni-sustav-za-yamaha-honda-suzuki","status":"publish","type":"product","link":"https:\/\/stoic-curie.212-227-153-4.plesk.page\/hr\/product\/mcgard-protuprovalni-sustav-za-yamaha-honda-suzuki\/","title":{"rendered":"McGard protuprovalni sustav za Yamaha-Honda-Suzuki"},"content":{"rendered":"<p>McGard protuprovalni sustav za Yamaha-Honda-Suzuki &#8211; <\/p>\n<p>Ekstremno otporan, jednostavan za kori\u0161tenje i siguran sustav za\u0161tite od kra\u0111e za vanbrodske jedinice, stra\u017enji pogon ili propeler. Jednostavno zamijenite jednu od matica za monta\u017eu s McGard bravom\/maticom. Slobodno okretna obru\u010da se slobodno okre\u0107e oko sebe i onemogu\u0107ava demonta\u017eu. Samo s McGard klju\u010dem uklju\u010denim u paket mogu\u0107e je odvrnuti za\u0161titu od kra\u0111e.<\/p>\n","protected":false},"excerpt":{"rendered":"<p>McGard protuprovalni sustav za Yamaha-Honda-Suzuki &#8211; Ekstremno otporan, jednostavan za kori\u0161tenje i siguran sustav za\u0161tite od kra\u0111e za vanbrodske jedinice,<\/p>\n","protected":false},"featured_media":5941340,"comment_status":"closed","ping_status":"closed","template":"","meta":[],"product_brand":[3151],"product_cat":[1827],"product_tag":[],"class_list":{"0":"post-3690324","1":"product","2":"type-product","3":"status-publish","4":"has-post-thumbnail","6":"product_brand-mcgard-marine-hr","7":"product_cat-dodatna-oprema-za-vanbrodske-motore","9":"first","10":"instock","11":"shipping-taxable","12":"purchasable","13":"product-type-simple"},"_links":{"self":[{"href":"https:\/\/stoic-curie.212-227-153-4.plesk.page\/hr\/wp-json\/wp\/v2\/product\/3690324","targetHints":{"allow":["GET"]}}],"collection":[{"href":"https:\/\/stoic-curie.212-227-153-4.plesk.page\/hr\/wp-json\/wp\/v2\/product"}],"about":[{"href":"https:\/\/stoic-curie.212-227-153-4.plesk.page\/hr\/wp-json\/wp\/v2\/types\/product"}],"replies":[{"embeddable":true,"href":"https:\/\/stoic-curie.212-227-153-4.plesk.page\/hr\/wp-json\/wp\/v2\/comments?post=3690324"}],"version-history":[{"count":0,"href":"https:\/\/stoic-curie.212-227-153-4.plesk.page\/hr\/wp-json\/wp\/v2\/product\/3690324\/revisions"}],"wp:featuredmedia":[{"embeddable":true,"href":"https:\/\/stoic-curie.212-227-153-4.plesk.page\/hr\/wp-json\/wp\/v2\/media\/5941340"}],"wp:attachment":[{"href":"https:\/\/stoic-curie.212-227-153-4.plesk.page\/hr\/wp-json\/wp\/v2\/media?parent=3690324"}],"wp:term":[{"taxonomy":"product_brand","embeddable":true,"href":"https:\/\/stoic-curie.212-227-153-4.plesk.page\/hr\/wp-json\/wp\/v2\/product_brand?post=3690324"},{"taxonomy":"product_cat","embeddable":true,"href":"https:\/\/stoic-curie.212-227-153-4.plesk.page\/hr\/wp-json\/wp\/v2\/product_cat?post=3690324"},{"taxonomy":"product_tag","embeddable":true,"href":"https:\/\/stoic-curie.212-227-153-4.plesk.page\/hr\/wp-json\/wp\/v2\/product_tag?post=3690324"}],"curies":[{"name":"wp","href":"https:\/\/api.w.org\/{rel}","templated":true}]}}