{"id":3690327,"date":"2025-10-13T13:42:24","date_gmt":"2025-10-13T17:42:24","guid":{"rendered":"https:\/\/stoic-curie.212-227-153-4.plesk.page\/product\/manzeta-mjenjaca-volvo-penta-876294\/"},"modified":"2026-02-25T00:01:00","modified_gmt":"2026-02-25T00:01:00","slug":"manzeta-mjenjaca-volvo-penta-876294","status":"publish","type":"product","link":"https:\/\/stoic-curie.212-227-153-4.plesk.page\/hr\/product\/manzeta-mjenjaca-volvo-penta-876294\/","title":{"rendered":"Man\u017eeta mjenja\u010da Volvo Penta 876294"},"content":{"rendered":"<p>Man\u017eeta mjenja\u010da Volvo Penta 876294 &#8211; <\/p>\n<p>Volvo Penta DPA-DPX prijenosna man\u017eeta osovine. Uklju\u010duje stezne obujmice od nehr\u0111aju\u0107eg \u010delika. Mo\u017ee zamijeniti originalni rezervni dio.<\/p>\n","protected":false},"excerpt":{"rendered":"<p>Man\u017eeta mjenja\u010da Volvo Penta 876294 &#8211; Volvo Penta DPA-DPX prijenosna man\u017eeta osovine. Uklju\u010duje stezne obujmice od nehr\u0111aju\u0107eg \u010delika. Mo\u017ee zamijeniti<\/p>\n","protected":false},"featured_media":5941439,"comment_status":"closed","ping_status":"closed","template":"","meta":[],"product_brand":[3391],"product_cat":[1829],"product_tag":[],"class_list":{"0":"post-3690327","1":"product","2":"type-product","3":"status-publish","4":"has-post-thumbnail","6":"product_brand-sierra-marine-hr","7":"product_cat-rezervni-dijelovi-za-motore-volvo-penta","9":"first","10":"instock","11":"shipping-taxable","12":"purchasable","13":"product-type-simple"},"_links":{"self":[{"href":"https:\/\/stoic-curie.212-227-153-4.plesk.page\/hr\/wp-json\/wp\/v2\/product\/3690327","targetHints":{"allow":["GET"]}}],"collection":[{"href":"https:\/\/stoic-curie.212-227-153-4.plesk.page\/hr\/wp-json\/wp\/v2\/product"}],"about":[{"href":"https:\/\/stoic-curie.212-227-153-4.plesk.page\/hr\/wp-json\/wp\/v2\/types\/product"}],"replies":[{"embeddable":true,"href":"https:\/\/stoic-curie.212-227-153-4.plesk.page\/hr\/wp-json\/wp\/v2\/comments?post=3690327"}],"version-history":[{"count":0,"href":"https:\/\/stoic-curie.212-227-153-4.plesk.page\/hr\/wp-json\/wp\/v2\/product\/3690327\/revisions"}],"wp:featuredmedia":[{"embeddable":true,"href":"https:\/\/stoic-curie.212-227-153-4.plesk.page\/hr\/wp-json\/wp\/v2\/media\/5941439"}],"wp:attachment":[{"href":"https:\/\/stoic-curie.212-227-153-4.plesk.page\/hr\/wp-json\/wp\/v2\/media?parent=3690327"}],"wp:term":[{"taxonomy":"product_brand","embeddable":true,"href":"https:\/\/stoic-curie.212-227-153-4.plesk.page\/hr\/wp-json\/wp\/v2\/product_brand?post=3690327"},{"taxonomy":"product_cat","embeddable":true,"href":"https:\/\/stoic-curie.212-227-153-4.plesk.page\/hr\/wp-json\/wp\/v2\/product_cat?post=3690327"},{"taxonomy":"product_tag","embeddable":true,"href":"https:\/\/stoic-curie.212-227-153-4.plesk.page\/hr\/wp-json\/wp\/v2\/product_tag?post=3690327"}],"curies":[{"name":"wp","href":"https:\/\/api.w.org\/{rel}","templated":true}]}}