{"id":3690334,"date":"2025-10-13T13:42:26","date_gmt":"2025-10-13T17:42:26","guid":{"rendered":"https:\/\/stoic-curie.212-227-153-4.plesk.page\/product\/dura-float-signalnaa-plutaca-oblika-masline-zuta-175x135mm\/"},"modified":"2026-02-25T00:01:00","modified_gmt":"2026-02-25T00:01:00","slug":"dura-float-signalnaa-plutaca-oblika-masline-zuta-175x135mm","status":"publish","type":"product","link":"https:\/\/stoic-curie.212-227-153-4.plesk.page\/hr\/product\/dura-float-signalnaa-plutaca-oblika-masline-zuta-175x135mm\/","title":{"rendered":"Dura Float signalnaa pluta\u010da oblika masline, \u017euta 175x135mm"},"content":{"rendered":"<p>Dura Float signalnaa pluta\u010da oblika masline, \u017euta 175x135mm &#8211; <\/p>\n<p>Oja\u010dana plasti\u010dna signalna boja ispunjena pjenom s zatvorenim \u0107elijama. Vrlo izdr\u017eljiva, gotovo neuni\u0161tiva i nepotopiva. Promjer rupe 30 mm.<\/p>\n","protected":false},"excerpt":{"rendered":"<p>Dura Float signalnaa pluta\u010da oblika masline, \u017euta 175x135mm &#8211; Oja\u010dana plasti\u010dna signalna boja ispunjena pjenom s zatvorenim \u0107elijama. Vrlo izdr\u017eljiva,<\/p>\n","protected":false},"featured_media":5943693,"comment_status":"closed","ping_status":"closed","template":"","meta":[],"product_brand":[2856],"product_cat":[1850],"product_tag":[],"class_list":{"0":"post-3690334","1":"product","2":"type-product","3":"status-publish","4":"has-post-thumbnail","6":"product_brand-can-marine-hr","7":"product_cat-plutace-za-privez-i-signalizaciju","9":"first","10":"instock","11":"shipping-taxable","12":"purchasable","13":"product-type-simple"},"_links":{"self":[{"href":"https:\/\/stoic-curie.212-227-153-4.plesk.page\/hr\/wp-json\/wp\/v2\/product\/3690334","targetHints":{"allow":["GET"]}}],"collection":[{"href":"https:\/\/stoic-curie.212-227-153-4.plesk.page\/hr\/wp-json\/wp\/v2\/product"}],"about":[{"href":"https:\/\/stoic-curie.212-227-153-4.plesk.page\/hr\/wp-json\/wp\/v2\/types\/product"}],"replies":[{"embeddable":true,"href":"https:\/\/stoic-curie.212-227-153-4.plesk.page\/hr\/wp-json\/wp\/v2\/comments?post=3690334"}],"version-history":[{"count":0,"href":"https:\/\/stoic-curie.212-227-153-4.plesk.page\/hr\/wp-json\/wp\/v2\/product\/3690334\/revisions"}],"wp:featuredmedia":[{"embeddable":true,"href":"https:\/\/stoic-curie.212-227-153-4.plesk.page\/hr\/wp-json\/wp\/v2\/media\/5943693"}],"wp:attachment":[{"href":"https:\/\/stoic-curie.212-227-153-4.plesk.page\/hr\/wp-json\/wp\/v2\/media?parent=3690334"}],"wp:term":[{"taxonomy":"product_brand","embeddable":true,"href":"https:\/\/stoic-curie.212-227-153-4.plesk.page\/hr\/wp-json\/wp\/v2\/product_brand?post=3690334"},{"taxonomy":"product_cat","embeddable":true,"href":"https:\/\/stoic-curie.212-227-153-4.plesk.page\/hr\/wp-json\/wp\/v2\/product_cat?post=3690334"},{"taxonomy":"product_tag","embeddable":true,"href":"https:\/\/stoic-curie.212-227-153-4.plesk.page\/hr\/wp-json\/wp\/v2\/product_tag?post=3690334"}],"curies":[{"name":"wp","href":"https:\/\/api.w.org\/{rel}","templated":true}]}}