{"id":3690339,"date":"2025-10-13T13:42:27","date_gmt":"2025-10-13T17:42:27","guid":{"rendered":"https:\/\/stoic-curie.212-227-153-4.plesk.page\/product\/okretni-standardna-karabin-kuka-s-okom-l64-d10\/"},"modified":"2026-02-25T00:01:00","modified_gmt":"2026-02-25T00:01:00","slug":"okretni-standardna-karabin-kuka-s-okom-l64-d10","status":"publish","type":"product","link":"https:\/\/stoic-curie.212-227-153-4.plesk.page\/hr\/product\/okretni-standardna-karabin-kuka-s-okom-l64-d10\/","title":{"rendered":"Okretni standardna karabin kuka s okom L64 D10"},"content":{"rendered":"<p>Okretni standardna karabin kuka s okom L64 D10 &#8211; <\/p>\n<p>316 nehr\u0111aju\u0107i \u010delik spona za snimanje s rotiraju\u0107im okom. Otvor za klip.<\/p>\n","protected":false},"excerpt":{"rendered":"<p>Okretni standardna karabin kuka s okom L64 D10 &#8211; 316 nehr\u0111aju\u0107i \u010delik spona za snimanje s rotiraju\u0107im okom. Otvor za<\/p>\n","protected":false},"featured_media":5943701,"comment_status":"closed","ping_status":"closed","template":"","meta":[],"product_brand":[3121],"product_cat":[1705,1853],"product_tag":[],"class_list":{"0":"post-3690339","1":"product","2":"type-product","3":"status-publish","4":"has-post-thumbnail","6":"product_brand-marinetech-hr","7":"product_cat-karabineri-za-camce","8":"product_cat-nauticki-privjesci-za-kljuceve","10":"first","11":"instock","12":"shipping-taxable","13":"purchasable","14":"product-type-simple"},"_links":{"self":[{"href":"https:\/\/stoic-curie.212-227-153-4.plesk.page\/hr\/wp-json\/wp\/v2\/product\/3690339","targetHints":{"allow":["GET"]}}],"collection":[{"href":"https:\/\/stoic-curie.212-227-153-4.plesk.page\/hr\/wp-json\/wp\/v2\/product"}],"about":[{"href":"https:\/\/stoic-curie.212-227-153-4.plesk.page\/hr\/wp-json\/wp\/v2\/types\/product"}],"replies":[{"embeddable":true,"href":"https:\/\/stoic-curie.212-227-153-4.plesk.page\/hr\/wp-json\/wp\/v2\/comments?post=3690339"}],"version-history":[{"count":0,"href":"https:\/\/stoic-curie.212-227-153-4.plesk.page\/hr\/wp-json\/wp\/v2\/product\/3690339\/revisions"}],"wp:featuredmedia":[{"embeddable":true,"href":"https:\/\/stoic-curie.212-227-153-4.plesk.page\/hr\/wp-json\/wp\/v2\/media\/5943701"}],"wp:attachment":[{"href":"https:\/\/stoic-curie.212-227-153-4.plesk.page\/hr\/wp-json\/wp\/v2\/media?parent=3690339"}],"wp:term":[{"taxonomy":"product_brand","embeddable":true,"href":"https:\/\/stoic-curie.212-227-153-4.plesk.page\/hr\/wp-json\/wp\/v2\/product_brand?post=3690339"},{"taxonomy":"product_cat","embeddable":true,"href":"https:\/\/stoic-curie.212-227-153-4.plesk.page\/hr\/wp-json\/wp\/v2\/product_cat?post=3690339"},{"taxonomy":"product_tag","embeddable":true,"href":"https:\/\/stoic-curie.212-227-153-4.plesk.page\/hr\/wp-json\/wp\/v2\/product_tag?post=3690339"}],"curies":[{"name":"wp","href":"https:\/\/api.w.org\/{rel}","templated":true}]}}