{"id":3690344,"date":"2025-10-13T13:42:29","date_gmt":"2025-10-13T17:42:29","guid":{"rendered":"https:\/\/stoic-curie.212-227-153-4.plesk.page\/product\/kong-standardni-karabiner-13mm-s-okom\/"},"modified":"2026-02-25T00:01:00","modified_gmt":"2026-02-25T00:01:00","slug":"kong-standardni-karabiner-13mm-s-okom","status":"publish","type":"product","link":"https:\/\/stoic-curie.212-227-153-4.plesk.page\/hr\/product\/kong-standardni-karabiner-13mm-s-okom\/","title":{"rendered":"Kong standardni karabiner 13mm s okom"},"content":{"rendered":"<p>Kong standardni karabiner 13mm s okom &#8211; <\/p>\n<p>Karabin s o\u010dicom od nehr\u0111aju\u0107eg \u010delika 316 s antislip sustavom spajanja. Sprje\u010dava zaplitanje u\u017eadi.<\/p>\n","protected":false},"excerpt":{"rendered":"<p>Kong standardni karabiner 13mm s okom &#8211; Karabin s o\u010dicom od nehr\u0111aju\u0107eg \u010delika 316 s antislip sustavom spajanja. Sprje\u010dava zaplitanje<\/p>\n","protected":false},"featured_media":5943702,"comment_status":"closed","ping_status":"closed","template":"","meta":[],"product_brand":[3051],"product_cat":[1705],"product_tag":[],"class_list":{"0":"post-3690344","1":"product","2":"type-product","3":"status-publish","4":"has-post-thumbnail","6":"product_brand-kong-hr","7":"product_cat-karabineri-za-camce","9":"first","10":"instock","11":"shipping-taxable","12":"purchasable","13":"product-type-simple"},"_links":{"self":[{"href":"https:\/\/stoic-curie.212-227-153-4.plesk.page\/hr\/wp-json\/wp\/v2\/product\/3690344","targetHints":{"allow":["GET"]}}],"collection":[{"href":"https:\/\/stoic-curie.212-227-153-4.plesk.page\/hr\/wp-json\/wp\/v2\/product"}],"about":[{"href":"https:\/\/stoic-curie.212-227-153-4.plesk.page\/hr\/wp-json\/wp\/v2\/types\/product"}],"replies":[{"embeddable":true,"href":"https:\/\/stoic-curie.212-227-153-4.plesk.page\/hr\/wp-json\/wp\/v2\/comments?post=3690344"}],"version-history":[{"count":0,"href":"https:\/\/stoic-curie.212-227-153-4.plesk.page\/hr\/wp-json\/wp\/v2\/product\/3690344\/revisions"}],"wp:featuredmedia":[{"embeddable":true,"href":"https:\/\/stoic-curie.212-227-153-4.plesk.page\/hr\/wp-json\/wp\/v2\/media\/5943702"}],"wp:attachment":[{"href":"https:\/\/stoic-curie.212-227-153-4.plesk.page\/hr\/wp-json\/wp\/v2\/media?parent=3690344"}],"wp:term":[{"taxonomy":"product_brand","embeddable":true,"href":"https:\/\/stoic-curie.212-227-153-4.plesk.page\/hr\/wp-json\/wp\/v2\/product_brand?post=3690344"},{"taxonomy":"product_cat","embeddable":true,"href":"https:\/\/stoic-curie.212-227-153-4.plesk.page\/hr\/wp-json\/wp\/v2\/product_cat?post=3690344"},{"taxonomy":"product_tag","embeddable":true,"href":"https:\/\/stoic-curie.212-227-153-4.plesk.page\/hr\/wp-json\/wp\/v2\/product_tag?post=3690344"}],"curies":[{"name":"wp","href":"https:\/\/api.w.org\/{rel}","templated":true}]}}