{"id":3690346,"date":"2025-10-13T13:42:29","date_gmt":"2025-10-13T17:42:29","guid":{"rendered":"https:\/\/stoic-curie.212-227-153-4.plesk.page\/product\/nocna-hitna-signalizacija-dvije-zvjezdice\/"},"modified":"2026-02-25T00:01:00","modified_gmt":"2026-02-25T00:01:00","slug":"nocna-hitna-signalizacija-dvije-zvjezdice","status":"publish","type":"product","link":"https:\/\/stoic-curie.212-227-153-4.plesk.page\/hr\/product\/nocna-hitna-signalizacija-dvije-zvjezdice\/","title":{"rendered":"No\u0107na hitna signalizacija dvije zvjezdice"},"content":{"rendered":"<p>No\u0107na hitna signalizacija dvije zvjezdice &#8211; <\/p>\n<p>No\u0107ni signal za pomo\u0107 s dva zvjezdasta oznaka, od plasti\u010dnog vodi\u010da i vodootporan. Za brodove, \u010damce za spa\u0161avanje i plovila za u\u017eitak. Tako\u0111er koristan za ronjenje, windsurfing i alpske spasila\u010dke akcije.<\/p>\n","protected":false},"excerpt":{"rendered":"<p>No\u0107na hitna signalizacija dvije zvjezdice &#8211; No\u0107ni signal za pomo\u0107 s dva zvjezdasta oznaka, od plasti\u010dnog vodi\u010da i vodootporan. Za<\/p>\n","protected":false},"featured_media":5943706,"comment_status":"closed","ping_status":"closed","template":"","meta":[],"product_brand":[3516],"product_cat":[1602,1776],"product_tag":[],"class_list":{"0":"post-3690346","1":"product","2":"type-product","3":"status-publish","4":"has-post-thumbnail","6":"product_brand-veleria-san-giorgio-hr","7":"product_cat-brodska-pirotehnika","8":"product_cat-oprema-za-signalizaciju","10":"first","11":"instock","12":"shipping-taxable","13":"purchasable","14":"product-type-simple"},"_links":{"self":[{"href":"https:\/\/stoic-curie.212-227-153-4.plesk.page\/hr\/wp-json\/wp\/v2\/product\/3690346","targetHints":{"allow":["GET"]}}],"collection":[{"href":"https:\/\/stoic-curie.212-227-153-4.plesk.page\/hr\/wp-json\/wp\/v2\/product"}],"about":[{"href":"https:\/\/stoic-curie.212-227-153-4.plesk.page\/hr\/wp-json\/wp\/v2\/types\/product"}],"replies":[{"embeddable":true,"href":"https:\/\/stoic-curie.212-227-153-4.plesk.page\/hr\/wp-json\/wp\/v2\/comments?post=3690346"}],"version-history":[{"count":0,"href":"https:\/\/stoic-curie.212-227-153-4.plesk.page\/hr\/wp-json\/wp\/v2\/product\/3690346\/revisions"}],"wp:featuredmedia":[{"embeddable":true,"href":"https:\/\/stoic-curie.212-227-153-4.plesk.page\/hr\/wp-json\/wp\/v2\/media\/5943706"}],"wp:attachment":[{"href":"https:\/\/stoic-curie.212-227-153-4.plesk.page\/hr\/wp-json\/wp\/v2\/media?parent=3690346"}],"wp:term":[{"taxonomy":"product_brand","embeddable":true,"href":"https:\/\/stoic-curie.212-227-153-4.plesk.page\/hr\/wp-json\/wp\/v2\/product_brand?post=3690346"},{"taxonomy":"product_cat","embeddable":true,"href":"https:\/\/stoic-curie.212-227-153-4.plesk.page\/hr\/wp-json\/wp\/v2\/product_cat?post=3690346"},{"taxonomy":"product_tag","embeddable":true,"href":"https:\/\/stoic-curie.212-227-153-4.plesk.page\/hr\/wp-json\/wp\/v2\/product_tag?post=3690346"}],"curies":[{"name":"wp","href":"https:\/\/api.w.org\/{rel}","templated":true}]}}