{"id":3690347,"date":"2025-10-13T13:42:30","date_gmt":"2025-10-13T17:42:30","guid":{"rendered":"https:\/\/stoic-curie.212-227-153-4.plesk.page\/product\/digitalni-elektronicki-prekidac-laguna-12-24-v\/"},"modified":"2026-02-25T00:01:00","modified_gmt":"2026-02-25T00:01:00","slug":"digitalni-elektronicki-prekidac-laguna-12-24-v","status":"publish","type":"product","link":"https:\/\/stoic-curie.212-227-153-4.plesk.page\/hr\/product\/digitalni-elektronicki-prekidac-laguna-12-24-v\/","title":{"rendered":"Digitalni elektronicki prekidac Laguna 12-24 V"},"content":{"rendered":"<p>Digitalni elektronicki prekidac Laguna 12-24 V  &#8211; <\/p>\n<p>12\/24V Laguna digitalni elektroni\u010dki prekida\u010d koji otkriva vodu u balastu i automatski se aktivira s programiranim ka\u0161njenjem koje sprje\u010dava la\u017ene po\u010detke zbog prskanja vode ili prljav\u0161tine. Potpuno zape\u010da\u0107en i otporan na koroziju.<\/p>\n","protected":false},"excerpt":{"rendered":"<p>Digitalni elektronicki prekidac Laguna 12-24 V &#8211; 12\/24V Laguna digitalni elektroni\u010dki prekida\u010d koji otkriva vodu u balastu i automatski se<\/p>\n","protected":false},"featured_media":5943707,"comment_status":"closed","ping_status":"closed","template":"","meta":[],"product_brand":[3141],"product_cat":[1659],"product_tag":[],"class_list":{"0":"post-3690347","1":"product","2":"type-product","3":"status-publish","4":"has-post-thumbnail","6":"product_brand-matromarine-hr","7":"product_cat-elektricne-kaljuzne-pumpe","9":"first","10":"instock","11":"shipping-taxable","12":"purchasable","13":"product-type-simple"},"_links":{"self":[{"href":"https:\/\/stoic-curie.212-227-153-4.plesk.page\/hr\/wp-json\/wp\/v2\/product\/3690347","targetHints":{"allow":["GET"]}}],"collection":[{"href":"https:\/\/stoic-curie.212-227-153-4.plesk.page\/hr\/wp-json\/wp\/v2\/product"}],"about":[{"href":"https:\/\/stoic-curie.212-227-153-4.plesk.page\/hr\/wp-json\/wp\/v2\/types\/product"}],"replies":[{"embeddable":true,"href":"https:\/\/stoic-curie.212-227-153-4.plesk.page\/hr\/wp-json\/wp\/v2\/comments?post=3690347"}],"version-history":[{"count":0,"href":"https:\/\/stoic-curie.212-227-153-4.plesk.page\/hr\/wp-json\/wp\/v2\/product\/3690347\/revisions"}],"wp:featuredmedia":[{"embeddable":true,"href":"https:\/\/stoic-curie.212-227-153-4.plesk.page\/hr\/wp-json\/wp\/v2\/media\/5943707"}],"wp:attachment":[{"href":"https:\/\/stoic-curie.212-227-153-4.plesk.page\/hr\/wp-json\/wp\/v2\/media?parent=3690347"}],"wp:term":[{"taxonomy":"product_brand","embeddable":true,"href":"https:\/\/stoic-curie.212-227-153-4.plesk.page\/hr\/wp-json\/wp\/v2\/product_brand?post=3690347"},{"taxonomy":"product_cat","embeddable":true,"href":"https:\/\/stoic-curie.212-227-153-4.plesk.page\/hr\/wp-json\/wp\/v2\/product_cat?post=3690347"},{"taxonomy":"product_tag","embeddable":true,"href":"https:\/\/stoic-curie.212-227-153-4.plesk.page\/hr\/wp-json\/wp\/v2\/product_tag?post=3690347"}],"curies":[{"name":"wp","href":"https:\/\/api.w.org\/{rel}","templated":true}]}}