{"id":3690348,"date":"2025-10-13T13:42:30","date_gmt":"2025-10-13T17:42:30","guid":{"rendered":"https:\/\/stoic-curie.212-227-153-4.plesk.page\/product\/bijela-led-svjetiljka-s-prekidacem-od-12-24-v-394-x-85-x-h30\/"},"modified":"2026-02-25T00:01:00","modified_gmt":"2026-02-25T00:01:00","slug":"bijela-led-svjetiljka-s-prekidacem-od-12-24-v-394-x-85-x-h30","status":"publish","type":"product","link":"https:\/\/stoic-curie.212-227-153-4.plesk.page\/hr\/product\/bijela-led-svjetiljka-s-prekidacem-od-12-24-v-394-x-85-x-h30\/","title":{"rendered":"Bijela LED svjetiljka s prekida\u010dem od 12\/24 V (394 x 85 x H30)"},"content":{"rendered":"<p>Bijela LED svjetiljka s prekida\u010dem od 12\/24 V (394 x 85 x H30) &#8211; <\/p>\n<p>Mo\u0107na LED stropna svjetiljka od 12\/24V s prekida\u010dem u ABS ku\u0107i\u0161tu. Smanjena potro\u0161nja od 13W. Hladna bijela svjetlost na 6000 K\u00b0.<\/p>\n","protected":false},"excerpt":{"rendered":"<p>Bijela LED svjetiljka s prekida\u010dem od 12\/24 V (394 x 85 x H30) &#8211; Mo\u0107na LED stropna svjetiljka od 12\/24V<\/p>\n","protected":false},"featured_media":5943708,"comment_status":"closed","ping_status":"closed","template":"","meta":[],"product_brand":[3221],"product_cat":[1739],"product_tag":[],"class_list":{"0":"post-3690348","1":"product","2":"type-product","3":"status-publish","4":"has-post-thumbnail","6":"product_brand-oceanled-hr","7":"product_cat-rasvjeta","9":"first","10":"instock","11":"shipping-taxable","12":"purchasable","13":"product-type-simple"},"_links":{"self":[{"href":"https:\/\/stoic-curie.212-227-153-4.plesk.page\/hr\/wp-json\/wp\/v2\/product\/3690348","targetHints":{"allow":["GET"]}}],"collection":[{"href":"https:\/\/stoic-curie.212-227-153-4.plesk.page\/hr\/wp-json\/wp\/v2\/product"}],"about":[{"href":"https:\/\/stoic-curie.212-227-153-4.plesk.page\/hr\/wp-json\/wp\/v2\/types\/product"}],"replies":[{"embeddable":true,"href":"https:\/\/stoic-curie.212-227-153-4.plesk.page\/hr\/wp-json\/wp\/v2\/comments?post=3690348"}],"version-history":[{"count":0,"href":"https:\/\/stoic-curie.212-227-153-4.plesk.page\/hr\/wp-json\/wp\/v2\/product\/3690348\/revisions"}],"wp:featuredmedia":[{"embeddable":true,"href":"https:\/\/stoic-curie.212-227-153-4.plesk.page\/hr\/wp-json\/wp\/v2\/media\/5943708"}],"wp:attachment":[{"href":"https:\/\/stoic-curie.212-227-153-4.plesk.page\/hr\/wp-json\/wp\/v2\/media?parent=3690348"}],"wp:term":[{"taxonomy":"product_brand","embeddable":true,"href":"https:\/\/stoic-curie.212-227-153-4.plesk.page\/hr\/wp-json\/wp\/v2\/product_brand?post=3690348"},{"taxonomy":"product_cat","embeddable":true,"href":"https:\/\/stoic-curie.212-227-153-4.plesk.page\/hr\/wp-json\/wp\/v2\/product_cat?post=3690348"},{"taxonomy":"product_tag","embeddable":true,"href":"https:\/\/stoic-curie.212-227-153-4.plesk.page\/hr\/wp-json\/wp\/v2\/product_tag?post=3690348"}],"curies":[{"name":"wp","href":"https:\/\/api.w.org\/{rel}","templated":true}]}}