{"id":3690354,"date":"2025-10-13T13:42:32","date_gmt":"2025-10-13T17:42:32","guid":{"rendered":"https:\/\/stoic-curie.212-227-153-4.plesk.page\/product\/baza-od-nehrdajuceg-celika-pod-kutom-za-zastave-d25-mm\/"},"modified":"2026-02-25T00:01:00","modified_gmt":"2026-02-25T00:01:00","slug":"baza-od-nehrdajuceg-celika-pod-kutom-za-zastave-d25-mm","status":"publish","type":"product","link":"https:\/\/stoic-curie.212-227-153-4.plesk.page\/hr\/product\/baza-od-nehrdajuceg-celika-pod-kutom-za-zastave-d25-mm\/","title":{"rendered":"Baza od nehr\u0111aju\u0107eg \u010delika pod kutom za zastave D25 mm"},"content":{"rendered":"<p>Baza od nehr\u0111aju\u0107eg \u010delika pod kutom za zastave D25 mm &#8211; <\/p>\n<p>Klasi\u010dni jarbol od nehr\u0111aju\u0107eg \u010delika s 2 u\u0161ice za u\u017ee. Mo\u017ee se dovr\u0161iti standardnom ili ravnom uti\u010dnicom.<\/p>\n","protected":false},"excerpt":{"rendered":"<p>Baza od nehr\u0111aju\u0107eg \u010delika pod kutom za zastave D25 mm &#8211; Klasi\u010dni jarbol od nehr\u0111aju\u0107eg \u010delika s 2 u\u0161ice za<\/p>\n","protected":false},"featured_media":5943723,"comment_status":"closed","ping_status":"closed","template":"","meta":[],"product_brand":[3491],"product_cat":[1681],"product_tag":[],"class_list":{"0":"post-3690354","1":"product","2":"type-product","3":"status-publish","4":"has-post-thumbnail","6":"product_brand-trem-hr","7":"product_cat-zastavna-koplja","9":"first","10":"instock","11":"shipping-taxable","12":"purchasable","13":"product-type-simple"},"_links":{"self":[{"href":"https:\/\/stoic-curie.212-227-153-4.plesk.page\/hr\/wp-json\/wp\/v2\/product\/3690354","targetHints":{"allow":["GET"]}}],"collection":[{"href":"https:\/\/stoic-curie.212-227-153-4.plesk.page\/hr\/wp-json\/wp\/v2\/product"}],"about":[{"href":"https:\/\/stoic-curie.212-227-153-4.plesk.page\/hr\/wp-json\/wp\/v2\/types\/product"}],"replies":[{"embeddable":true,"href":"https:\/\/stoic-curie.212-227-153-4.plesk.page\/hr\/wp-json\/wp\/v2\/comments?post=3690354"}],"version-history":[{"count":0,"href":"https:\/\/stoic-curie.212-227-153-4.plesk.page\/hr\/wp-json\/wp\/v2\/product\/3690354\/revisions"}],"wp:featuredmedia":[{"embeddable":true,"href":"https:\/\/stoic-curie.212-227-153-4.plesk.page\/hr\/wp-json\/wp\/v2\/media\/5943723"}],"wp:attachment":[{"href":"https:\/\/stoic-curie.212-227-153-4.plesk.page\/hr\/wp-json\/wp\/v2\/media?parent=3690354"}],"wp:term":[{"taxonomy":"product_brand","embeddable":true,"href":"https:\/\/stoic-curie.212-227-153-4.plesk.page\/hr\/wp-json\/wp\/v2\/product_brand?post=3690354"},{"taxonomy":"product_cat","embeddable":true,"href":"https:\/\/stoic-curie.212-227-153-4.plesk.page\/hr\/wp-json\/wp\/v2\/product_cat?post=3690354"},{"taxonomy":"product_tag","embeddable":true,"href":"https:\/\/stoic-curie.212-227-153-4.plesk.page\/hr\/wp-json\/wp\/v2\/product_tag?post=3690354"}],"curies":[{"name":"wp","href":"https:\/\/api.w.org\/{rel}","templated":true}]}}